{"id":780,"date":"2024-05-22T09:04:28","date_gmt":"2024-05-22T09:04:28","guid":{"rendered":"https:\/\/moespot.pl\/?post_type=product&#038;p=780"},"modified":"2024-05-24T10:23:09","modified_gmt":"2024-05-24T10:23:09","slug":"mapei-ultracolor-plus-tile-grout","status":"publish","type":"product","link":"https:\/\/moespot.pl\/pl\/product\/mapei-ultracolor-plus-tile-grout\/","title":{"rendered":"Mapei Ultracolor Plus Tile Grout"},"content":{"rendered":"<p>Mapei Ultracolor Plus Tile Grout to wysokowydajna, przeciwwykwitowa, szybko wi\u0105\u017c\u0105ca i schn\u0105ca zaprawa do p\u0142ytek modyfikowana polimerami, z wodoodporn\u0105 technologi\u0105 DropEffect\u00ae i odporn\u0105 na ple\u015b\u0144 BioBlock\u00ae. Do spoinowania fug p\u0142ytek o szeroko\u015bci od 2 do 20 mm.<\/p>\n<p>Mapei Ultracolor Plus jest dost\u0119pny w workach 2kg i 5kg, w nast\u0119puj\u0105cych kolorach: Uwaga, tylko niekt\u00f3re kolory s\u0105 dost\u0119pne w workach 2kg.<\/p>\n<p>100 Bia\u0142y, 103 Ksi\u0119\u017cycowy Bia\u0142y, 110 Manhattan 2000, 111 Srebrny Szary, 112 \u015aredni Szary, 113 Cementowy Szary, 114 Antracyt, 119 London Szary, 120 Czarny, 123 Antyczna Biel, 125 Castle Grey, 127 Arctic Grey, 130 Jasmine, 131 Vanilla , 132 Be\u017cowy 2000, 133 Piaskowy, 134 Jedwabny, 135 Z\u0142oty Py\u0142, 136 B\u0142otny, 137 Karaibski, 138 Migda\u0142owy, 141 Karmelowy, 142 Br\u0105zowy, 143 Terakota, 144 Czekoladowy, 145 Terra di Siena, 149 Volcano Sand, 150 \u017b\u00f3\u0142ty,\u00a0<strong>152 Lukrecja*<\/strong>, 163 Jasny Liliowy, 167 Avio, 168 Cerulean, 169 Stalowy Niebieski, 172 Kosmiczny B\u0142\u0119kit, 174 Tornado, 176 Zielono-Szary, 177 Sza\u0142wia, 187 Len, 188 Biscuit, 189 Orkisz.<\/p>\n<p>(<strong>Kolory oznaczone * zosta\u0142y ju\u017c wycofane przez Mapei. Wybierz kolor z rozwijanego menu powy\u017cej, aby zobaczy\u0107 pozosta\u0142y stan magazynowy.<\/strong>)<\/p>\n<p>Wszystkie kolory fug Mapei Ultracolor Plus s\u0105 r\u00f3wnie\u017c dost\u0119pne w wersji z pasuj\u0105cym silikonem \u2013\u00a0Mapesil AC Silicone. W przypadku stosowania tej fugi do p\u0142ytek z kamienia naturalnego wra\u017cliwych na wilgo\u0107 zaleca si\u0119 stosowanie silikonu o niskim module spr\u0119\u017cysto\u015bci \u2013\u00a0Mapei Mapesil LM Silicone.<\/p>\n<p>Mapei Ultracolor Plus s\u0142u\u017cy do wewn\u0119trznego i zewn\u0119trznego spoinowania pod\u0142\u00f3g i \u015bcian ze wszystkich rodzaj\u00f3w ceramiki (podw\u00f3jnie wypalanej, jednokrotnie wypalanej, klinkieru, porcelany itp.), terakoty, materia\u0142\u00f3w kamiennych (kamie\u0144 naturalny, marmur, granit, aglomeraty itp.) .), oraz mozaika szklana i marmurowa.<\/p>\n<p>Mapei Ultracolor Plus nadaje si\u0119 do spoinowania \u015bcian i pod\u0142\u00f3g w obszarach o du\u017cym nat\u0119\u017ceniu ruchu, takich jak centra handlowe, lotniska, restauracje i inne przestrzenie publiczne. Nadaje si\u0119 r\u00f3wnie\u017c do zastosowa\u0144 mieszkaniowych we wszystkich obszarach, takich jak elewacje, balkony, tarasy i baseny.<\/p>\n<p>Zaprawa do p\u0142ytek Mapei Ultracolor Plus sk\u0142ada si\u0119 z mieszanki specjalnych spoiw hydraulicznych, sortowanych kruszyw, specjalnych polimer\u00f3w, domieszek hydrofobowych, cz\u0105steczek organicznych i pigment\u00f3w.<\/p>\n<p>W przypadku Mapei Ultracolor Plus technologia Ultracolor opiera si\u0119 na specjalnym, samonawil\u017caj\u0105cym si\u0119 spoiwie hydraulicznym, kt\u00f3re gwarantuje doskona\u0142\u0105 jednolito\u015b\u0107 koloru, dzi\u0119ki dw\u00f3m innowacyjnym technologiom b\u0119d\u0105cym wynikiem bada\u0144 MAPEI: BioBlock\u00ae i DropEffect\u00ae.<\/p>\n<p>Technologia BioBlock\u00ae polega na wykorzystaniu specjalnych cz\u0105steczek organicznych, kt\u00f3re r\u00f3wnomiernie rozprowadzaj\u0105c si\u0119 w mikrostrukturze staw\u00f3w, blokuj\u0105 powstawanie mikroorganizm\u00f3w powoduj\u0105cych uszkodzenia ple\u015bni. Technologia DropEffect\u00ae, dzia\u0142aj\u0105c synergicznie, ogranicza wch\u0142anianie wody powierzchniowej.<\/p>\n<p>Mapei Ultracolor Plus tworzy wodoodporne spoiny, kt\u00f3re charakteryzuj\u0105 si\u0119 doskona\u0142\u0105 jednolito\u015bci\u0105 koloru. Wszystkie kolory s\u0105 odporne na promienie UV i czynniki atmosferyczne.<\/p>\n<p>Mapei Ultracolor Plus tworzy g\u0142adk\u0105, zwart\u0105 wyko\u0144czon\u0105 powierzchni\u0119 o optymalnej odporno\u015bci na \u015bcieranie, \u015bciskanie i wytrzyma\u0142o\u015b\u0107 na zginanie oraz dobr\u0105 odporno\u015b\u0107 na kwasy o pH &gt; 3. Pod\u0142ogi s\u0105 gotowe do lekkiego ruchu pieszego po ok. 2 godz. 3 godziny. Powierzchnie spoinowane Mapei Ultracolor Plus mo\u017cna odda\u0107 do u\u017cytku po 24 godzinach. Niecki i baseny mo\u017cna nape\u0142nia\u0107 po 48 godzinach od fugowania.<\/p>\n<p><strong>Zasi\u0119g:<\/strong><\/p>\n<p>Zu\u017cycie zaprawy r\u00f3\u017cni si\u0119 w zale\u017cno\u015bci od wielko\u015bci spoin oraz rozmiaru i grubo\u015bci p\u0142ytek. Skorzystaj z poni\u017cszego kalkulatora zaprawy, aby dowiedzie\u0107 si\u0119, ile zaprawy b\u0119dziesz potrzebowa\u0107 do swojego projektu.<\/p>\n<form id=\"cp_calculatedfieldsf_pform_3\" class=\"cff-form cp_cff_pastel\" action=\"https:\/\/www.tilingsuppliesdirect.co.uk\/product\/mapei-ultracolor-plus-tile-grout\" autocomplete=\"on\" enctype=\"multipart\/form-data\" method=\"post\" name=\"cp_calculatedfieldsf_pform_3\" novalidate=\"novalidate\" data-nonce=\"ac602062a5\" data-evalequations=\"1\" data-evalequationsevent=\"1\" data-animate_form=\"0\" data-animation_effect=\"fade\" data-trp-original-action=\"https:\/\/www.tilingsuppliesdirect.co.uk\/product\/mapei-ultracolor-plus-tile-grout\">\n<div class=\"clearer\"><\/div>\n<input type=\"hidden\" name=\"trp-form-language\" value=\"pl\"\/><\/form>\n<p><strong>Zalecenia:<\/strong><\/p>\n<ul>\n<li>Mapei Ultracolor Plus nie zawiera cementu portlandzkiego i nie nale\u017cy go miesza\u0107 z gipsem ani innymi spoiwami hydraulicznymi; nigdy nie dodawaj wody do mieszanki, kt\u00f3ra zacz\u0119\u0142a wi\u0105za\u0107.<\/li>\n<li>Nigdy nie mieszaj Mapei Ultracolor Plus ze s\u0142on\u0105 lub brudn\u0105 wod\u0105.<\/li>\n<li>Produkt stosowa\u0107 w temperaturze od +5\u00b0C do +35\u00b0C.<\/li>\n<li>Spoinowanie przeprowadza\u0107 wy\u0142\u0105cznie na pod\u0142o\u017cach, kt\u00f3re s\u0105 wystarczaj\u0105co suche lub zosta\u0142y uszczelnione, aby unikn\u0105\u0107 tworzenia si\u0119 bia\u0142awego filmu na powierzchni.<\/li>\n<li>Aby unikn\u0105\u0107 nier\u00f3wnego wyko\u0144czenia koloru, nie zalecamy posypywania proszku Mapei Ultracolor Plus wype\u0142nionymi spoinami.<\/li>\n<li>\u00a0W przypadku odporno\u015bci na kwasy lub gdy wymagana jest wyj\u0105tkowa czysto\u015b\u0107 lub sterylne warunki, nale\u017cy zastosowa\u0107 odpowiedni\u0105 kwasoodporn\u0105 zapraw\u0119 epoksydow\u0105.<\/li>\n<li>W \u017cadnym wypadku nie wolno wype\u0142nia\u0107 dylatacji i dylatacji na \u015bcianach i pod\u0142ogach Mapei Ultracolor Plus. U\u017cyj odpowiedniego elastycznego uszczelniacza z oferty MAPEI.<\/li>\n<li>Powierzchnia niekt\u00f3rych p\u0142ytek lub materia\u0142\u00f3w kamiennych mo\u017ce mie\u0107 mikroporowato\u015b\u0107 lub szorstk\u0105 powierzchni\u0119. Zalecamy przeprowadzenie wst\u0119pnego testu, aby sprawdzi\u0107, jak \u0142atwo jest oczy\u015bci\u0107 powierzchni\u0119, w razie potrzeby zastosowa\u0107 warstw\u0119 ochronn\u0105, aby upewni\u0107 si\u0119, \u017ce fuga nie wniknie w porowato\u015b\u0107 powierzchni p\u0142ytek.<\/li>\n<li>Je\u015bli do czyszczenia spoiny u\u017cywany jest \u015brodek czyszcz\u0105cy na bazie kwasu, zalecamy wcze\u015bniejsze przetestowanie produktu w celu sprawdzenia odporno\u015bci koloru. Zawsze upewnij si\u0119, \u017ce stawy zosta\u0142y dok\u0142adnie sp\u0142ukane, aby unikn\u0105\u0107 pozostawienia \u015blad\u00f3w kwasu w stawach.<\/li>\n<\/ul>\n<p><strong><br \/>\nProcedura aplikacji:<\/strong><\/p>\n<ul>\n<li><strong>Przygotowanie po\u0142\u0105cze\u0144:<\/strong>\u00a0Spoinowanie mo\u017cna rozpocz\u0105\u0107 po ca\u0142kowitym zwi\u0105zaniu kleju. Nale\u017cy przestrzega\u0107 czas\u00f3w oczekiwania wskazanych w kartach technicznych. Spoiny musz\u0105 by\u0107 czyste, wolne od kurzu i puste do co najmniej 2\/3 grubo\u015bci p\u0142ytek. Klej lub zaprawa, kt\u00f3ra przedosta\u0142a si\u0119 do spoin podczas uk\u0142adania p\u0142ytek, nale\u017cy usun\u0105\u0107 na \u015bwie\u017co. W przypadku bardzo ch\u0142onnych p\u0142ytek, wysokich temperatur lub wietrznych warunk\u00f3w nale\u017cy zwil\u017cy\u0107 spoiny czyst\u0105 wod\u0105.<\/li>\n<li><strong>Przygotowanie mieszanki:\u00a0<\/strong>Mieszaj\u0105c, wsyp proszek Mapei Ultracolor Plus Grout do czystego, wolnego od rdzy pojemnika zawieraj\u0105cego 21-23% wagowych czystej wody. Zapraw\u0119 mieszamy wolnoobrotowym mieszad\u0142em, unikaj\u0105c przedostawania si\u0119 powietrza, a\u017c do uzyskania g\u0142adkiej pasty. Mieszank\u0119 odstawi\u0107 na 2-3 minuty i ponownie kr\u00f3tko wymiesza\u0107 przed u\u017cyciem. Zu\u017cy\u0107 mieszank\u0119 w ci\u0105gu 20-25 minut od jej przygotowania.<\/li>\n<li><strong>Nak\u0142adanie fugi:\u00a0<\/strong>Wype\u0142nij spoiny mieszank\u0105 Mapei Ultracolor Plus za pomoc\u0105 specjalnej pacy do fug MAPEI lub gumowej rakli, nie pozostawiaj\u0105c \u017cadnych szczelin ani stopni. Usu\u0144 nadmiar Mapei Ultracolor Plus z powierzchni, przesuwaj\u0105c pac\u0119 po przek\u0105tnej w stron\u0119 spoin, gdy mieszanka jest jeszcze \u015bwie\u017ca.<\/li>\n<li><strong>Wyko\u0144czeniowy:<\/strong>\u00a0Gdy masa straci swoj\u0105 plastyczno\u015b\u0107 i stanie si\u0119 matowa, co zwykle nast\u0119puje po 15-30 minutach, nadmiar Ultracolor Plus zmy\u0107 tward\u0105, wilgotn\u0105 g\u0105bk\u0105 (np. MAPEI), pracuj\u0105c w kierunku uko\u015bnym do fug. Cz\u0119sto p\u0142ucz g\u0105bk\u0119, u\u017cywaj\u0105c dw\u00f3ch r\u00f3\u017cnych pojemnik\u00f3w z wod\u0105: jednego do usuni\u0119cia nadmiaru mieszanki z g\u0105bki i drugiego zawieraj\u0105cego czyst\u0105 wod\u0119 do przep\u0142ukania g\u0105bki. Czynno\u015b\u0107 t\u0119 mo\u017cna wykona\u0107 tak\u017ce maszyn\u0105 z pasem g\u0105bkowym lub tarcz\u0105 obrotow\u0105. Gdy masa cz\u0119\u015bciowo stwardnieje, po 50-60 minutach mo\u017cna przesun\u0105\u0107 spoiny wilgotn\u0105 g\u0105bk\u0105 Scotch-Brite\u00ae lub kr\u0105\u017ckiem filcowym w celu wyr\u00f3wnania powierzchni.<br \/>\nJe\u017celi czyszczenie zostanie przeprowadzone zbyt wcze\u015bnie (masa jest jeszcze zbyt mokra), cz\u0119\u015b\u0107 mieszanki mo\u017ce zosta\u0107 usuni\u0119ta ze spoin. Je\u015bli fugowanie odbywa si\u0119 w bardzo upaln\u0105, such\u0105 lub wietrzn\u0105 pogod\u0119, zalecamy<br \/>\nzalecamy zwil\u017cenie spoin wype\u0142nionych Mapei Ultracolor Plus po kilku godzinach.<br \/>\nUtwardzanie na wilgotno Mapei Ultracolor Plus we wszystkich przypadkach poprawia jego w\u0142a\u015bciwo\u015bci ko\u0144cowe.<br \/>\nKo\u0144cowe czyszczenie proszkowej pow\u0142oki Mapei Ultracolor Plus z powierzchni mo\u017cna przeprowadzi\u0107 czyst\u0105, such\u0105 szmatk\u0105.<br \/>\nJe\u015bli po ostatnim czyszczeniu na powierzchni nadal znajduj\u0105 si\u0119 \u015blady Mapei Ultracolor Plus spowodowane nieprawid\u0142ow\u0105 aplikacj\u0105, mo\u017cna j\u0105 oczy\u015bci\u0107 kwa\u015bnym \u015brodkiem czyszcz\u0105cym (np. Keranet), post\u0119puj\u0105c zgodnie z odpowiednimi instrukcjami, co najmniej 24 godziny po spoinowaniu spoin. Stosuj Keranet wy\u0142\u0105cznie na powierzchniach odpornych na kwasy i nigdy nie u\u017cywaj go na marmurze lub wapieniu.<\/li>\n<\/ul>\n<p><strong>Dane techniczne:<\/strong><br \/>\nProporcje mieszania: 100 cz\u0119\u015bci proszku na 21-23 cz\u0119\u015bci wody, w zale\u017cno\u015bci od koloru<br \/>\nKonsystencja mieszanki: p\u0142ynna pasta<br \/>\nG\u0119sto\u015b\u0107 mieszanki (kg\/m3): 1980<br \/>\npH mieszanki: ok. 11<br \/>\n\u017bywotno\u015b\u0107 mieszanki: 20-25 minut<br \/>\nZakres temperatury stosowania: od +5\u00b0C do +35\u00b0C<br \/>\nFugowanie po monta\u017cu:<br \/>\n\u2013 na \u015bcianach klejonych zwyk\u0142ym klejem: 4-8 godzin<br \/>\n\u2013 na \u015bcianach klejonych klejem szybkowi\u0105\u017c\u0105cym: 1-2 godziny<br \/>\n\u2013 na \u015bcianach z zapraw\u0105: 2-3 dni<br \/>\n\u2013 na pod\u0142ogach klejonych zwyk\u0142ym klejem: 24 godziny<br \/>\n\u2013 na pod\u0142ogach klejonych klejem szybkowi\u0105\u017c\u0105cym: 3-4 godziny<br \/>\n\u2013 na pod\u0142ogach z zapraw\u0105: 7-10 dni<br \/>\nCzas oczekiwania na wyko\u0144czenie: 15-30 minut<br \/>\nUstawienie na ma\u0142y ruch pieszy: ok. 3 godziny<br \/>\nGotowo\u015b\u0107 do u\u017cycia: 24 godziny (48 godzin dla basen\u00f3w i basen\u00f3w)<\/p>\n<p><code><a href=\"https:\/\/moespot.pl\/wp-content\/uploads\/2024\/05\/Mapei-Ultracolor-Plus-Tile-Grout-Datasheet.pdf\" target=\"_blank\" rel=\"noopener noreferrer\">Kart\u0119 produktu<\/a><\/code><\/p>","protected":false},"excerpt":{"rendered":"<table>\n<tbody>\n<tr>\n<th colspan=\"3\">Rabaty ilo\u015bciowe (dodaj do koszyka, aby zobaczy\u0107 rabat)<\/th>\n<\/tr>\n<tr>\n<td>Ilo\u015b\u0107<\/td>\n<td>10+<\/td>\n<td>15+<\/td>\n<\/tr>\n<tr>\n<td>Rabat cenowy za worki.<\/td>\n<td>2.5%<\/td>\n<td>5%<\/td>\n<\/tr>\n<\/tbody>\n<\/table>","protected":false},"featured_media":853,"comment_status":"open","ping_status":"closed","template":"","meta":[],"product_cat":[55,51],"product_tag":[],"class_list":{"0":"post-780","1":"product","2":"type-product","3":"status-publish","4":"has-post-thumbnail","6":"product_cat-mapei-tile-grout","7":"product_cat-tile-grout","9":"first","10":"instock","11":"shipping-taxable","12":"purchasable","13":"product-type-variable"},"yoast_head":"<!-- This site is optimized with the Yoast SEO plugin v23.3 - https:\/\/yoast.com\/wordpress\/plugins\/seo\/ -->\n<title>Mapei Ultracolor Plus Tile Grout - Moespot-Handlowy: Tile Adhesives for All Your Needs<\/title>\n<meta name=\"robots\" content=\"index, follow, max-snippet:-1, max-image-preview:large, max-video-preview:-1\" \/>\n<link rel=\"canonical\" href=\"https:\/\/moespot.pl\/pl\/produkt\/mapei-ultracolor-plus-tile-grout\/\" \/>\n<meta property=\"og:locale\" content=\"pl_PL\" \/>\n<meta property=\"og:type\" content=\"article\" \/>\n<meta property=\"og:title\" content=\"Mapei Ultracolor Plus Tile Grout - Moespot-Handlowy: Tile Adhesives for All Your Needs\" \/>\n<meta property=\"og:description\" content=\"Quantity Discounts (add to cart to see discount)   Quantity 10+ 15+   Price Discount per bag 2.5% 5%\" \/>\n<meta property=\"og:url\" content=\"https:\/\/moespot.pl\/pl\/produkt\/mapei-ultracolor-plus-tile-grout\/\" \/>\n<meta property=\"og:site_name\" content=\"Moespot-Handlowy: Tile Adhesives for All Your Needs\" \/>\n<meta property=\"article:modified_time\" content=\"2024-05-24T10:23:09+00:00\" \/>\n<meta property=\"og:image\" content=\"https:\/\/moespot.pl\/wp-content\/uploads\/2024\/05\/mapei-ultracolor-plus-tile-grout.jpg\" \/>\n\t<meta property=\"og:image:width\" content=\"1000\" \/>\n\t<meta property=\"og:image:height\" content=\"1000\" \/>\n\t<meta property=\"og:image:type\" content=\"image\/jpeg\" \/>\n<meta name=\"twitter:card\" content=\"summary_large_image\" \/>\n<meta name=\"twitter:label1\" content=\"Szacowany czas czytania\" \/>\n\t<meta name=\"twitter:data1\" content=\"7 minut\" \/>\n<script type=\"application\/ld+json\" class=\"yoast-schema-graph\">{\"@context\":\"https:\/\/schema.org\",\"@graph\":[{\"@type\":\"WebPage\",\"@id\":\"https:\/\/moespot.pl\/product\/mapei-ultracolor-plus-tile-grout\/\",\"url\":\"https:\/\/moespot.pl\/product\/mapei-ultracolor-plus-tile-grout\/\",\"name\":\"Mapei Ultracolor Plus Tile Grout - Moespot-Handlowy: Tile Adhesives for All Your Needs\",\"isPartOf\":{\"@id\":\"https:\/\/moespot.pl\/#website\"},\"primaryImageOfPage\":{\"@id\":\"https:\/\/moespot.pl\/product\/mapei-ultracolor-plus-tile-grout\/#primaryimage\"},\"image\":{\"@id\":\"https:\/\/moespot.pl\/product\/mapei-ultracolor-plus-tile-grout\/#primaryimage\"},\"thumbnailUrl\":\"https:\/\/moespot.pl\/wp-content\/uploads\/2024\/05\/mapei-ultracolor-plus-tile-grout.jpg\",\"datePublished\":\"2024-05-22T09:04:28+00:00\",\"dateModified\":\"2024-05-24T10:23:09+00:00\",\"breadcrumb\":{\"@id\":\"https:\/\/moespot.pl\/product\/mapei-ultracolor-plus-tile-grout\/#breadcrumb\"},\"inLanguage\":\"pl-PL\",\"potentialAction\":[{\"@type\":\"ReadAction\",\"target\":[\"https:\/\/moespot.pl\/product\/mapei-ultracolor-plus-tile-grout\/\"]}]},{\"@type\":\"ImageObject\",\"inLanguage\":\"pl-PL\",\"@id\":\"https:\/\/moespot.pl\/product\/mapei-ultracolor-plus-tile-grout\/#primaryimage\",\"url\":\"https:\/\/moespot.pl\/wp-content\/uploads\/2024\/05\/mapei-ultracolor-plus-tile-grout.jpg\",\"contentUrl\":\"https:\/\/moespot.pl\/wp-content\/uploads\/2024\/05\/mapei-ultracolor-plus-tile-grout.jpg\",\"width\":1000,\"height\":1000},{\"@type\":\"BreadcrumbList\",\"@id\":\"https:\/\/moespot.pl\/product\/mapei-ultracolor-plus-tile-grout\/#breadcrumb\",\"itemListElement\":[{\"@type\":\"ListItem\",\"position\":1,\"name\":\"Home\",\"item\":\"https:\/\/moespot.pl\/\"},{\"@type\":\"ListItem\",\"position\":2,\"name\":\"Shop\",\"item\":\"https:\/\/moespot.pl\/shop\/\"},{\"@type\":\"ListItem\",\"position\":3,\"name\":\"Mapei Ultracolor Plus Tile Grout\"}]},{\"@type\":\"WebSite\",\"@id\":\"https:\/\/moespot.pl\/#website\",\"url\":\"https:\/\/moespot.pl\/\",\"name\":\"Moespot-Handlowy: Tile Adhesives for All Your Needs\",\"description\":\"\",\"potentialAction\":[{\"@type\":\"SearchAction\",\"target\":{\"@type\":\"EntryPoint\",\"urlTemplate\":\"https:\/\/moespot.pl\/?s={search_term_string}\"},\"query-input\":\"required name=search_term_string\"}],\"inLanguage\":\"pl-PL\"}]}<\/script>\n<!-- \/ Yoast SEO plugin. -->","yoast_head_json":{"title":"Mapei Ultracolor Plus Tile Grout - Moespot-Handlowy: Tile Adhesives for All Your Needs","robots":{"index":"index","follow":"follow","max-snippet":"max-snippet:-1","max-image-preview":"max-image-preview:large","max-video-preview":"max-video-preview:-1"},"canonical":"https:\/\/moespot.pl\/pl\/produkt\/mapei-ultracolor-plus-tile-grout\/","og_locale":"pl_PL","og_type":"article","og_title":"Mapei Ultracolor Plus Tile Grout - Moespot-Handlowy: Tile Adhesives for All Your Needs","og_description":"Quantity Discounts (add to cart to see discount)   Quantity 10+ 15+   Price Discount per bag 2.5% 5%","og_url":"https:\/\/moespot.pl\/pl\/produkt\/mapei-ultracolor-plus-tile-grout\/","og_site_name":"Moespot-Handlowy: Tile Adhesives for All Your Needs","article_modified_time":"2024-05-24T10:23:09+00:00","og_image":[{"width":1000,"height":1000,"url":"https:\/\/moespot.pl\/wp-content\/uploads\/2024\/05\/mapei-ultracolor-plus-tile-grout.jpg","type":"image\/jpeg"}],"twitter_card":"summary_large_image","twitter_misc":{"Szacowany czas czytania":"7 minut"},"schema":{"@context":"https:\/\/schema.org","@graph":[{"@type":"WebPage","@id":"https:\/\/moespot.pl\/product\/mapei-ultracolor-plus-tile-grout\/","url":"https:\/\/moespot.pl\/product\/mapei-ultracolor-plus-tile-grout\/","name":"Mapei Ultracolor Plus Tile Grout - Moespot-Handlowy: Tile Adhesives for All Your Needs","isPartOf":{"@id":"https:\/\/moespot.pl\/#website"},"primaryImageOfPage":{"@id":"https:\/\/moespot.pl\/product\/mapei-ultracolor-plus-tile-grout\/#primaryimage"},"image":{"@id":"https:\/\/moespot.pl\/product\/mapei-ultracolor-plus-tile-grout\/#primaryimage"},"thumbnailUrl":"https:\/\/moespot.pl\/wp-content\/uploads\/2024\/05\/mapei-ultracolor-plus-tile-grout.jpg","datePublished":"2024-05-22T09:04:28+00:00","dateModified":"2024-05-24T10:23:09+00:00","breadcrumb":{"@id":"https:\/\/moespot.pl\/product\/mapei-ultracolor-plus-tile-grout\/#breadcrumb"},"inLanguage":"pl-PL","potentialAction":[{"@type":"ReadAction","target":["https:\/\/moespot.pl\/product\/mapei-ultracolor-plus-tile-grout\/"]}]},{"@type":"ImageObject","inLanguage":"pl-PL","@id":"https:\/\/moespot.pl\/product\/mapei-ultracolor-plus-tile-grout\/#primaryimage","url":"https:\/\/moespot.pl\/wp-content\/uploads\/2024\/05\/mapei-ultracolor-plus-tile-grout.jpg","contentUrl":"https:\/\/moespot.pl\/wp-content\/uploads\/2024\/05\/mapei-ultracolor-plus-tile-grout.jpg","width":1000,"height":1000},{"@type":"BreadcrumbList","@id":"https:\/\/moespot.pl\/product\/mapei-ultracolor-plus-tile-grout\/#breadcrumb","itemListElement":[{"@type":"ListItem","position":1,"name":"Home","item":"https:\/\/moespot.pl\/"},{"@type":"ListItem","position":2,"name":"Shop","item":"https:\/\/moespot.pl\/shop\/"},{"@type":"ListItem","position":3,"name":"Mapei Ultracolor Plus Tile Grout"}]},{"@type":"WebSite","@id":"https:\/\/moespot.pl\/#website","url":"https:\/\/moespot.pl\/","name":"Moespot-Handlowy: Tile Adhesives for All Your Needs","description":"","potentialAction":[{"@type":"SearchAction","target":{"@type":"EntryPoint","urlTemplate":"https:\/\/moespot.pl\/?s={search_term_string}"},"query-input":"required name=search_term_string"}],"inLanguage":"pl-PL"}]}},"_links":{"self":[{"href":"https:\/\/moespot.pl\/pl\/wp-json\/wp\/v2\/product\/780","targetHints":{"allow":["GET"]}}],"collection":[{"href":"https:\/\/moespot.pl\/pl\/wp-json\/wp\/v2\/product"}],"about":[{"href":"https:\/\/moespot.pl\/pl\/wp-json\/wp\/v2\/types\/product"}],"replies":[{"embeddable":true,"href":"https:\/\/moespot.pl\/pl\/wp-json\/wp\/v2\/comments?post=780"}],"wp:featuredmedia":[{"embeddable":true,"href":"https:\/\/moespot.pl\/pl\/wp-json\/wp\/v2\/media\/853"}],"wp:attachment":[{"href":"https:\/\/moespot.pl\/pl\/wp-json\/wp\/v2\/media?parent=780"}],"wp:term":[{"taxonomy":"product_cat","embeddable":true,"href":"https:\/\/moespot.pl\/pl\/wp-json\/wp\/v2\/product_cat?post=780"},{"taxonomy":"product_tag","embeddable":true,"href":"https:\/\/moespot.pl\/pl\/wp-json\/wp\/v2\/product_tag?post=780"}],"curies":[{"name":"wp","href":"https:\/\/api.w.org\/{rel}","templated":true}]}}