{"id":520,"date":"2024-05-22T05:05:31","date_gmt":"2024-05-22T05:05:31","guid":{"rendered":"https:\/\/moespot.pl\/?post_type=product&#038;p=520"},"modified":"2024-05-24T11:08:54","modified_gmt":"2024-05-24T11:08:54","slug":"mapei-eco-prim-t-plus-primer","status":"publish","type":"product","link":"https:\/\/moespot.pl\/pl\/product\/mapei-eco-prim-t-plus-primer\/","title":{"rendered":"Mapei Eco Prim T Plus Primer"},"content":{"rendered":"<p>Mapei Eco Prim T Plus Primer to uniwersalny podk\u0142ad do wn\u0119trz, poprawiaj\u0105cy przyczepno\u015b\u0107 mas poziomuj\u0105cych na wszystkich ch\u0142onnych i niech\u0142onnych powierzchniach. Jest to bezrozpuszczalnikowy, \u0142atwy w aplikacji podk\u0142ad na bazie \u017cywic akrylowych w dyspersji wodnej. Charakteryzuje si\u0119 doskona\u0142\u0105 przyczepno\u015bci\u0105, elastyczno\u015bci\u0105, odporno\u015bci\u0105 na wod\u0119 i starzenie. Jest gotowy do u\u017cycia i \u0142atwy w aplikacji p\u0119dzlem lub wa\u0142kiem.<\/p>\n<p>Mapei Eco Prim T Plus Primer nadaje si\u0119 do przygotowania bardzo zwartych i g\u0142adkich tynk\u00f3w cementowych i posadzek betonowych przed na\u0142o\u017ceniem mas poziomuj\u0105cych. Nadaje si\u0119 r\u00f3wnie\u017c do przygotowania powierzchni ze \u015bladami kleju lub starych istniej\u0105cych mas szpachlowych oraz gipsu, anhydrytu, drewna, p\u0142yty wi\u00f3rowej ze sklejki morskiej, pod\u0142o\u017cy ceramicznych lub kamienia naturalnego przed wyg\u0142adzeniem lub na\u0142o\u017ceniem klej\u00f3w cementowych.<\/p>\n<p>Mapei Eco Prim T Plus mo\u017cna r\u00f3wnie\u017c stosowa\u0107 jako \u015brodek wi\u0105\u017c\u0105cy dla cementowych mas wyg\u0142adzaj\u0105cych na pod\u0142o\u017cach skonsolidowanych lub wodoodpornych za pomoc\u0105 Mapeproof ESM, Mapeproof One Coat lub Mapeproof 1K Turbo.<\/p>\n<p>Mapei Eco Prim T Plus nale\u017cy nak\u0142ada\u0107 wy\u0142\u0105cznie na pod\u0142ogi wewn\u0119trzne. W przypadku stosowania na drewno nale\u017cy upewni\u0107 si\u0119, \u017ce jest ono odporne na wilgo\u0107. Nie nak\u0142ada\u0107 na pod\u0142o\u017ca nara\u017cone na dzia\u0142anie wilgoci od pod\u0142o\u017ca.<\/p>\n<p><strong>Aplikacja:<\/strong><br \/>\nMapei Eco Prim T Plus mo\u017cna nak\u0142ada\u0107 p\u0119dzlem lub wa\u0142kiem. Przy nak\u0142adaniu na powierzchnie cementowe lub anhydrytowe zwykle rozcie\u0144cza si\u0119 go wod\u0105 w stosunku 1 do 2. Stosuje si\u0119 go w postaci nierozcie\u0144czonej na istniej\u0105ce p\u0142ytki ceramiczne, kamie\u0144 naturalny, drewno i pozosta\u0142o\u015bci kleju (o ile s\u0105 wodoodporne).<\/p>\n<p>Po ca\u0142kowitym wyschni\u0119ciu kleju mo\u017cna na\u0142o\u017cy\u0107 mas\u0119 wyg\u0142adzaj\u0105c\u0105 lub zapraw\u0119. Czas schni\u0119cia zale\u017cy od ch\u0142onno\u015bci pod\u0142o\u017ca i warunk\u00f3w otoczenia (temperatura i wilgotno\u015b\u0107) i wynosi oko\u0142o 2 do 5 godzin. Zaleca si\u0119 jednak, aby nie czeka\u0107 d\u0142u\u017cej ni\u017c 24 godziny.<\/p>\n<p>Je\u015bli produkt jest stosowany jako \u015brodek wi\u0105\u017c\u0105cy do cementowych mas wyg\u0142adzaj\u0105cych na pod\u0142o\u017cach pokrytych membran\u0105 epoksydow\u0105 lub poliuretanow\u0105, tak\u0105 jak Mapeproof ESM, Mapeproof One Coat lub Mapeproof 1K Turbo, Mapei Eco Prim T Plus nale\u017cy na\u0142o\u017cy\u0107 bezpo\u015brednio po co najmniej 24 godzinach i nie p\u00f3\u017aniej ni\u017c 7 dni po na\u0142o\u017ceniu jednej z powy\u017cszych membran.<\/p>\n<p><strong>Zasi\u0119g:<\/strong><br \/>\nZu\u017cycie waha si\u0119 od 0,10 do 0,20 kg\/m\u00b2, w zale\u017cno\u015bci od porowato\u015bci pod\u0142o\u017ca i sposobu jego aplikacji.<\/p>\n<p><strong>Dane techniczne:<\/strong><br \/>\nKonsystencja: p\u0142ynna ciecz<br \/>\nKolor: bia\u0142y<br \/>\nG\u0119sto\u015b\u0107 (g\/cm3): 1,03<br \/>\npH: 7.5<br \/>\nZawarto\u015b\u0107 suchej masy (%): 43<br \/>\nLepko\u015b\u0107 Brookfielda (mPa\u00b7s): 1200 (# 2 \u2013 20 obr.\/min)<br \/>\nEMICODE: EC1 \u2013 bardzo niska emisja<br \/>\nZakres temperatury stosowania: od +5\u00b0C do +35\u00b0C<br \/>\nCzas schni\u0119cia: \u2013 beton-drewno: 15-20 min. \u2013 ceramika: 30-40 min.<br \/>\nCzas oczekiwania przed na\u0142o\u017ceniem kleju lub masy szpachlowej na: \u2013 beton-drewno: 2-3 godz. \u2013 ceramika: 4-5 godz.<\/p>\n<p>&nbsp;<\/p>\n<p><code><a href=\"https:\/\/moespot.pl\/wp-content\/uploads\/2024\/05\/Mapei-Eco-Prim-T-Datasheet.pdf\" target=\"_blank\" rel=\"noopener noreferrer\">Kart\u0119 produktu<\/a><\/code><\/p>","protected":false},"excerpt":{"rendered":"<p>Mapei Eco Prim T Plus Primer is an all-purpose primer for interiors to improve adhesion of levelling compounds on all absorbent and nonabsorbent surfaces. It is a solvent-free, easily applied acrylic resins-based primer in water dispersion. It has excellent bonding, flexibility, water and ageing resistant characteristics. It is ready to use and easily applied by [&hellip;]<\/p>","protected":false},"featured_media":543,"comment_status":"open","ping_status":"closed","template":"","meta":[],"product_cat":[49,39],"product_tag":[],"class_list":{"0":"post-520","1":"product","2":"type-product","3":"status-publish","4":"has-post-thumbnail","6":"product_cat-mapei-primers-additives","7":"product_cat-primers-additives","9":"first","10":"instock","11":"shipping-taxable","12":"purchasable","13":"product-type-variable"},"yoast_head":"<!-- This site is optimized with the Yoast SEO plugin v23.3 - https:\/\/yoast.com\/wordpress\/plugins\/seo\/ -->\n<title>Mapei Eco Prim T Plus Primer - Moespot-Handlowy: Tile Adhesives for All Your Needs<\/title>\n<meta name=\"robots\" content=\"index, follow, max-snippet:-1, max-image-preview:large, max-video-preview:-1\" \/>\n<link rel=\"canonical\" href=\"https:\/\/moespot.pl\/pl\/produkt\/mapei-eco-prim-t-plus-primer\/\" \/>\n<meta property=\"og:locale\" content=\"pl_PL\" \/>\n<meta property=\"og:type\" content=\"article\" \/>\n<meta property=\"og:title\" content=\"Mapei Eco Prim T Plus Primer - Moespot-Handlowy: Tile Adhesives for All Your Needs\" \/>\n<meta property=\"og:description\" content=\"Mapei Eco Prim T Plus Primer is an all-purpose primer for interiors to improve adhesion of levelling compounds on all absorbent and nonabsorbent surfaces. It is a solvent-free, easily applied acrylic resins-based primer in water dispersion. It has excellent bonding, flexibility, water and ageing resistant characteristics. It is ready to use and easily applied by [&hellip;]\" \/>\n<meta property=\"og:url\" content=\"https:\/\/moespot.pl\/pl\/produkt\/mapei-eco-prim-t-plus-primer\/\" \/>\n<meta property=\"og:site_name\" content=\"Moespot-Handlowy: Tile Adhesives for All Your Needs\" \/>\n<meta property=\"article:modified_time\" content=\"2024-05-24T11:08:54+00:00\" \/>\n<meta property=\"og:image\" content=\"https:\/\/moespot.pl\/wp-content\/uploads\/2024\/05\/mapei-eco-prim-t-plus.jpg\" \/>\n\t<meta property=\"og:image:width\" content=\"1000\" \/>\n\t<meta property=\"og:image:height\" content=\"1000\" \/>\n\t<meta property=\"og:image:type\" content=\"image\/jpeg\" \/>\n<meta name=\"twitter:card\" content=\"summary_large_image\" \/>\n<meta name=\"twitter:label1\" content=\"Szacowany czas czytania\" \/>\n\t<meta name=\"twitter:data1\" content=\"3 minuty\" \/>\n<script type=\"application\/ld+json\" class=\"yoast-schema-graph\">{\"@context\":\"https:\/\/schema.org\",\"@graph\":[{\"@type\":\"WebPage\",\"@id\":\"https:\/\/moespot.pl\/product\/mapei-eco-prim-t-plus-primer\/\",\"url\":\"https:\/\/moespot.pl\/product\/mapei-eco-prim-t-plus-primer\/\",\"name\":\"Mapei Eco Prim T Plus Primer - Moespot-Handlowy: Tile Adhesives for All Your Needs\",\"isPartOf\":{\"@id\":\"https:\/\/moespot.pl\/#website\"},\"primaryImageOfPage\":{\"@id\":\"https:\/\/moespot.pl\/product\/mapei-eco-prim-t-plus-primer\/#primaryimage\"},\"image\":{\"@id\":\"https:\/\/moespot.pl\/product\/mapei-eco-prim-t-plus-primer\/#primaryimage\"},\"thumbnailUrl\":\"https:\/\/moespot.pl\/wp-content\/uploads\/2024\/05\/mapei-eco-prim-t-plus.jpg\",\"datePublished\":\"2024-05-22T05:05:31+00:00\",\"dateModified\":\"2024-05-24T11:08:54+00:00\",\"breadcrumb\":{\"@id\":\"https:\/\/moespot.pl\/product\/mapei-eco-prim-t-plus-primer\/#breadcrumb\"},\"inLanguage\":\"pl-PL\",\"potentialAction\":[{\"@type\":\"ReadAction\",\"target\":[\"https:\/\/moespot.pl\/product\/mapei-eco-prim-t-plus-primer\/\"]}]},{\"@type\":\"ImageObject\",\"inLanguage\":\"pl-PL\",\"@id\":\"https:\/\/moespot.pl\/product\/mapei-eco-prim-t-plus-primer\/#primaryimage\",\"url\":\"https:\/\/moespot.pl\/wp-content\/uploads\/2024\/05\/mapei-eco-prim-t-plus.jpg\",\"contentUrl\":\"https:\/\/moespot.pl\/wp-content\/uploads\/2024\/05\/mapei-eco-prim-t-plus.jpg\",\"width\":1000,\"height\":1000},{\"@type\":\"BreadcrumbList\",\"@id\":\"https:\/\/moespot.pl\/product\/mapei-eco-prim-t-plus-primer\/#breadcrumb\",\"itemListElement\":[{\"@type\":\"ListItem\",\"position\":1,\"name\":\"Home\",\"item\":\"https:\/\/moespot.pl\/\"},{\"@type\":\"ListItem\",\"position\":2,\"name\":\"Shop\",\"item\":\"https:\/\/moespot.pl\/shop\/\"},{\"@type\":\"ListItem\",\"position\":3,\"name\":\"Mapei Eco Prim T Plus Primer\"}]},{\"@type\":\"WebSite\",\"@id\":\"https:\/\/moespot.pl\/#website\",\"url\":\"https:\/\/moespot.pl\/\",\"name\":\"Moespot-Handlowy: Tile Adhesives for All Your Needs\",\"description\":\"\",\"potentialAction\":[{\"@type\":\"SearchAction\",\"target\":{\"@type\":\"EntryPoint\",\"urlTemplate\":\"https:\/\/moespot.pl\/?s={search_term_string}\"},\"query-input\":\"required name=search_term_string\"}],\"inLanguage\":\"pl-PL\"}]}<\/script>\n<!-- \/ Yoast SEO plugin. -->","yoast_head_json":{"title":"Mapei Eco Prim T Plus Primer - Moespot-Handlowy: Tile Adhesives for All Your Needs","robots":{"index":"index","follow":"follow","max-snippet":"max-snippet:-1","max-image-preview":"max-image-preview:large","max-video-preview":"max-video-preview:-1"},"canonical":"https:\/\/moespot.pl\/pl\/produkt\/mapei-eco-prim-t-plus-primer\/","og_locale":"pl_PL","og_type":"article","og_title":"Mapei Eco Prim T Plus Primer - Moespot-Handlowy: Tile Adhesives for All Your Needs","og_description":"Mapei Eco Prim T Plus Primer is an all-purpose primer for interiors to improve adhesion of levelling compounds on all absorbent and nonabsorbent surfaces. It is a solvent-free, easily applied acrylic resins-based primer in water dispersion. It has excellent bonding, flexibility, water and ageing resistant characteristics. It is ready to use and easily applied by [&hellip;]","og_url":"https:\/\/moespot.pl\/pl\/produkt\/mapei-eco-prim-t-plus-primer\/","og_site_name":"Moespot-Handlowy: Tile Adhesives for All Your Needs","article_modified_time":"2024-05-24T11:08:54+00:00","og_image":[{"width":1000,"height":1000,"url":"https:\/\/moespot.pl\/wp-content\/uploads\/2024\/05\/mapei-eco-prim-t-plus.jpg","type":"image\/jpeg"}],"twitter_card":"summary_large_image","twitter_misc":{"Szacowany czas czytania":"3 minuty"},"schema":{"@context":"https:\/\/schema.org","@graph":[{"@type":"WebPage","@id":"https:\/\/moespot.pl\/product\/mapei-eco-prim-t-plus-primer\/","url":"https:\/\/moespot.pl\/product\/mapei-eco-prim-t-plus-primer\/","name":"Mapei Eco Prim T Plus Primer - Moespot-Handlowy: Tile Adhesives for All Your Needs","isPartOf":{"@id":"https:\/\/moespot.pl\/#website"},"primaryImageOfPage":{"@id":"https:\/\/moespot.pl\/product\/mapei-eco-prim-t-plus-primer\/#primaryimage"},"image":{"@id":"https:\/\/moespot.pl\/product\/mapei-eco-prim-t-plus-primer\/#primaryimage"},"thumbnailUrl":"https:\/\/moespot.pl\/wp-content\/uploads\/2024\/05\/mapei-eco-prim-t-plus.jpg","datePublished":"2024-05-22T05:05:31+00:00","dateModified":"2024-05-24T11:08:54+00:00","breadcrumb":{"@id":"https:\/\/moespot.pl\/product\/mapei-eco-prim-t-plus-primer\/#breadcrumb"},"inLanguage":"pl-PL","potentialAction":[{"@type":"ReadAction","target":["https:\/\/moespot.pl\/product\/mapei-eco-prim-t-plus-primer\/"]}]},{"@type":"ImageObject","inLanguage":"pl-PL","@id":"https:\/\/moespot.pl\/product\/mapei-eco-prim-t-plus-primer\/#primaryimage","url":"https:\/\/moespot.pl\/wp-content\/uploads\/2024\/05\/mapei-eco-prim-t-plus.jpg","contentUrl":"https:\/\/moespot.pl\/wp-content\/uploads\/2024\/05\/mapei-eco-prim-t-plus.jpg","width":1000,"height":1000},{"@type":"BreadcrumbList","@id":"https:\/\/moespot.pl\/product\/mapei-eco-prim-t-plus-primer\/#breadcrumb","itemListElement":[{"@type":"ListItem","position":1,"name":"Home","item":"https:\/\/moespot.pl\/"},{"@type":"ListItem","position":2,"name":"Shop","item":"https:\/\/moespot.pl\/shop\/"},{"@type":"ListItem","position":3,"name":"Mapei Eco Prim T Plus Primer"}]},{"@type":"WebSite","@id":"https:\/\/moespot.pl\/#website","url":"https:\/\/moespot.pl\/","name":"Moespot-Handlowy: Tile Adhesives for All Your Needs","description":"","potentialAction":[{"@type":"SearchAction","target":{"@type":"EntryPoint","urlTemplate":"https:\/\/moespot.pl\/?s={search_term_string}"},"query-input":"required name=search_term_string"}],"inLanguage":"pl-PL"}]}},"_links":{"self":[{"href":"https:\/\/moespot.pl\/pl\/wp-json\/wp\/v2\/product\/520","targetHints":{"allow":["GET"]}}],"collection":[{"href":"https:\/\/moespot.pl\/pl\/wp-json\/wp\/v2\/product"}],"about":[{"href":"https:\/\/moespot.pl\/pl\/wp-json\/wp\/v2\/types\/product"}],"replies":[{"embeddable":true,"href":"https:\/\/moespot.pl\/pl\/wp-json\/wp\/v2\/comments?post=520"}],"wp:featuredmedia":[{"embeddable":true,"href":"https:\/\/moespot.pl\/pl\/wp-json\/wp\/v2\/media\/543"}],"wp:attachment":[{"href":"https:\/\/moespot.pl\/pl\/wp-json\/wp\/v2\/media?parent=520"}],"wp:term":[{"taxonomy":"product_cat","embeddable":true,"href":"https:\/\/moespot.pl\/pl\/wp-json\/wp\/v2\/product_cat?post=520"},{"taxonomy":"product_tag","embeddable":true,"href":"https:\/\/moespot.pl\/pl\/wp-json\/wp\/v2\/product_tag?post=520"}],"curies":[{"name":"wp","href":"https:\/\/api.w.org\/{rel}","templated":true}]}}