{"id":498,"date":"2024-05-22T04:29:04","date_gmt":"2024-05-22T04:29:04","guid":{"rendered":"https:\/\/moespot.pl\/?post_type=product&#038;p=498"},"modified":"2024-09-16T01:34:16","modified_gmt":"2024-09-16T01:34:16","slug":"ardex-a38-floor-screed-25kg","status":"publish","type":"product","link":"https:\/\/moespot.pl\/pl\/product\/ardex-a38-floor-screed-25kg\/","title":{"rendered":"Ardex A38 Floor Screed 25kg"},"content":{"rendered":"<p>Wylewka pod\u0142ogowa Ardex A38 zosta\u0142a specjalnie opracowana do produkcji ultraszybkoschn\u0105cych wylewek pod\u0142ogowych do zastosowa\u0144 wewn\u0119trznych i zewn\u0119trznych.<\/p>\n<p>Dzi\u0119ki technologii \u201eRAPIDRY PLUS FORMULA\u201d po wylewce pod\u0142ogowej Ardex A38 mo\u017cna chodzi\u0107 ju\u017c po 3 godzinach od na\u0142o\u017cenia, a p\u0142ytki ceramiczne i z kamienia naturalnego mo\u017cna uk\u0142ada\u0107 ju\u017c po 4 godzinach, niezale\u017cnie od ich grubo\u015bci, co czyni go idealnym do szybkich projekt\u00f3w p\u0142ytek.<\/p>\n<p>Elastyczne wyk\u0142adziny pod\u0142ogowe, takie jak dywany, winyle i drewno, mo\u017cna uk\u0142ada\u0107 po 48 godzinach, niezale\u017cnie od ich grubo\u015bci. Wylewka pod\u0142ogowa Ardex A38 szybko si\u0119 wzmacnia i przechodzi test BRE Screed (ISCR) ju\u017c po 6 godzinach. Po jednym dniu przekroczy r\u00f3wnie\u017c dopuszczalne minimalne wytrzyma\u0142o\u015bci na \u015bciskanie i zginanie, jakie osi\u0105gaj\u0105 zwyk\u0142e wylewki cementowe po 28 dniach.<\/p>\n<p>Wylewka pod\u0142ogowa Ardex A38 s\u0142u\u017cy do wykonywania wylewek zespolonych, niezwi\u0105zanych i p\u0142ywaj\u0105cych do zastosowa\u0144 wewn\u0119trznych i zewn\u0119trznych, w tym do obszar\u00f3w wilgotnych, takich jak baseny. Mo\u017cna go r\u00f3wnie\u017c stosowa\u0107 do du\u017cych napraw istniej\u0105cych jastrych\u00f3w cementowo-piaskowych. Idealnie nadaje si\u0119 do zastosowa\u0144, w kt\u00f3rych wymagany jest wczesny ruch pieszy i szybkie utwardzenie.<\/p>\n<p>Produkt nale\u017cy nak\u0142ada\u0107 w nast\u0119puj\u0105cych grubo\u015bciach zgodnie z zaleceniami BS 8204: Cz\u0119\u015b\u0107 1 lub BS 5385: Cz\u0119\u015b\u0107 3:<\/p>\n<p>Jastrychy klejone: 15 mm \u2013 40 mm.<br \/>\nJastrychy niezwi\u0105zane: 50mm+.<br \/>\nJastrychy p\u0142ywaj\u0105ce: 75 mm+ lub 65 mm+ w miejscach lekko obci\u0105\u017conych\/domowych.<\/p>\n<p>Dost\u0119pny r\u00f3wnie\u017c jako wst\u0119pnie wymieszana mieszanka z sortowanymi kruszywami dla \u0142atwej aplikacji \u2013\u00a0Ardex A38 MIX.<\/p>\n<p>W przypadku naprawy jastrychu, wylewk\u0119 pod\u0142ogow\u0105 Ardex A38 mo\u017cna nak\u0142ada\u0107 na ca\u0142\u0105 grubo\u015b\u0107 istniej\u0105cej wylewki cementowo-piaskowej.<\/p>\n<p>Wylewk\u0119 pod\u0142ogow\u0105 Ardex A38 mo\u017cna uk\u0142ada\u0107 jako jastrych zespolony, nak\u0142adaj\u0105c najpierw zaczyn fugowy Ardex A38 na odpowiednio przygotowane pod\u0142o\u017ce betonowe. Nast\u0119pnie nale\u017cy u\u0142o\u017cy\u0107 jastrych i zag\u0119\u015bci\u0107 go na pod\u0142o\u017cu \u201e\u015bwie\u017cy w \u015bwie\u017cym\u201d, podczas gdy zaprawa zalewowa jest jeszcze mokra i urabialna.<\/p>\n<p>Aby przygotowa\u0107 zaczyn do suchego betonu w miejscach wewn\u0119trznych, rozcie\u0144czy\u0107 Ardex\u00a0P51 Primer &amp; Bonding Agent\u00a0r\u00f3wn\u0105 obj\u0119to\u015bci\u0105 wody. Nast\u0119pnie doda\u0107 proszek A38 zmieszany z r\u00f3wn\u0105 ilo\u015bci\u0105 piasku wylewkowego z rozcie\u0144czonym Ardexem P51, aby uzyska\u0107 zapraw\u0119 fugow\u0105 o kremowej konsystencji.<\/p>\n<p>W przypadku lokalizacji zewn\u0119trznych, obszar\u00f3w mokrych i wilgotnego betonu, przygotuj zapraw\u0119 zaczynow\u0105 jak powy\u017cej, u\u017cywaj\u0105c dodatku Ardex\u00a0E100 do klejenia\/zaczyn\u00f3w zaprawowych\u00a0rozcie\u0144czonego r\u00f3wn\u0105 obj\u0119to\u015bci\u0105 wody.<\/p>\n<p>Istnieje mo\u017cliwo\u015b\u0107 pompowania mieszanek jastrychowych za pomoc\u0105 autorskiej pompy do jastrychu. W celu uzyskania dalszych szczeg\u00f3\u0142\u00f3w nale\u017cy skontaktowa\u0107 si\u0119 z Dzia\u0142em Obs\u0142ugi Technicznej firmy Ardex.<\/p>\n<p><strong>Zasi\u0119g:<\/strong><br \/>\nPrzy stosowaniu zalecanej mieszanki 1:5 zapotrzebowanie materia\u0142owe wynosi oko\u0142o 0,31 kg jastrychu na m2 na milimetr grubo\u015bci jastrychu, tj. oko\u0142o 3,2 m2 przy grubo\u015bci 25 mm lub 5,4 m2 przy grubo\u015bci 15 mm na worek.<\/p>\n<p><strong>Dane techniczne:<\/strong><br \/>\nMasa \u015bwie\u017cej zaprawy ok. 2kg\/litr<br \/>\nCzas pracy w temperaturze 20\u00b0C ok. 1 godzina<br \/>\nMo\u017cliwo\u015b\u0107 chodzenia w temperaturze 20\u00b0C ok. 3 godziny<\/p>\n<p>Wytrzyma\u0142o\u015b\u0107 na \u015bciskanie przy u\u017cyciu kruszywa stopniowanego 0-8 MM:<br \/>\nPo 1 dniu 25,0 N\/mm2<br \/>\nPo 7 dniach 40,0 N\/mm2<br \/>\nPo 28 dniach 45,0 N\/mm2<\/p>\n<p>Wytrzyma\u0142o\u015b\u0107 na zginanie przy rozci\u0105ganiu (1:5):<br \/>\nPo 1 dniu 4,0 N\/mm2<br \/>\nPo 7 dniach 4,5 N\/mm2<br \/>\nPo 28 dniach 5,5 N\/mm2<\/p>\n<p>&nbsp;<\/p>\n<p><code><a href=\"https:\/\/moespot.pl\/wp-content\/uploads\/2024\/05\/Ardex-A38-Datasheet.pdf\" target=\"_blank\" rel=\"noopener noreferrer\">Kart\u0119 produktu<\/a><\/code><\/p>","protected":false},"excerpt":{"rendered":"<p>Ardex A38 Floor Screed has been specially formulated to produce ultra-rapid drying floor screeds for internal and external locations. With \u2018RAPIDRY PLUS FORMULA\u2019 Technology, Ardex A38 Floor Screed can be walked on just 3 hours after application and ceramic and natural stone tiles can be installed after just 4 hours irrespective of thickness, making it [&hellip;]<\/p>","protected":false},"featured_media":500,"comment_status":"open","ping_status":"closed","template":"","meta":[],"product_cat":[36,33],"product_tag":[],"class_list":{"0":"post-498","1":"product","2":"type-product","3":"status-publish","4":"has-post-thumbnail","6":"product_cat-ardex-levelling-smoothing-compounds","7":"product_cat-levelling-compounds","9":"first","10":"instock","11":"shipping-taxable","12":"purchasable","13":"product-type-simple"},"yoast_head":"<!-- This site is optimized with the Yoast SEO plugin v23.3 - https:\/\/yoast.com\/wordpress\/plugins\/seo\/ -->\n<title>Ardex A38 Floor Screed 25kg - Moespot-Handlowy: Tile Adhesives for All Your Needs<\/title>\n<meta name=\"robots\" content=\"index, follow, max-snippet:-1, max-image-preview:large, max-video-preview:-1\" \/>\n<link rel=\"canonical\" href=\"https:\/\/moespot.pl\/pl\/produkt\/ardex-a38-floor-screed-25kg\/\" \/>\n<meta property=\"og:locale\" content=\"pl_PL\" \/>\n<meta property=\"og:type\" content=\"article\" \/>\n<meta property=\"og:title\" content=\"Ardex A38 Floor Screed 25kg - Moespot-Handlowy: Tile Adhesives for All Your Needs\" \/>\n<meta property=\"og:description\" content=\"Ardex A38 Floor Screed has been specially formulated to produce ultra-rapid drying floor screeds for internal and external locations. With \u2018RAPIDRY PLUS FORMULA\u2019 Technology, Ardex A38 Floor Screed can be walked on just 3 hours after application and ceramic and natural stone tiles can be installed after just 4 hours irrespective of thickness, making it [&hellip;]\" \/>\n<meta property=\"og:url\" content=\"https:\/\/moespot.pl\/pl\/produkt\/ardex-a38-floor-screed-25kg\/\" \/>\n<meta property=\"og:site_name\" content=\"Moespot-Handlowy: Tile Adhesives for All Your Needs\" \/>\n<meta property=\"article:modified_time\" content=\"2024-09-16T01:34:16+00:00\" \/>\n<meta property=\"og:image\" content=\"https:\/\/moespot.pl\/wp-content\/uploads\/2024\/05\/ardex-a38-floor-screed-25kg.jpg\" \/>\n\t<meta property=\"og:image:width\" content=\"1000\" \/>\n\t<meta property=\"og:image:height\" content=\"1000\" \/>\n\t<meta property=\"og:image:type\" content=\"image\/jpeg\" \/>\n<meta name=\"twitter:card\" content=\"summary_large_image\" \/>\n<meta name=\"twitter:label1\" content=\"Szacowany czas czytania\" \/>\n\t<meta name=\"twitter:data1\" content=\"3 minuty\" \/>\n<script type=\"application\/ld+json\" class=\"yoast-schema-graph\">{\"@context\":\"https:\/\/schema.org\",\"@graph\":[{\"@type\":\"WebPage\",\"@id\":\"https:\/\/moespot.pl\/product\/ardex-a38-floor-screed-25kg\/\",\"url\":\"https:\/\/moespot.pl\/product\/ardex-a38-floor-screed-25kg\/\",\"name\":\"Ardex A38 Floor Screed 25kg - Moespot-Handlowy: Tile Adhesives for All Your Needs\",\"isPartOf\":{\"@id\":\"https:\/\/moespot.pl\/#website\"},\"primaryImageOfPage\":{\"@id\":\"https:\/\/moespot.pl\/product\/ardex-a38-floor-screed-25kg\/#primaryimage\"},\"image\":{\"@id\":\"https:\/\/moespot.pl\/product\/ardex-a38-floor-screed-25kg\/#primaryimage\"},\"thumbnailUrl\":\"https:\/\/moespot.pl\/wp-content\/uploads\/2024\/05\/ardex-a38-floor-screed-25kg.jpg\",\"datePublished\":\"2024-05-22T04:29:04+00:00\",\"dateModified\":\"2024-09-16T01:34:16+00:00\",\"breadcrumb\":{\"@id\":\"https:\/\/moespot.pl\/product\/ardex-a38-floor-screed-25kg\/#breadcrumb\"},\"inLanguage\":\"pl-PL\",\"potentialAction\":[{\"@type\":\"ReadAction\",\"target\":[\"https:\/\/moespot.pl\/product\/ardex-a38-floor-screed-25kg\/\"]}]},{\"@type\":\"ImageObject\",\"inLanguage\":\"pl-PL\",\"@id\":\"https:\/\/moespot.pl\/product\/ardex-a38-floor-screed-25kg\/#primaryimage\",\"url\":\"https:\/\/moespot.pl\/wp-content\/uploads\/2024\/05\/ardex-a38-floor-screed-25kg.jpg\",\"contentUrl\":\"https:\/\/moespot.pl\/wp-content\/uploads\/2024\/05\/ardex-a38-floor-screed-25kg.jpg\",\"width\":1000,\"height\":1000},{\"@type\":\"BreadcrumbList\",\"@id\":\"https:\/\/moespot.pl\/product\/ardex-a38-floor-screed-25kg\/#breadcrumb\",\"itemListElement\":[{\"@type\":\"ListItem\",\"position\":1,\"name\":\"Home\",\"item\":\"https:\/\/moespot.pl\/\"},{\"@type\":\"ListItem\",\"position\":2,\"name\":\"Shop\",\"item\":\"https:\/\/moespot.pl\/shop\/\"},{\"@type\":\"ListItem\",\"position\":3,\"name\":\"Ardex A38 Floor Screed 25kg\"}]},{\"@type\":\"WebSite\",\"@id\":\"https:\/\/moespot.pl\/#website\",\"url\":\"https:\/\/moespot.pl\/\",\"name\":\"Moespot-Handlowy: Tile Adhesives for All Your Needs\",\"description\":\"\",\"potentialAction\":[{\"@type\":\"SearchAction\",\"target\":{\"@type\":\"EntryPoint\",\"urlTemplate\":\"https:\/\/moespot.pl\/?s={search_term_string}\"},\"query-input\":\"required name=search_term_string\"}],\"inLanguage\":\"pl-PL\"}]}<\/script>\n<!-- \/ Yoast SEO plugin. -->","yoast_head_json":{"title":"Ardex A38 Floor Screed 25kg - Moespot-Handlowy: Tile Adhesives for All Your Needs","robots":{"index":"index","follow":"follow","max-snippet":"max-snippet:-1","max-image-preview":"max-image-preview:large","max-video-preview":"max-video-preview:-1"},"canonical":"https:\/\/moespot.pl\/pl\/produkt\/ardex-a38-floor-screed-25kg\/","og_locale":"pl_PL","og_type":"article","og_title":"Ardex A38 Floor Screed 25kg - Moespot-Handlowy: Tile Adhesives for All Your Needs","og_description":"Ardex A38 Floor Screed has been specially formulated to produce ultra-rapid drying floor screeds for internal and external locations. With \u2018RAPIDRY PLUS FORMULA\u2019 Technology, Ardex A38 Floor Screed can be walked on just 3 hours after application and ceramic and natural stone tiles can be installed after just 4 hours irrespective of thickness, making it [&hellip;]","og_url":"https:\/\/moespot.pl\/pl\/produkt\/ardex-a38-floor-screed-25kg\/","og_site_name":"Moespot-Handlowy: Tile Adhesives for All Your Needs","article_modified_time":"2024-09-16T01:34:16+00:00","og_image":[{"width":1000,"height":1000,"url":"https:\/\/moespot.pl\/wp-content\/uploads\/2024\/05\/ardex-a38-floor-screed-25kg.jpg","type":"image\/jpeg"}],"twitter_card":"summary_large_image","twitter_misc":{"Szacowany czas czytania":"3 minuty"},"schema":{"@context":"https:\/\/schema.org","@graph":[{"@type":"WebPage","@id":"https:\/\/moespot.pl\/product\/ardex-a38-floor-screed-25kg\/","url":"https:\/\/moespot.pl\/product\/ardex-a38-floor-screed-25kg\/","name":"Ardex A38 Floor Screed 25kg - Moespot-Handlowy: Tile Adhesives for All Your Needs","isPartOf":{"@id":"https:\/\/moespot.pl\/#website"},"primaryImageOfPage":{"@id":"https:\/\/moespot.pl\/product\/ardex-a38-floor-screed-25kg\/#primaryimage"},"image":{"@id":"https:\/\/moespot.pl\/product\/ardex-a38-floor-screed-25kg\/#primaryimage"},"thumbnailUrl":"https:\/\/moespot.pl\/wp-content\/uploads\/2024\/05\/ardex-a38-floor-screed-25kg.jpg","datePublished":"2024-05-22T04:29:04+00:00","dateModified":"2024-09-16T01:34:16+00:00","breadcrumb":{"@id":"https:\/\/moespot.pl\/product\/ardex-a38-floor-screed-25kg\/#breadcrumb"},"inLanguage":"pl-PL","potentialAction":[{"@type":"ReadAction","target":["https:\/\/moespot.pl\/product\/ardex-a38-floor-screed-25kg\/"]}]},{"@type":"ImageObject","inLanguage":"pl-PL","@id":"https:\/\/moespot.pl\/product\/ardex-a38-floor-screed-25kg\/#primaryimage","url":"https:\/\/moespot.pl\/wp-content\/uploads\/2024\/05\/ardex-a38-floor-screed-25kg.jpg","contentUrl":"https:\/\/moespot.pl\/wp-content\/uploads\/2024\/05\/ardex-a38-floor-screed-25kg.jpg","width":1000,"height":1000},{"@type":"BreadcrumbList","@id":"https:\/\/moespot.pl\/product\/ardex-a38-floor-screed-25kg\/#breadcrumb","itemListElement":[{"@type":"ListItem","position":1,"name":"Home","item":"https:\/\/moespot.pl\/"},{"@type":"ListItem","position":2,"name":"Shop","item":"https:\/\/moespot.pl\/shop\/"},{"@type":"ListItem","position":3,"name":"Ardex A38 Floor Screed 25kg"}]},{"@type":"WebSite","@id":"https:\/\/moespot.pl\/#website","url":"https:\/\/moespot.pl\/","name":"Moespot-Handlowy: Tile Adhesives for All Your Needs","description":"","potentialAction":[{"@type":"SearchAction","target":{"@type":"EntryPoint","urlTemplate":"https:\/\/moespot.pl\/?s={search_term_string}"},"query-input":"required name=search_term_string"}],"inLanguage":"pl-PL"}]}},"_links":{"self":[{"href":"https:\/\/moespot.pl\/pl\/wp-json\/wp\/v2\/product\/498","targetHints":{"allow":["GET"]}}],"collection":[{"href":"https:\/\/moespot.pl\/pl\/wp-json\/wp\/v2\/product"}],"about":[{"href":"https:\/\/moespot.pl\/pl\/wp-json\/wp\/v2\/types\/product"}],"replies":[{"embeddable":true,"href":"https:\/\/moespot.pl\/pl\/wp-json\/wp\/v2\/comments?post=498"}],"wp:featuredmedia":[{"embeddable":true,"href":"https:\/\/moespot.pl\/pl\/wp-json\/wp\/v2\/media\/500"}],"wp:attachment":[{"href":"https:\/\/moespot.pl\/pl\/wp-json\/wp\/v2\/media?parent=498"}],"wp:term":[{"taxonomy":"product_cat","embeddable":true,"href":"https:\/\/moespot.pl\/pl\/wp-json\/wp\/v2\/product_cat?post=498"},{"taxonomy":"product_tag","embeddable":true,"href":"https:\/\/moespot.pl\/pl\/wp-json\/wp\/v2\/product_tag?post=498"}],"curies":[{"name":"wp","href":"https:\/\/api.w.org\/{rel}","templated":true}]}}