{"id":2148,"date":"2024-05-24T10:11:32","date_gmt":"2024-05-24T10:11:32","guid":{"rendered":"https:\/\/moespot.pl\/?post_type=product&#038;p=2148"},"modified":"2024-05-24T11:26:48","modified_gmt":"2024-05-24T11:26:48","slug":"mapei-mapeglitter-for-epoxy-grout","status":"publish","type":"product","link":"https:\/\/moespot.pl\/pl\/product\/mapei-mapeglitter-for-epoxy-grout\/","title":{"rendered":"Mapei MapeGlitter For Epoxy Grout"},"content":{"rendered":"<p>Mapei MapeGlitter For Epoxy Grout to kolorowy metaliczny brokat, kt\u00f3ry po zmieszaniu z zapraw\u0105 epoksydow\u0105 Mapei Kerapoxy Easy Design rozszerza gam\u0119 dost\u0119pnych kolor\u00f3w i umo\u017cliwia tworzenie linii fug o b\u0142yszcz\u0105cym metalicznym wyko\u0144czeniu i specjalnych efektach dekoracyjnych, idealnych do fugowania metalowych p\u0142ytek , mozaiki i p\u0142ytki szklane.<\/p>\n<p>Mapei MapeGlitter dodaje si\u0119 do Kerapoxy Easy Design w ilo\u015bci do 6% wagowo, tworz\u0105c zapraw\u0119 do fugowania o b\u0142yszcz\u0105cym, metalicznym wyko\u0144czeniu. Jest szczeg\u00f3lnie zalecany do p\u0142ytek metalicznych, p\u0142ytek szklanych i mozaiki. Mapei MapeGlitter mo\u017cna tak\u017ce doda\u0107 do Mapelux Lucida w ilo\u015bci od 1% do 3%, w zale\u017cno\u015bci od wymaganego wyko\u0144czenia i odcienia, aby uzyska\u0107 b\u0142yszcz\u0105ce wyko\u0144czenie \u015bcian wewn\u0119trznych.<\/p>\n<p>Mapei MapeGlitter For Epoxy Grout jest dost\u0119pny w nast\u0119puj\u0105cych kolorach: srebrny, jasnoz\u0142oty, miedziany, ciemnoniebieski, r\u00f3\u017cowy, fioletowy, czerwony, butelkowa ziele\u0144, czarny, br\u0105zowy, br\u0105zowy, oksydowany, fuksja, zielony, \u015bredni niebieski, nocny b\u0142\u0119kit, pastelowy Zielony, pastelowe niebo, pastelowy fiolet, kr\u00f3lewski b\u0142\u0119kit, piasek, niebo i fiolet. Ka\u017cdy kolor dostarczany jest w saszetkach 100g.<\/p>\n<p>Po prawid\u0142owym wymieszaniu tworzy fugi i wyko\u0144czenia \u015bcian z p\u00f3\u0142przezroczystym wyko\u0144czeniem, poprawiaj\u0105cym efekt kolorowych pow\u0142ok o specjalnych w\u0142a\u015bciwo\u015bciach dekoracyjnych; P\u00f3\u0142przezroczysty efekt zapewniaj\u0105cy ja\u015bniejsze, bardziej b\u0142yszcz\u0105ce wyko\u0144czenie i uwydatniaj\u0105cy pow\u0142oki. Nigdy nie nale\u017cy stosowa\u0107 wi\u0119kszej dawki Mapei MapeGlitter ni\u017c zalecana, aby nie wp\u0142yn\u0105\u0107 na urabialno\u015b\u0107 zaprawy\/zaprawy. Nie nale\u017cy go u\u017cywa\u0107 w basenach i do zastosowa\u0144 zewn\u0119trznych.<\/p>\n<p>U\u017cyj 1-3 saszetek brokatu na 3 kg opakowanie Mapei Kerapoxy Easy Design, w zale\u017cno\u015bci od wymaganego poziomu intensywno\u015bci brokatu. Maksymalna zalecana dawka to 3 saszetki po 100 g na 3 kg opakowanie. Wi\u0119ksza ilo\u015b\u0107 b\u0119dzie mia\u0142a niekorzystny wp\u0142yw na dzia\u0142anie zaprawy.<\/p>\n<p><strong>Jak u\u017cywa\u0107:<\/strong><br \/>\nZmieszany z Kerapoxy Easy Design: Dodaj wybrany kolor brokatu w zmiennych proporcjach w zale\u017cno\u015bci od po\u017c\u0105danego efektu estetycznego (do 6% wagowo) do b\u0119bna mieszanki Kerapoxy Easy Design po zmieszaniu dw\u00f3ch sk\u0142adnik\u00f3w Kerapoxy Easy Design (A +B). W otrzymanej mieszance zr\u00f3b dziur\u0119 i wlej do niej brokat; Przykrywamy i r\u0119cznie mieszamy pac\u0105, aby dobrze rozprowadzi\u0107 brokat. Nast\u0119pnie wymiesza\u0107 wolnoobrotowym mikserem do uzyskania jednolitej masy. Na\u0142\u00f3\u017c mieszank\u0119 Kerapoxy Easy Design\/MapeGlitter w ci\u0105gu 45 minut od wymieszania.<\/p>\n<p>Zmieszany z Mapelux Lucida: Dodaj MapeGlitter bezpo\u015brednio do wosku Mapelux Lucida (zmieszanego z oko\u0142o 5% wody), w zale\u017cno\u015bci od wymaganego efektu i wyko\u0144czenia. Mieszaj a\u017c do uzyskania jednolitej mieszanki.<\/p>\n<p><code><a href=\"https:\/\/moespot.pl\/wp-content\/uploads\/2024\/05\/Mapei-MapeGlitter-Datasheet.pdf\" target=\"_blank\" rel=\"noopener noreferrer\">Kart\u0119 produktu<\/a><\/code><\/p>","protected":false},"excerpt":{"rendered":"<p>Mapei MapeGlitter For Epoxy Grout is a coloured metallic glitter which, when mixed with\u00a0Mapei Kerapoxy Easy Design epoxy grout, extends the range of colours available and enables grout lines with a sparkly metallic finish and special decorative effects to be created, ideal for grouting metal tiles, mosaics and glass tiles. Mapei MapeGlitter is added to [&hellip;]<\/p>","protected":false},"featured_media":2149,"comment_status":"open","ping_status":"closed","template":"","meta":[],"product_cat":[55,51],"product_tag":[],"class_list":{"0":"post-2148","1":"product","2":"type-product","3":"status-publish","4":"has-post-thumbnail","6":"product_cat-mapei-tile-grout","7":"product_cat-tile-grout","9":"first","10":"instock","11":"shipping-taxable","12":"purchasable","13":"product-type-variable"},"yoast_head":"<!-- This site is optimized with the Yoast SEO plugin v23.3 - https:\/\/yoast.com\/wordpress\/plugins\/seo\/ -->\n<title>Mapei MapeGlitter For Epoxy Grout - Moespot-Handlowy: Tile Adhesives for All Your Needs<\/title>\n<meta name=\"robots\" content=\"index, follow, max-snippet:-1, max-image-preview:large, max-video-preview:-1\" \/>\n<link rel=\"canonical\" href=\"https:\/\/moespot.pl\/pl\/produkt\/mapei-mapeglitter-for-epoxy-grout\/\" \/>\n<meta property=\"og:locale\" content=\"pl_PL\" \/>\n<meta property=\"og:type\" content=\"article\" \/>\n<meta property=\"og:title\" content=\"Mapei MapeGlitter For Epoxy Grout - Moespot-Handlowy: Tile Adhesives for All Your Needs\" \/>\n<meta property=\"og:description\" content=\"Mapei MapeGlitter For Epoxy Grout is a coloured metallic glitter which, when mixed with\u00a0Mapei Kerapoxy Easy Design epoxy grout, extends the range of colours available and enables grout lines with a sparkly metallic finish and special decorative effects to be created, ideal for grouting metal tiles, mosaics and glass tiles. Mapei MapeGlitter is added to [&hellip;]\" \/>\n<meta property=\"og:url\" content=\"https:\/\/moespot.pl\/pl\/produkt\/mapei-mapeglitter-for-epoxy-grout\/\" \/>\n<meta property=\"og:site_name\" content=\"Moespot-Handlowy: Tile Adhesives for All Your Needs\" \/>\n<meta property=\"article:modified_time\" content=\"2024-05-24T11:26:48+00:00\" \/>\n<meta property=\"og:image\" content=\"https:\/\/moespot.pl\/wp-content\/uploads\/2024\/05\/mapei-mapeglitter-for-epoxy-grout.jpg\" \/>\n\t<meta property=\"og:image:width\" content=\"1000\" \/>\n\t<meta property=\"og:image:height\" content=\"1000\" \/>\n\t<meta property=\"og:image:type\" content=\"image\/jpeg\" \/>\n<meta name=\"twitter:card\" content=\"summary_large_image\" \/>\n<meta name=\"twitter:label1\" content=\"Szacowany czas czytania\" \/>\n\t<meta name=\"twitter:data1\" content=\"2 minuty\" \/>\n<script type=\"application\/ld+json\" class=\"yoast-schema-graph\">{\"@context\":\"https:\/\/schema.org\",\"@graph\":[{\"@type\":\"WebPage\",\"@id\":\"https:\/\/moespot.pl\/product\/mapei-mapeglitter-for-epoxy-grout\/\",\"url\":\"https:\/\/moespot.pl\/product\/mapei-mapeglitter-for-epoxy-grout\/\",\"name\":\"Mapei MapeGlitter For Epoxy Grout - Moespot-Handlowy: Tile Adhesives for All Your Needs\",\"isPartOf\":{\"@id\":\"https:\/\/moespot.pl\/#website\"},\"primaryImageOfPage\":{\"@id\":\"https:\/\/moespot.pl\/product\/mapei-mapeglitter-for-epoxy-grout\/#primaryimage\"},\"image\":{\"@id\":\"https:\/\/moespot.pl\/product\/mapei-mapeglitter-for-epoxy-grout\/#primaryimage\"},\"thumbnailUrl\":\"https:\/\/moespot.pl\/wp-content\/uploads\/2024\/05\/mapei-mapeglitter-for-epoxy-grout.jpg\",\"datePublished\":\"2024-05-24T10:11:32+00:00\",\"dateModified\":\"2024-05-24T11:26:48+00:00\",\"breadcrumb\":{\"@id\":\"https:\/\/moespot.pl\/product\/mapei-mapeglitter-for-epoxy-grout\/#breadcrumb\"},\"inLanguage\":\"pl-PL\",\"potentialAction\":[{\"@type\":\"ReadAction\",\"target\":[\"https:\/\/moespot.pl\/product\/mapei-mapeglitter-for-epoxy-grout\/\"]}]},{\"@type\":\"ImageObject\",\"inLanguage\":\"pl-PL\",\"@id\":\"https:\/\/moespot.pl\/product\/mapei-mapeglitter-for-epoxy-grout\/#primaryimage\",\"url\":\"https:\/\/moespot.pl\/wp-content\/uploads\/2024\/05\/mapei-mapeglitter-for-epoxy-grout.jpg\",\"contentUrl\":\"https:\/\/moespot.pl\/wp-content\/uploads\/2024\/05\/mapei-mapeglitter-for-epoxy-grout.jpg\",\"width\":1000,\"height\":1000},{\"@type\":\"BreadcrumbList\",\"@id\":\"https:\/\/moespot.pl\/product\/mapei-mapeglitter-for-epoxy-grout\/#breadcrumb\",\"itemListElement\":[{\"@type\":\"ListItem\",\"position\":1,\"name\":\"Home\",\"item\":\"https:\/\/moespot.pl\/\"},{\"@type\":\"ListItem\",\"position\":2,\"name\":\"Shop\",\"item\":\"https:\/\/moespot.pl\/shop\/\"},{\"@type\":\"ListItem\",\"position\":3,\"name\":\"Mapei MapeGlitter For Epoxy Grout\"}]},{\"@type\":\"WebSite\",\"@id\":\"https:\/\/moespot.pl\/#website\",\"url\":\"https:\/\/moespot.pl\/\",\"name\":\"Moespot-Handlowy: Tile Adhesives for All Your Needs\",\"description\":\"\",\"potentialAction\":[{\"@type\":\"SearchAction\",\"target\":{\"@type\":\"EntryPoint\",\"urlTemplate\":\"https:\/\/moespot.pl\/?s={search_term_string}\"},\"query-input\":\"required name=search_term_string\"}],\"inLanguage\":\"pl-PL\"}]}<\/script>\n<!-- \/ Yoast SEO plugin. -->","yoast_head_json":{"title":"Mapei MapeGlitter For Epoxy Grout - Moespot-Handlowy: Tile Adhesives for All Your Needs","robots":{"index":"index","follow":"follow","max-snippet":"max-snippet:-1","max-image-preview":"max-image-preview:large","max-video-preview":"max-video-preview:-1"},"canonical":"https:\/\/moespot.pl\/pl\/produkt\/mapei-mapeglitter-for-epoxy-grout\/","og_locale":"pl_PL","og_type":"article","og_title":"Mapei MapeGlitter For Epoxy Grout - Moespot-Handlowy: Tile Adhesives for All Your Needs","og_description":"Mapei MapeGlitter For Epoxy Grout is a coloured metallic glitter which, when mixed with\u00a0Mapei Kerapoxy Easy Design epoxy grout, extends the range of colours available and enables grout lines with a sparkly metallic finish and special decorative effects to be created, ideal for grouting metal tiles, mosaics and glass tiles. Mapei MapeGlitter is added to [&hellip;]","og_url":"https:\/\/moespot.pl\/pl\/produkt\/mapei-mapeglitter-for-epoxy-grout\/","og_site_name":"Moespot-Handlowy: Tile Adhesives for All Your Needs","article_modified_time":"2024-05-24T11:26:48+00:00","og_image":[{"width":1000,"height":1000,"url":"https:\/\/moespot.pl\/wp-content\/uploads\/2024\/05\/mapei-mapeglitter-for-epoxy-grout.jpg","type":"image\/jpeg"}],"twitter_card":"summary_large_image","twitter_misc":{"Szacowany czas czytania":"2 minuty"},"schema":{"@context":"https:\/\/schema.org","@graph":[{"@type":"WebPage","@id":"https:\/\/moespot.pl\/product\/mapei-mapeglitter-for-epoxy-grout\/","url":"https:\/\/moespot.pl\/product\/mapei-mapeglitter-for-epoxy-grout\/","name":"Mapei MapeGlitter For Epoxy Grout - Moespot-Handlowy: Tile Adhesives for All Your Needs","isPartOf":{"@id":"https:\/\/moespot.pl\/#website"},"primaryImageOfPage":{"@id":"https:\/\/moespot.pl\/product\/mapei-mapeglitter-for-epoxy-grout\/#primaryimage"},"image":{"@id":"https:\/\/moespot.pl\/product\/mapei-mapeglitter-for-epoxy-grout\/#primaryimage"},"thumbnailUrl":"https:\/\/moespot.pl\/wp-content\/uploads\/2024\/05\/mapei-mapeglitter-for-epoxy-grout.jpg","datePublished":"2024-05-24T10:11:32+00:00","dateModified":"2024-05-24T11:26:48+00:00","breadcrumb":{"@id":"https:\/\/moespot.pl\/product\/mapei-mapeglitter-for-epoxy-grout\/#breadcrumb"},"inLanguage":"pl-PL","potentialAction":[{"@type":"ReadAction","target":["https:\/\/moespot.pl\/product\/mapei-mapeglitter-for-epoxy-grout\/"]}]},{"@type":"ImageObject","inLanguage":"pl-PL","@id":"https:\/\/moespot.pl\/product\/mapei-mapeglitter-for-epoxy-grout\/#primaryimage","url":"https:\/\/moespot.pl\/wp-content\/uploads\/2024\/05\/mapei-mapeglitter-for-epoxy-grout.jpg","contentUrl":"https:\/\/moespot.pl\/wp-content\/uploads\/2024\/05\/mapei-mapeglitter-for-epoxy-grout.jpg","width":1000,"height":1000},{"@type":"BreadcrumbList","@id":"https:\/\/moespot.pl\/product\/mapei-mapeglitter-for-epoxy-grout\/#breadcrumb","itemListElement":[{"@type":"ListItem","position":1,"name":"Home","item":"https:\/\/moespot.pl\/"},{"@type":"ListItem","position":2,"name":"Shop","item":"https:\/\/moespot.pl\/shop\/"},{"@type":"ListItem","position":3,"name":"Mapei MapeGlitter For Epoxy Grout"}]},{"@type":"WebSite","@id":"https:\/\/moespot.pl\/#website","url":"https:\/\/moespot.pl\/","name":"Moespot-Handlowy: Tile Adhesives for All Your Needs","description":"","potentialAction":[{"@type":"SearchAction","target":{"@type":"EntryPoint","urlTemplate":"https:\/\/moespot.pl\/?s={search_term_string}"},"query-input":"required name=search_term_string"}],"inLanguage":"pl-PL"}]}},"_links":{"self":[{"href":"https:\/\/moespot.pl\/pl\/wp-json\/wp\/v2\/product\/2148","targetHints":{"allow":["GET"]}}],"collection":[{"href":"https:\/\/moespot.pl\/pl\/wp-json\/wp\/v2\/product"}],"about":[{"href":"https:\/\/moespot.pl\/pl\/wp-json\/wp\/v2\/types\/product"}],"replies":[{"embeddable":true,"href":"https:\/\/moespot.pl\/pl\/wp-json\/wp\/v2\/comments?post=2148"}],"wp:featuredmedia":[{"embeddable":true,"href":"https:\/\/moespot.pl\/pl\/wp-json\/wp\/v2\/media\/2149"}],"wp:attachment":[{"href":"https:\/\/moespot.pl\/pl\/wp-json\/wp\/v2\/media?parent=2148"}],"wp:term":[{"taxonomy":"product_cat","embeddable":true,"href":"https:\/\/moespot.pl\/pl\/wp-json\/wp\/v2\/product_cat?post=2148"},{"taxonomy":"product_tag","embeddable":true,"href":"https:\/\/moespot.pl\/pl\/wp-json\/wp\/v2\/product_tag?post=2148"}],"curies":[{"name":"wp","href":"https:\/\/api.w.org\/{rel}","templated":true}]}}