{"id":1980,"date":"2024-05-24T08:39:38","date_gmt":"2024-05-24T08:39:38","guid":{"rendered":"https:\/\/moespot.pl\/?post_type=product&#038;p=1980"},"modified":"2024-05-24T11:17:13","modified_gmt":"2024-05-24T11:17:13","slug":"weberjoint-premium-tile-grout","status":"publish","type":"product","link":"https:\/\/moespot.pl\/pl\/product\/weberjoint-premium-tile-grout\/","title":{"rendered":"weberjoint Premium Tile Grout"},"content":{"rendered":"<p>weberjoint Premium Tile Grout to najwy\u017cszej jako\u015bci elastyczna fuga do p\u0142ytek \u015bciennych i pod\u0142ogowych, kt\u00f3ra jest odporna na zarysowania, wodoodporna i zawiera technologi\u0119 przeciwplamow\u0105 PURE CLEAN. Nadaje si\u0119 do u\u017cytku wewn\u0119trznego i zewn\u0119trznego, w sytuacjach, w kt\u00f3rych spodziewany jest pewien ruch lub wibracje.<\/p>\n<p>weberjoint Premium Tile Grout to elastyczna fuga, kt\u00f3r\u0105 mo\u017cna stosowa\u0107 do spoinowania p\u0142ytek ceramicznych, porcelanowych, mozaikowych, kamienio\u0142om\u00f3w, kamienia naturalnego, lastryko i terakoty. Mo\u017ce by\u0107 stosowany do spoinowania spoin pomi\u0119dzy p\u0142ytkami pod\u0142ogowymi i \u015bciennymi i nadaje si\u0119 do stosowania w warunkach suchych i mokrych. weberjoint Premium Tile Grout jest zalecany do stosowania przy uk\u0142adaniu p\u0142ytek na pod\u0142ogach drewnianych oraz przy uk\u0142adaniu p\u0142ytek pod\u0142ogowych z zainstalowanym ogrzewaniem pod\u0142ogowym lub ogrzewaniem pod p\u0142ytkami.<\/p>\n<p>weberjoint Premium Fuga do p\u0142ytek jest dost\u0119pna w nast\u0119puj\u0105cych kolorach, w workach 5 kg: bia\u0142a, lodowa szaro\u015b\u0107, platynowa, szara, srebrnoszara, mglista szara, burzowa szaro\u015b\u0107, \u0142upek, w\u0119giel drzewny, czarny, ko\u015b\u0107 s\u0142oniowa, ja\u015bmin, wapie\u0144, piaskowiec, be\u017c, naturalny , Ciemny Piasek, Br\u0105z. Wszystkie kolory s\u0105 dost\u0119pne w pasuj\u0105cym silikonowym uszczelniaczu silikonowym weberjoint.<\/p>\n<p><strong>Cechy:<\/strong><\/p>\n<ul>\n<li>Szybkie ustawienie<\/li>\n<li>Technologia PURE CLEAN zapobiegaj\u0105ca plamom<\/li>\n<li>G\u0142adkie, trwa\u0142e i odporne na wykwity wyko\u0144czenie<\/li>\n<li>Szeroko\u015b\u0107 spoiny od 1 do 20mm<\/li>\n<li>Formu\u0142a odporna na zarysowania jest idealna do fugowania kamienia o mi\u0119kkiej powierzchni, takiego jak marmur<\/li>\n<li>Wodoodporna powierzchnia ogranicza przenikanie wody<\/li>\n<li>Nasza najlepsza zaprawa do stosowania w basenach<\/li>\n<li>Zawiera technologi\u0119 Mold Stop zapewniaj\u0105c\u0105 trwa\u0142\u0105 ochron\u0119 przed rozwojem ple\u015bni<\/li>\n<li>Dost\u0119pny w 18 kolorach z pasuj\u0105cym silikonem \u2013\u00a0uszczelniaczem silikonowym weberjoint<\/li>\n<li>Przekracza wymagania\u00a0BS EN 13888 \u2013 CG2 WA<\/li>\n<\/ul>\n<p><strong>Rzeczy do rozwa\u017cenia:<\/strong><\/p>\n<ul>\n<li>weberjoint Premium Tile Grout nie jest odpowiedni, je\u015bli fuga musi by\u0107 odporna chemicznie lub ca\u0142kowicie nieprzepuszczalna, zamiast tego u\u017cyj\u00a0weberepox easy.<\/li>\n<\/ul>\n<p><strong>Dane techniczne:<\/strong><\/p>\n<p>Szeroko\u015b\u0107 spoiny: 1-20mm<br \/>\nCzas pracy (\u017cywotno\u015b\u0107): 25-30 minut<br \/>\nUstawiony czas: 2 godziny<br \/>\nTemperatura stosowania: 5\u00b0C do 25\u00b0C<br \/>\nOdporno\u015b\u0107 na temperatur\u0119: Po zastygni\u0119ciu mrozoodporna<br \/>\nDodatek wody: ok. 4 cz\u0119\u015bci zaprawy na 1 cz\u0119\u015b\u0107 wody (1,3 litra na worek)<br \/>\nUwaga: Czasy wi\u0105zania podane s\u0105 dla temperatury 20\u00b0C i zale\u017c\u0105 od temperatury i wilgotno\u015bci.<\/p>\n<p><strong>Nagrody Webera:<\/strong><br \/>\nBycie cz\u0119\u015bci\u0105 programu lojalno\u015bciowego weber Rewards oznacza, \u017ce \u200b\u200botrzymujesz punkty za ka\u017cdym razem, gdy kupujesz produkty weber. Po zarejestrowaniu si\u0119 w programie za po\u015brednictwem witryny\u00a0weber Rewards mo\u017cesz zbiera\u0107 punkty za ka\u017cdy zakup produkt\u00f3w weber, a nast\u0119pnie wymienia\u0107 je na nagrody, takie jak towary, produkty elektroniczne, do\u015bwiadczenia i kupony rabatowe.<\/p>\n<p><code><a href=\"https:\/\/moespot.pl\/wp-content\/uploads\/2024\/05\/weberjoint-premium-tile-grout.pdf\" target=\"_blank\" rel=\"noopener noreferrer\">Kart\u0119 produktu<\/a><\/code><\/p>","protected":false},"excerpt":{"rendered":"<p>weberjoint Premium Tile Grout is a premium flexible wall &amp; floor tile grout which is\u00a0scratch-resistant, water-repellent and contains PURE CLEAN anti-stain technology. Suitable for interior and exterior use in situations where some movement or vibration is expected. weberjoint Premium Tile Grout is a flexible grout which can be used for grouting ceramic, porcelain, mosaic, quarry, [&hellip;]<\/p>","protected":false},"featured_media":1981,"comment_status":"open","ping_status":"closed","template":"","meta":[],"product_cat":[51,76],"product_tag":[],"class_list":{"0":"post-1980","1":"product","2":"type-product","3":"status-publish","4":"has-post-thumbnail","6":"product_cat-tile-grout","7":"product_cat-weber-tile-grout-silicone","9":"first","10":"instock","11":"shipping-taxable","12":"purchasable","13":"product-type-variable"},"yoast_head":"<!-- This site is optimized with the Yoast SEO plugin v23.3 - https:\/\/yoast.com\/wordpress\/plugins\/seo\/ -->\n<title>weberjoint Premium Tile Grout - Moespot-Handlowy: Tile Adhesives for All Your Needs<\/title>\n<meta name=\"robots\" content=\"index, follow, max-snippet:-1, max-image-preview:large, max-video-preview:-1\" \/>\n<link rel=\"canonical\" href=\"https:\/\/moespot.pl\/pl\/produkt\/weberjoint-premium-tile-grout\/\" \/>\n<meta property=\"og:locale\" content=\"pl_PL\" \/>\n<meta property=\"og:type\" content=\"article\" \/>\n<meta property=\"og:title\" content=\"weberjoint Premium Tile Grout - Moespot-Handlowy: Tile Adhesives for All Your Needs\" \/>\n<meta property=\"og:description\" content=\"weberjoint Premium Tile Grout is a premium flexible wall &amp; floor tile grout which is\u00a0scratch-resistant, water-repellent and contains PURE CLEAN anti-stain technology. Suitable for interior and exterior use in situations where some movement or vibration is expected. weberjoint Premium Tile Grout is a flexible grout which can be used for grouting ceramic, porcelain, mosaic, quarry, [&hellip;]\" \/>\n<meta property=\"og:url\" content=\"https:\/\/moespot.pl\/pl\/produkt\/weberjoint-premium-tile-grout\/\" \/>\n<meta property=\"og:site_name\" content=\"Moespot-Handlowy: Tile Adhesives for All Your Needs\" \/>\n<meta property=\"article:modified_time\" content=\"2024-05-24T11:17:13+00:00\" \/>\n<meta property=\"og:image\" content=\"https:\/\/moespot.pl\/wp-content\/uploads\/2024\/05\/weberjoint-premium-tile-grout-1.jpg\" \/>\n\t<meta property=\"og:image:width\" content=\"1000\" \/>\n\t<meta property=\"og:image:height\" content=\"1000\" \/>\n\t<meta property=\"og:image:type\" content=\"image\/jpeg\" \/>\n<meta name=\"twitter:card\" content=\"summary_large_image\" \/>\n<meta name=\"twitter:label1\" content=\"Szacowany czas czytania\" \/>\n\t<meta name=\"twitter:data1\" content=\"2 minuty\" \/>\n<script type=\"application\/ld+json\" class=\"yoast-schema-graph\">{\"@context\":\"https:\/\/schema.org\",\"@graph\":[{\"@type\":\"WebPage\",\"@id\":\"https:\/\/moespot.pl\/product\/weberjoint-premium-tile-grout\/\",\"url\":\"https:\/\/moespot.pl\/product\/weberjoint-premium-tile-grout\/\",\"name\":\"weberjoint Premium Tile Grout - Moespot-Handlowy: Tile Adhesives for All Your Needs\",\"isPartOf\":{\"@id\":\"https:\/\/moespot.pl\/#website\"},\"primaryImageOfPage\":{\"@id\":\"https:\/\/moespot.pl\/product\/weberjoint-premium-tile-grout\/#primaryimage\"},\"image\":{\"@id\":\"https:\/\/moespot.pl\/product\/weberjoint-premium-tile-grout\/#primaryimage\"},\"thumbnailUrl\":\"https:\/\/moespot.pl\/wp-content\/uploads\/2024\/05\/weberjoint-premium-tile-grout-1.jpg\",\"datePublished\":\"2024-05-24T08:39:38+00:00\",\"dateModified\":\"2024-05-24T11:17:13+00:00\",\"breadcrumb\":{\"@id\":\"https:\/\/moespot.pl\/product\/weberjoint-premium-tile-grout\/#breadcrumb\"},\"inLanguage\":\"pl-PL\",\"potentialAction\":[{\"@type\":\"ReadAction\",\"target\":[\"https:\/\/moespot.pl\/product\/weberjoint-premium-tile-grout\/\"]}]},{\"@type\":\"ImageObject\",\"inLanguage\":\"pl-PL\",\"@id\":\"https:\/\/moespot.pl\/product\/weberjoint-premium-tile-grout\/#primaryimage\",\"url\":\"https:\/\/moespot.pl\/wp-content\/uploads\/2024\/05\/weberjoint-premium-tile-grout-1.jpg\",\"contentUrl\":\"https:\/\/moespot.pl\/wp-content\/uploads\/2024\/05\/weberjoint-premium-tile-grout-1.jpg\",\"width\":1000,\"height\":1000},{\"@type\":\"BreadcrumbList\",\"@id\":\"https:\/\/moespot.pl\/product\/weberjoint-premium-tile-grout\/#breadcrumb\",\"itemListElement\":[{\"@type\":\"ListItem\",\"position\":1,\"name\":\"Home\",\"item\":\"https:\/\/moespot.pl\/\"},{\"@type\":\"ListItem\",\"position\":2,\"name\":\"Shop\",\"item\":\"https:\/\/moespot.pl\/shop\/\"},{\"@type\":\"ListItem\",\"position\":3,\"name\":\"weberjoint Premium Tile Grout\"}]},{\"@type\":\"WebSite\",\"@id\":\"https:\/\/moespot.pl\/#website\",\"url\":\"https:\/\/moespot.pl\/\",\"name\":\"Moespot-Handlowy: Tile Adhesives for All Your Needs\",\"description\":\"\",\"potentialAction\":[{\"@type\":\"SearchAction\",\"target\":{\"@type\":\"EntryPoint\",\"urlTemplate\":\"https:\/\/moespot.pl\/?s={search_term_string}\"},\"query-input\":\"required name=search_term_string\"}],\"inLanguage\":\"pl-PL\"}]}<\/script>\n<!-- \/ Yoast SEO plugin. -->","yoast_head_json":{"title":"weberjoint Premium Tile Grout - Moespot-Handlowy: Tile Adhesives for All Your Needs","robots":{"index":"index","follow":"follow","max-snippet":"max-snippet:-1","max-image-preview":"max-image-preview:large","max-video-preview":"max-video-preview:-1"},"canonical":"https:\/\/moespot.pl\/pl\/produkt\/weberjoint-premium-tile-grout\/","og_locale":"pl_PL","og_type":"article","og_title":"weberjoint Premium Tile Grout - Moespot-Handlowy: Tile Adhesives for All Your Needs","og_description":"weberjoint Premium Tile Grout is a premium flexible wall &amp; floor tile grout which is\u00a0scratch-resistant, water-repellent and contains PURE CLEAN anti-stain technology. Suitable for interior and exterior use in situations where some movement or vibration is expected. weberjoint Premium Tile Grout is a flexible grout which can be used for grouting ceramic, porcelain, mosaic, quarry, [&hellip;]","og_url":"https:\/\/moespot.pl\/pl\/produkt\/weberjoint-premium-tile-grout\/","og_site_name":"Moespot-Handlowy: Tile Adhesives for All Your Needs","article_modified_time":"2024-05-24T11:17:13+00:00","og_image":[{"width":1000,"height":1000,"url":"https:\/\/moespot.pl\/wp-content\/uploads\/2024\/05\/weberjoint-premium-tile-grout-1.jpg","type":"image\/jpeg"}],"twitter_card":"summary_large_image","twitter_misc":{"Szacowany czas czytania":"2 minuty"},"schema":{"@context":"https:\/\/schema.org","@graph":[{"@type":"WebPage","@id":"https:\/\/moespot.pl\/product\/weberjoint-premium-tile-grout\/","url":"https:\/\/moespot.pl\/product\/weberjoint-premium-tile-grout\/","name":"weberjoint Premium Tile Grout - Moespot-Handlowy: Tile Adhesives for All Your Needs","isPartOf":{"@id":"https:\/\/moespot.pl\/#website"},"primaryImageOfPage":{"@id":"https:\/\/moespot.pl\/product\/weberjoint-premium-tile-grout\/#primaryimage"},"image":{"@id":"https:\/\/moespot.pl\/product\/weberjoint-premium-tile-grout\/#primaryimage"},"thumbnailUrl":"https:\/\/moespot.pl\/wp-content\/uploads\/2024\/05\/weberjoint-premium-tile-grout-1.jpg","datePublished":"2024-05-24T08:39:38+00:00","dateModified":"2024-05-24T11:17:13+00:00","breadcrumb":{"@id":"https:\/\/moespot.pl\/product\/weberjoint-premium-tile-grout\/#breadcrumb"},"inLanguage":"pl-PL","potentialAction":[{"@type":"ReadAction","target":["https:\/\/moespot.pl\/product\/weberjoint-premium-tile-grout\/"]}]},{"@type":"ImageObject","inLanguage":"pl-PL","@id":"https:\/\/moespot.pl\/product\/weberjoint-premium-tile-grout\/#primaryimage","url":"https:\/\/moespot.pl\/wp-content\/uploads\/2024\/05\/weberjoint-premium-tile-grout-1.jpg","contentUrl":"https:\/\/moespot.pl\/wp-content\/uploads\/2024\/05\/weberjoint-premium-tile-grout-1.jpg","width":1000,"height":1000},{"@type":"BreadcrumbList","@id":"https:\/\/moespot.pl\/product\/weberjoint-premium-tile-grout\/#breadcrumb","itemListElement":[{"@type":"ListItem","position":1,"name":"Home","item":"https:\/\/moespot.pl\/"},{"@type":"ListItem","position":2,"name":"Shop","item":"https:\/\/moespot.pl\/shop\/"},{"@type":"ListItem","position":3,"name":"weberjoint Premium Tile Grout"}]},{"@type":"WebSite","@id":"https:\/\/moespot.pl\/#website","url":"https:\/\/moespot.pl\/","name":"Moespot-Handlowy: Tile Adhesives for All Your Needs","description":"","potentialAction":[{"@type":"SearchAction","target":{"@type":"EntryPoint","urlTemplate":"https:\/\/moespot.pl\/?s={search_term_string}"},"query-input":"required name=search_term_string"}],"inLanguage":"pl-PL"}]}},"_links":{"self":[{"href":"https:\/\/moespot.pl\/pl\/wp-json\/wp\/v2\/product\/1980","targetHints":{"allow":["GET"]}}],"collection":[{"href":"https:\/\/moespot.pl\/pl\/wp-json\/wp\/v2\/product"}],"about":[{"href":"https:\/\/moespot.pl\/pl\/wp-json\/wp\/v2\/types\/product"}],"replies":[{"embeddable":true,"href":"https:\/\/moespot.pl\/pl\/wp-json\/wp\/v2\/comments?post=1980"}],"wp:featuredmedia":[{"embeddable":true,"href":"https:\/\/moespot.pl\/pl\/wp-json\/wp\/v2\/media\/1981"}],"wp:attachment":[{"href":"https:\/\/moespot.pl\/pl\/wp-json\/wp\/v2\/media?parent=1980"}],"wp:term":[{"taxonomy":"product_cat","embeddable":true,"href":"https:\/\/moespot.pl\/pl\/wp-json\/wp\/v2\/product_cat?post=1980"},{"taxonomy":"product_tag","embeddable":true,"href":"https:\/\/moespot.pl\/pl\/wp-json\/wp\/v2\/product_tag?post=1980"}],"curies":[{"name":"wp","href":"https:\/\/api.w.org\/{rel}","templated":true}]}}