{"id":177,"date":"2024-05-21T11:33:49","date_gmt":"2024-05-21T11:33:49","guid":{"rendered":"https:\/\/moespot.pl\/?post_type=product&#038;p=177"},"modified":"2024-05-24T08:19:12","modified_gmt":"2024-05-24T08:19:12","slug":"ultra-tile-fix-prosuper-grip-wall-tile-adhesive-15kg","status":"publish","type":"product","link":"https:\/\/moespot.pl\/pl\/product\/ultra-tile-fix-prosuper-grip-wall-tile-adhesive-15kg\/","title":{"rendered":"Ultra Tile Fix ProSuper Grip Wall Tile Adhesive 15kg"},"content":{"rendered":"<p>Ultra Tile Fix ProSuper Grip to gotowy klej o du\u017cej przyczepno\u015bci do p\u0142ytek, przeznaczony do stosowania przy uk\u0142adaniu p\u0142ytek \u015bciennych wewn\u0105trz pomieszcze\u0144. Dost\u0119pny w opakowaniach 15 kg.<\/p>\n<p>Ultra Tile Fix ProSuper Grip zosta\u0142 specjalnie opracowany ze wzgl\u0119du na swoje antypo\u015blizgowe w\u0142a\u015bciwo\u015bci i wysok\u0105 przyczepno\u015b\u0107, kt\u00f3re umo\u017cliwiaj\u0105 szybkie nak\u0142adanie standardowych i wielkoformatowych p\u0142ytek \u015bciennych. Ultra Tile Fix ProSuper Grip nadaje si\u0119 do okresowo mokrych warunk\u00f3w, np. domowych prysznic\u00f3w, kuchni i \u0142azienek. Zawiera dodatek przeciwgrzybiczy, kt\u00f3ry zapobiega tworzeniu si\u0119 ple\u015bni. Uwaga: porowate p\u0142ytki z kamienia naturalnego nale\u017cy sprawdzi\u0107 pod k\u0105tem kompatybilno\u015bci, aby unikn\u0105\u0107 plam.<\/p>\n<p>Ultra Tile Fix ProSuper Grip nie nadaje si\u0119 do pomieszcze\u0144 wilgotnych, wsp\u00f3lnych prysznic\u00f3w, basen\u00f3w ani z elektrycznym lub wodnym ogrzewaniem pod\u0142ogowym.<\/p>\n<p>Ultra Tile Fix ProSuper Grip nadaje si\u0119 do wi\u0119kszo\u015bci p\u0142ytek \u2013 p\u0142ytek ceramicznych, porcelany, mozaiki, marmuru, trawertynu, granitu, wapienia, terakoty, p\u0142ytek kamienio\u0142om\u00f3w i \u0142upk\u00f3w. Nale\u017cy pami\u0119ta\u0107, \u017ce w przypadku stosowania p\u0142ytek nieporowatych, takich jak porcelana, czas schni\u0119cia kleju znacznie si\u0119 wyd\u0142u\u017cy.<\/p>\n<p>Ultra Tile Fix ProSuper Grip nadaje si\u0119 do stosowania na wi\u0119kszo\u015bci pod\u0142o\u017cy \u2013 betonie, p\u0142ytach podk\u0142adowych pod p\u0142ytki, p\u0142ytach pil\u015bniowych cementowych, istniej\u0105cych p\u0142ytkach, twardym i stabilnym tynku, p\u0142ytach gipsowo-kartonowych, tynku piaskowo-cementowym i ceg\u0142ach\/bloczkach betonowych.<\/p>\n<p><strong>Aplikacja:<\/strong><br \/>\nKlej nanosi\u0107 na powierzchni\u0119 za pomoc\u0105 pacy z\u0119batej. P\u0142ytki \u0142\u00f3\u017cka nale\u017cy mocno w\u0142o\u017cy\u0107, lekko je skr\u0119caj\u0105c. Usu\u0144 nadmiar kleju z powierzchni p\u0142ytki wilgotn\u0105 szmatk\u0105 i usu\u0144 nadmiar z fug, zanim zastygnie. Pozostawi\u0107 na minimum 18 godzin przed spoinowaniem (w przypadku powierzchni nieprzepuszczalnych lub uszczelnionych wymagany b\u0119dzie d\u0142u\u017cszy czas). Nie nak\u0142ada\u0107 wi\u0119cej ni\u017c 1 m\u00b2 kleju przed rozpocz\u0119ciem uk\u0142adania p\u0142ytek, poniewa\u017c mo\u017ce wyst\u0105pi\u0107 ko\u017cuszenie. Je\u015bli wyst\u0105pi ko\u017cuszenie, mo\u017ce to wp\u0142yn\u0105\u0107 na wi\u0105zanie. Maksymalna grubo\u015b\u0107 warstwy wynosi 3 mm, osi\u0105gana przy u\u017cyciu pacy z\u0119batej o wymiarach 6 mm na 6 mm. Nie zaleca si\u0119 klejenia punktowego.<\/p>\n<p><strong>Dane techniczne:<\/strong><br \/>\nWielko\u015b\u0107 jednostki: Wiadra 15 kg<br \/>\nKolory: z\u0142amana biel<br \/>\nKlasyfikacja: EN12004 klasa D1TE<br \/>\nGrubo\u015b\u0107 \u0142\u00f3\u017cka: 3 mm<br \/>\nFuga po\u2020: 18 godzin<br \/>\n(To nie jest ustawiony czas produktu.)<br \/>\nWydajno\u015b\u0107: 1,8 kg na m\u00b2<br \/>\nCzas otwarcia\u2020: 20 minut<br \/>\nCzas regulacji\u2020: 20 minut<br \/>\nTemperatury stosowania: 5\u00b0C do 25\u00b0C<br \/>\n\u2020W zale\u017cno\u015bci od temperatury, pod\u0142o\u017ca, porowato\u015bci pod\u0142o\u017ca i p\u0142ytek oraz warunk\u00f3w miejsca.<\/p>\n<p><code><a href=\"https:\/\/moespot.pl\/wp-content\/uploads\/2024\/05\/UltraTileFix-ProSuper-Grip-Datasheet.pdf\" target=\"_blank\" rel=\"noopener noreferrer\">Kart\u0119 produktu<\/a><\/code><\/p>","protected":false},"excerpt":{"rendered":"<p>Ultra Tile Fix ProSuper Grip is a ready-mixed, high grab tile adhesive for use on interior wall tiling applications. Available in 15kg tubs. Ultra Tile Fix ProSuper Grip has been specially formulated for its nonslip, high grab properties, which allow the speedy application of standard and large format wall tiles. Ultra Tile Fix ProSuper Grip [&hellip;]<\/p>","protected":false},"featured_media":185,"comment_status":"open","ping_status":"closed","template":"","meta":[],"product_cat":[20,32],"product_tag":[],"class_list":{"0":"post-177","1":"product","2":"type-product","3":"status-publish","4":"has-post-thumbnail","6":"product_cat-ready-mixed-adhesives","7":"product_cat-ultra-tile-fix-ready-mixed-tile-adhesives","9":"first","10":"instock","11":"shipping-taxable","12":"purchasable","13":"product-type-simple"},"yoast_head":"<!-- This site is optimized with the Yoast SEO plugin v23.3 - https:\/\/yoast.com\/wordpress\/plugins\/seo\/ -->\n<title>Ultra Tile Fix ProSuper Grip Wall Tile Adhesive 15kg - Moespot-Handlowy: Tile Adhesives for All Your Needs<\/title>\n<meta name=\"robots\" content=\"index, follow, max-snippet:-1, max-image-preview:large, max-video-preview:-1\" \/>\n<link rel=\"canonical\" href=\"https:\/\/moespot.pl\/pl\/produkt\/ultra-tile-fix-prosuper-grip-wall-tile-adhesive-15kg\/\" \/>\n<meta property=\"og:locale\" content=\"pl_PL\" \/>\n<meta property=\"og:type\" content=\"article\" \/>\n<meta property=\"og:title\" content=\"Ultra Tile Fix ProSuper Grip Wall Tile Adhesive 15kg - Moespot-Handlowy: Tile Adhesives for All Your Needs\" \/>\n<meta property=\"og:description\" content=\"Ultra Tile Fix ProSuper Grip is a ready-mixed, high grab tile adhesive for use on interior wall tiling applications. Available in 15kg tubs. Ultra Tile Fix ProSuper Grip has been specially formulated for its nonslip, high grab properties, which allow the speedy application of standard and large format wall tiles. Ultra Tile Fix ProSuper Grip [&hellip;]\" \/>\n<meta property=\"og:url\" content=\"https:\/\/moespot.pl\/pl\/produkt\/ultra-tile-fix-prosuper-grip-wall-tile-adhesive-15kg\/\" \/>\n<meta property=\"og:site_name\" content=\"Moespot-Handlowy: Tile Adhesives for All Your Needs\" \/>\n<meta property=\"article:modified_time\" content=\"2024-05-24T08:19:12+00:00\" \/>\n<meta property=\"og:image\" content=\"https:\/\/moespot.pl\/wp-content\/uploads\/2024\/05\/ultra-tile-fix-prosuper-grip-wall-tile-adhesive.jpg\" \/>\n\t<meta property=\"og:image:width\" content=\"1000\" \/>\n\t<meta property=\"og:image:height\" content=\"1000\" \/>\n\t<meta property=\"og:image:type\" content=\"image\/jpeg\" \/>\n<meta name=\"twitter:card\" content=\"summary_large_image\" \/>\n<meta name=\"twitter:label1\" content=\"Szacowany czas czytania\" \/>\n\t<meta name=\"twitter:data1\" content=\"2 minuty\" \/>\n<script type=\"application\/ld+json\" class=\"yoast-schema-graph\">{\"@context\":\"https:\/\/schema.org\",\"@graph\":[{\"@type\":\"WebPage\",\"@id\":\"https:\/\/moespot.pl\/product\/ultra-tile-fix-prosuper-grip-wall-tile-adhesive-15kg\/\",\"url\":\"https:\/\/moespot.pl\/product\/ultra-tile-fix-prosuper-grip-wall-tile-adhesive-15kg\/\",\"name\":\"Ultra Tile Fix ProSuper Grip Wall Tile Adhesive 15kg - Moespot-Handlowy: Tile Adhesives for All Your Needs\",\"isPartOf\":{\"@id\":\"https:\/\/moespot.pl\/#website\"},\"primaryImageOfPage\":{\"@id\":\"https:\/\/moespot.pl\/product\/ultra-tile-fix-prosuper-grip-wall-tile-adhesive-15kg\/#primaryimage\"},\"image\":{\"@id\":\"https:\/\/moespot.pl\/product\/ultra-tile-fix-prosuper-grip-wall-tile-adhesive-15kg\/#primaryimage\"},\"thumbnailUrl\":\"https:\/\/moespot.pl\/wp-content\/uploads\/2024\/05\/ultra-tile-fix-prosuper-grip-wall-tile-adhesive.jpg\",\"datePublished\":\"2024-05-21T11:33:49+00:00\",\"dateModified\":\"2024-05-24T08:19:12+00:00\",\"breadcrumb\":{\"@id\":\"https:\/\/moespot.pl\/product\/ultra-tile-fix-prosuper-grip-wall-tile-adhesive-15kg\/#breadcrumb\"},\"inLanguage\":\"pl-PL\",\"potentialAction\":[{\"@type\":\"ReadAction\",\"target\":[\"https:\/\/moespot.pl\/product\/ultra-tile-fix-prosuper-grip-wall-tile-adhesive-15kg\/\"]}]},{\"@type\":\"ImageObject\",\"inLanguage\":\"pl-PL\",\"@id\":\"https:\/\/moespot.pl\/product\/ultra-tile-fix-prosuper-grip-wall-tile-adhesive-15kg\/#primaryimage\",\"url\":\"https:\/\/moespot.pl\/wp-content\/uploads\/2024\/05\/ultra-tile-fix-prosuper-grip-wall-tile-adhesive.jpg\",\"contentUrl\":\"https:\/\/moespot.pl\/wp-content\/uploads\/2024\/05\/ultra-tile-fix-prosuper-grip-wall-tile-adhesive.jpg\",\"width\":1000,\"height\":1000},{\"@type\":\"BreadcrumbList\",\"@id\":\"https:\/\/moespot.pl\/product\/ultra-tile-fix-prosuper-grip-wall-tile-adhesive-15kg\/#breadcrumb\",\"itemListElement\":[{\"@type\":\"ListItem\",\"position\":1,\"name\":\"Home\",\"item\":\"https:\/\/moespot.pl\/\"},{\"@type\":\"ListItem\",\"position\":2,\"name\":\"Shop\",\"item\":\"https:\/\/moespot.pl\/shop\/\"},{\"@type\":\"ListItem\",\"position\":3,\"name\":\"Ultra Tile Fix ProSuper Grip Wall Tile Adhesive 15kg\"}]},{\"@type\":\"WebSite\",\"@id\":\"https:\/\/moespot.pl\/#website\",\"url\":\"https:\/\/moespot.pl\/\",\"name\":\"Moespot-Handlowy: Tile Adhesives for All Your Needs\",\"description\":\"\",\"potentialAction\":[{\"@type\":\"SearchAction\",\"target\":{\"@type\":\"EntryPoint\",\"urlTemplate\":\"https:\/\/moespot.pl\/?s={search_term_string}\"},\"query-input\":\"required name=search_term_string\"}],\"inLanguage\":\"pl-PL\"}]}<\/script>\n<!-- \/ Yoast SEO plugin. -->","yoast_head_json":{"title":"Ultra Tile Fix ProSuper Grip Wall Tile Adhesive 15kg - Moespot-Handlowy: Tile Adhesives for All Your Needs","robots":{"index":"index","follow":"follow","max-snippet":"max-snippet:-1","max-image-preview":"max-image-preview:large","max-video-preview":"max-video-preview:-1"},"canonical":"https:\/\/moespot.pl\/pl\/produkt\/ultra-tile-fix-prosuper-grip-wall-tile-adhesive-15kg\/","og_locale":"pl_PL","og_type":"article","og_title":"Ultra Tile Fix ProSuper Grip Wall Tile Adhesive 15kg - Moespot-Handlowy: Tile Adhesives for All Your Needs","og_description":"Ultra Tile Fix ProSuper Grip is a ready-mixed, high grab tile adhesive for use on interior wall tiling applications. Available in 15kg tubs. Ultra Tile Fix ProSuper Grip has been specially formulated for its nonslip, high grab properties, which allow the speedy application of standard and large format wall tiles. Ultra Tile Fix ProSuper Grip [&hellip;]","og_url":"https:\/\/moespot.pl\/pl\/produkt\/ultra-tile-fix-prosuper-grip-wall-tile-adhesive-15kg\/","og_site_name":"Moespot-Handlowy: Tile Adhesives for All Your Needs","article_modified_time":"2024-05-24T08:19:12+00:00","og_image":[{"width":1000,"height":1000,"url":"https:\/\/moespot.pl\/wp-content\/uploads\/2024\/05\/ultra-tile-fix-prosuper-grip-wall-tile-adhesive.jpg","type":"image\/jpeg"}],"twitter_card":"summary_large_image","twitter_misc":{"Szacowany czas czytania":"2 minuty"},"schema":{"@context":"https:\/\/schema.org","@graph":[{"@type":"WebPage","@id":"https:\/\/moespot.pl\/product\/ultra-tile-fix-prosuper-grip-wall-tile-adhesive-15kg\/","url":"https:\/\/moespot.pl\/product\/ultra-tile-fix-prosuper-grip-wall-tile-adhesive-15kg\/","name":"Ultra Tile Fix ProSuper Grip Wall Tile Adhesive 15kg - Moespot-Handlowy: Tile Adhesives for All Your Needs","isPartOf":{"@id":"https:\/\/moespot.pl\/#website"},"primaryImageOfPage":{"@id":"https:\/\/moespot.pl\/product\/ultra-tile-fix-prosuper-grip-wall-tile-adhesive-15kg\/#primaryimage"},"image":{"@id":"https:\/\/moespot.pl\/product\/ultra-tile-fix-prosuper-grip-wall-tile-adhesive-15kg\/#primaryimage"},"thumbnailUrl":"https:\/\/moespot.pl\/wp-content\/uploads\/2024\/05\/ultra-tile-fix-prosuper-grip-wall-tile-adhesive.jpg","datePublished":"2024-05-21T11:33:49+00:00","dateModified":"2024-05-24T08:19:12+00:00","breadcrumb":{"@id":"https:\/\/moespot.pl\/product\/ultra-tile-fix-prosuper-grip-wall-tile-adhesive-15kg\/#breadcrumb"},"inLanguage":"pl-PL","potentialAction":[{"@type":"ReadAction","target":["https:\/\/moespot.pl\/product\/ultra-tile-fix-prosuper-grip-wall-tile-adhesive-15kg\/"]}]},{"@type":"ImageObject","inLanguage":"pl-PL","@id":"https:\/\/moespot.pl\/product\/ultra-tile-fix-prosuper-grip-wall-tile-adhesive-15kg\/#primaryimage","url":"https:\/\/moespot.pl\/wp-content\/uploads\/2024\/05\/ultra-tile-fix-prosuper-grip-wall-tile-adhesive.jpg","contentUrl":"https:\/\/moespot.pl\/wp-content\/uploads\/2024\/05\/ultra-tile-fix-prosuper-grip-wall-tile-adhesive.jpg","width":1000,"height":1000},{"@type":"BreadcrumbList","@id":"https:\/\/moespot.pl\/product\/ultra-tile-fix-prosuper-grip-wall-tile-adhesive-15kg\/#breadcrumb","itemListElement":[{"@type":"ListItem","position":1,"name":"Home","item":"https:\/\/moespot.pl\/"},{"@type":"ListItem","position":2,"name":"Shop","item":"https:\/\/moespot.pl\/shop\/"},{"@type":"ListItem","position":3,"name":"Ultra Tile Fix ProSuper Grip Wall Tile Adhesive 15kg"}]},{"@type":"WebSite","@id":"https:\/\/moespot.pl\/#website","url":"https:\/\/moespot.pl\/","name":"Moespot-Handlowy: Tile Adhesives for All Your Needs","description":"","potentialAction":[{"@type":"SearchAction","target":{"@type":"EntryPoint","urlTemplate":"https:\/\/moespot.pl\/?s={search_term_string}"},"query-input":"required name=search_term_string"}],"inLanguage":"pl-PL"}]}},"_links":{"self":[{"href":"https:\/\/moespot.pl\/pl\/wp-json\/wp\/v2\/product\/177","targetHints":{"allow":["GET"]}}],"collection":[{"href":"https:\/\/moespot.pl\/pl\/wp-json\/wp\/v2\/product"}],"about":[{"href":"https:\/\/moespot.pl\/pl\/wp-json\/wp\/v2\/types\/product"}],"replies":[{"embeddable":true,"href":"https:\/\/moespot.pl\/pl\/wp-json\/wp\/v2\/comments?post=177"}],"wp:featuredmedia":[{"embeddable":true,"href":"https:\/\/moespot.pl\/pl\/wp-json\/wp\/v2\/media\/185"}],"wp:attachment":[{"href":"https:\/\/moespot.pl\/pl\/wp-json\/wp\/v2\/media?parent=177"}],"wp:term":[{"taxonomy":"product_cat","embeddable":true,"href":"https:\/\/moespot.pl\/pl\/wp-json\/wp\/v2\/product_cat?post=177"},{"taxonomy":"product_tag","embeddable":true,"href":"https:\/\/moespot.pl\/pl\/wp-json\/wp\/v2\/product_tag?post=177"}],"curies":[{"name":"wp","href":"https:\/\/api.w.org\/{rel}","templated":true}]}}