{"id":1713,"date":"2024-05-24T05:55:58","date_gmt":"2024-05-24T05:55:58","guid":{"rendered":"https:\/\/moespot.pl\/?post_type=product&#038;p=1713"},"modified":"2024-06-04T06:56:35","modified_gmt":"2024-06-04T06:56:35","slug":"tilemaster-grout-3000-tile-grout","status":"publish","type":"product","link":"https:\/\/moespot.pl\/pl\/product\/tilemaster-grout-3000-tile-grout\/","title":{"rendered":"Tilemaster Grout 3000 Tile Grout"},"content":{"rendered":"<p>Tilemaster Grout 3000 to elastyczna, bardzo wszechstronna, szybko wi\u0105\u017c\u0105ca cementowa fuga do \u015bcian i pod\u0142\u00f3g, zawieraj\u0105ca technologi\u0119 zapobiegaj\u0105c\u0105 ple\u015bni. Nadaje si\u0119 do fug o szeroko\u015bci 2 mm \u2013 15 mm. Dost\u0119pny w workach 5kg.<\/p>\n<p>Tilemaster Grout 3000 jest elastyczny i nadaje si\u0119 do stosowania na: wylewce piaskowo-cementowej, tynku, betonie, tynku gipsowym, p\u0142ytach gipsowo-kartonowych, ogrzewaniu pod\u0142ogowym, sklejce, istniej\u0105cych p\u0142ytkach, ceg\u0142ach\/bloczkach betonowych, p\u0142ytach glazurniczych, jastrychach anhydrytowych, asfalcie i bitumie klasy pod\u0142ogowej .<\/p>\n<p>Tilemaster Grout 3000 mo\u017cna stosowa\u0107 z nast\u0119puj\u0105cymi rodzajami p\u0142ytek: porcelana, ceramika, terakota, kamienio\u0142om, marmur, trawertyn, wapie\u0144, mozaika, kompozyty i p\u0142ytki kwarcowe.<\/p>\n<p>Po zmieszaniu z dodatkiem Tilemaster\u00a0Flexmaster\u00a0Additive w\u0142a\u015bciwo\u015bci elastyczne zaprawy ulegaj\u0105 poprawie, dzi\u0119ki czemu nadaje si\u0119 ona do szerszej gamy pod\u0142o\u017cy, takich jak deski pod\u0142ogowe T i G, stal i w\u0142\u00f3kno szklane. Ma bardzo nisk\u0105 przepuszczalno\u015b\u0107 i dlatego nadaje si\u0119 do stosowania w obszarach nara\u017conych na d\u0142ugotrwa\u0142e lub sta\u0142e zanurzenie w wodzie, takich jak mokre pomieszczenia, prysznice i baseny.<\/p>\n<p>Tilemaster Grout 3000 zawiera r\u00f3wnie\u017c specjalne dodatki zwi\u0119kszaj\u0105ce wodoodporno\u015b\u0107, co daje efekt pere\u0142ek. Po wyschni\u0119ciu tworzy trwa\u0142e, odporne na kurczenie si\u0119, ple\u015b\u0144 i wod\u0119 wyko\u0144czenie, kt\u00f3re nadaje si\u0119 do u\u017cytku wewn\u0119trznego i zewn\u0119trznego. Zawiera technologi\u0119 przeciw ple\u015bni, kt\u00f3ra zapobiega tworzeniu si\u0119 ple\u015bni i chroni wygl\u0105d z\u0142\u0105cza.<\/p>\n<p>Tilemaster Grout 3000 nadaje si\u0119 do spoinowania p\u0142ytek ceramicznych, porcelanowych, mozaikowych, szklanych, kamienio\u0142om\u00f3w, terakoty i kamienia naturalnego. Mo\u017cna go stosowa\u0107 na wszystkich typowych pod\u0142o\u017cach, w tym na pod\u0142o\u017cach o ograniczonym ruchu, takich jak ogrzewanie pod\u0142ogowe i powierzchnie drewniane, nadaje si\u0119 do stosowania wewn\u0105trz i na zewn\u0105trz.<\/p>\n<p>Tilemaster Grout 3000 jest dost\u0119pny w nast\u0119puj\u0105cych kolorach: migda\u0142owy, ciemnoszary, naturalny szary, czysta biel, ja\u015bmin, be\u017c, wapie\u0144, piaskowiec, jasnoszary, \u015bredni szary, w\u0119giel drzewny, czarny, d\u0105b, orzech laskowy, pekan, cedr, osika i \u017cwir . Te kolory s\u0105 r\u00f3wnie\u017c dost\u0119pne w pasuj\u0105cym silikonie \u2013 Tilemaster\u00a0Silicone 3000.<\/p>\n<p>Zaprawa ta nadaje si\u0119 do stosowania w: prysznicach domowych i komercyjnych, \u0142azienkach, pomieszczeniach mokrych, basenach, kuchniach domowych i komercyjnych, obszarach nara\u017conych na d\u0142ugotrwa\u0142e dzia\u0142anie wilgoci, obszarach o du\u017cym nat\u0119\u017ceniu ruchu, takich jak: punkty sprzeda\u017cy detalicznej\/handlowej, salony samochodowe, restauracje.<\/p>\n<p><strong>Dane techniczne:<\/strong><br \/>\nZgodno\u015b\u0107 z norm\u0105: Zgodna z norm\u0105 EN 13888 klasa CG2 WA<br \/>\nSzeroko\u015bci spoin: 2 mm \u2013 15 mm<br \/>\nCzas otwarty\/czas pracy: oko\u0142o 30 \u2013 45 minut (przy 20\u00b0C)<br \/>\nMa\u0142y ruch pieszy: oko\u0142o 3 godziny (przy 20\u00b0C)<br \/>\nUstaw czas: 24 godziny<br \/>\nTemperatura aplikacji: 5\u00b0C \u2013 30\u00b0C<br \/>\nWielko\u015b\u0107 opakowania: 5kg<br \/>\nOkres przydatno\u015bci do spo\u017cycia: 12 miesi\u0119cy przy przechowywaniu w ch\u0142odnych, suchych i chronionych przed mrozem warunkach<\/p>\n<p><code><a href=\"https:\/\/moespot.pl\/wp-content\/uploads\/2024\/05\/Tilemaster-Grout-3000-Datasheet-1.pdf\" target=\"_blank\" rel=\"noopener noreferrer\">Kart\u0119 produktu<\/a><\/code><\/p>","protected":false},"excerpt":{"rendered":"<p>Tilemaster Grout 3000 is a flexible, highly versatile, fast setting cement based wall and floor grout containing anti mould technology. Suitable for 2mm \u2013 15mm grout joint widths. Comes in 5kg bags. Tilemaster Grout 3000 is flexible and is suitable for use on: Sand\/Cement Screed, Render, Concrete, Gypsum Plaster, Plasterboard, Underfloor Heating, Plywood, Existing Tiles, [&hellip;]<\/p>","protected":false},"featured_media":1714,"comment_status":"open","ping_status":"closed","template":"","meta":[],"product_cat":[51,74],"product_tag":[],"class_list":{"0":"post-1713","1":"product","2":"type-product","3":"status-publish","4":"has-post-thumbnail","6":"product_cat-tile-grout","7":"product_cat-tilemaster-tile-grout","9":"first","10":"instock","11":"shipping-taxable","12":"purchasable","13":"product-type-variable"},"yoast_head":"<!-- This site is optimized with the Yoast SEO plugin v23.3 - https:\/\/yoast.com\/wordpress\/plugins\/seo\/ -->\n<title>Tilemaster Grout 3000 Tile Grout - Moespot-Handlowy: Tile Adhesives for All Your Needs<\/title>\n<meta name=\"robots\" content=\"index, follow, max-snippet:-1, max-image-preview:large, max-video-preview:-1\" \/>\n<link rel=\"canonical\" href=\"https:\/\/moespot.pl\/pl\/produkt\/tilemaster-grout-3000-tile-grout\/\" \/>\n<meta property=\"og:locale\" content=\"pl_PL\" \/>\n<meta property=\"og:type\" content=\"article\" \/>\n<meta property=\"og:title\" content=\"Tilemaster Grout 3000 Tile Grout - Moespot-Handlowy: Tile Adhesives for All Your Needs\" \/>\n<meta property=\"og:description\" content=\"Tilemaster Grout 3000 is a flexible, highly versatile, fast setting cement based wall and floor grout containing anti mould technology. Suitable for 2mm \u2013 15mm grout joint widths. Comes in 5kg bags. Tilemaster Grout 3000 is flexible and is suitable for use on: Sand\/Cement Screed, Render, Concrete, Gypsum Plaster, Plasterboard, Underfloor Heating, Plywood, Existing Tiles, [&hellip;]\" \/>\n<meta property=\"og:url\" content=\"https:\/\/moespot.pl\/pl\/produkt\/tilemaster-grout-3000-tile-grout\/\" \/>\n<meta property=\"og:site_name\" content=\"Moespot-Handlowy: Tile Adhesives for All Your Needs\" \/>\n<meta property=\"article:modified_time\" content=\"2024-06-04T06:56:35+00:00\" \/>\n<meta property=\"og:image\" content=\"https:\/\/moespot.pl\/wp-content\/uploads\/2024\/05\/tilemaster-grout-3000-1.jpg\" \/>\n\t<meta property=\"og:image:width\" content=\"1000\" \/>\n\t<meta property=\"og:image:height\" content=\"1000\" \/>\n\t<meta property=\"og:image:type\" content=\"image\/jpeg\" \/>\n<meta name=\"twitter:card\" content=\"summary_large_image\" \/>\n<meta name=\"twitter:label1\" content=\"Szacowany czas czytania\" \/>\n\t<meta name=\"twitter:data1\" content=\"2 minuty\" \/>\n<script type=\"application\/ld+json\" class=\"yoast-schema-graph\">{\"@context\":\"https:\/\/schema.org\",\"@graph\":[{\"@type\":\"WebPage\",\"@id\":\"https:\/\/moespot.pl\/product\/tilemaster-grout-3000-tile-grout\/\",\"url\":\"https:\/\/moespot.pl\/product\/tilemaster-grout-3000-tile-grout\/\",\"name\":\"Tilemaster Grout 3000 Tile Grout - Moespot-Handlowy: Tile Adhesives for All Your Needs\",\"isPartOf\":{\"@id\":\"https:\/\/moespot.pl\/#website\"},\"primaryImageOfPage\":{\"@id\":\"https:\/\/moespot.pl\/product\/tilemaster-grout-3000-tile-grout\/#primaryimage\"},\"image\":{\"@id\":\"https:\/\/moespot.pl\/product\/tilemaster-grout-3000-tile-grout\/#primaryimage\"},\"thumbnailUrl\":\"https:\/\/moespot.pl\/wp-content\/uploads\/2024\/05\/tilemaster-grout-3000-1.jpg\",\"datePublished\":\"2024-05-24T05:55:58+00:00\",\"dateModified\":\"2024-06-04T06:56:35+00:00\",\"breadcrumb\":{\"@id\":\"https:\/\/moespot.pl\/product\/tilemaster-grout-3000-tile-grout\/#breadcrumb\"},\"inLanguage\":\"pl-PL\",\"potentialAction\":[{\"@type\":\"ReadAction\",\"target\":[\"https:\/\/moespot.pl\/product\/tilemaster-grout-3000-tile-grout\/\"]}]},{\"@type\":\"ImageObject\",\"inLanguage\":\"pl-PL\",\"@id\":\"https:\/\/moespot.pl\/product\/tilemaster-grout-3000-tile-grout\/#primaryimage\",\"url\":\"https:\/\/moespot.pl\/wp-content\/uploads\/2024\/05\/tilemaster-grout-3000-1.jpg\",\"contentUrl\":\"https:\/\/moespot.pl\/wp-content\/uploads\/2024\/05\/tilemaster-grout-3000-1.jpg\",\"width\":1000,\"height\":1000},{\"@type\":\"BreadcrumbList\",\"@id\":\"https:\/\/moespot.pl\/product\/tilemaster-grout-3000-tile-grout\/#breadcrumb\",\"itemListElement\":[{\"@type\":\"ListItem\",\"position\":1,\"name\":\"Home\",\"item\":\"https:\/\/moespot.pl\/\"},{\"@type\":\"ListItem\",\"position\":2,\"name\":\"Shop\",\"item\":\"https:\/\/moespot.pl\/shop\/\"},{\"@type\":\"ListItem\",\"position\":3,\"name\":\"Tilemaster Grout 3000 Tile Grout\"}]},{\"@type\":\"WebSite\",\"@id\":\"https:\/\/moespot.pl\/#website\",\"url\":\"https:\/\/moespot.pl\/\",\"name\":\"Moespot-Handlowy: Tile Adhesives for All Your Needs\",\"description\":\"\",\"potentialAction\":[{\"@type\":\"SearchAction\",\"target\":{\"@type\":\"EntryPoint\",\"urlTemplate\":\"https:\/\/moespot.pl\/?s={search_term_string}\"},\"query-input\":\"required name=search_term_string\"}],\"inLanguage\":\"pl-PL\"}]}<\/script>\n<!-- \/ Yoast SEO plugin. -->","yoast_head_json":{"title":"Tilemaster Grout 3000 Tile Grout - Moespot-Handlowy: Tile Adhesives for All Your Needs","robots":{"index":"index","follow":"follow","max-snippet":"max-snippet:-1","max-image-preview":"max-image-preview:large","max-video-preview":"max-video-preview:-1"},"canonical":"https:\/\/moespot.pl\/pl\/produkt\/tilemaster-grout-3000-tile-grout\/","og_locale":"pl_PL","og_type":"article","og_title":"Tilemaster Grout 3000 Tile Grout - Moespot-Handlowy: Tile Adhesives for All Your Needs","og_description":"Tilemaster Grout 3000 is a flexible, highly versatile, fast setting cement based wall and floor grout containing anti mould technology. Suitable for 2mm \u2013 15mm grout joint widths. Comes in 5kg bags. Tilemaster Grout 3000 is flexible and is suitable for use on: Sand\/Cement Screed, Render, Concrete, Gypsum Plaster, Plasterboard, Underfloor Heating, Plywood, Existing Tiles, [&hellip;]","og_url":"https:\/\/moespot.pl\/pl\/produkt\/tilemaster-grout-3000-tile-grout\/","og_site_name":"Moespot-Handlowy: Tile Adhesives for All Your Needs","article_modified_time":"2024-06-04T06:56:35+00:00","og_image":[{"width":1000,"height":1000,"url":"https:\/\/moespot.pl\/wp-content\/uploads\/2024\/05\/tilemaster-grout-3000-1.jpg","type":"image\/jpeg"}],"twitter_card":"summary_large_image","twitter_misc":{"Szacowany czas czytania":"2 minuty"},"schema":{"@context":"https:\/\/schema.org","@graph":[{"@type":"WebPage","@id":"https:\/\/moespot.pl\/product\/tilemaster-grout-3000-tile-grout\/","url":"https:\/\/moespot.pl\/product\/tilemaster-grout-3000-tile-grout\/","name":"Tilemaster Grout 3000 Tile Grout - Moespot-Handlowy: Tile Adhesives for All Your Needs","isPartOf":{"@id":"https:\/\/moespot.pl\/#website"},"primaryImageOfPage":{"@id":"https:\/\/moespot.pl\/product\/tilemaster-grout-3000-tile-grout\/#primaryimage"},"image":{"@id":"https:\/\/moespot.pl\/product\/tilemaster-grout-3000-tile-grout\/#primaryimage"},"thumbnailUrl":"https:\/\/moespot.pl\/wp-content\/uploads\/2024\/05\/tilemaster-grout-3000-1.jpg","datePublished":"2024-05-24T05:55:58+00:00","dateModified":"2024-06-04T06:56:35+00:00","breadcrumb":{"@id":"https:\/\/moespot.pl\/product\/tilemaster-grout-3000-tile-grout\/#breadcrumb"},"inLanguage":"pl-PL","potentialAction":[{"@type":"ReadAction","target":["https:\/\/moespot.pl\/product\/tilemaster-grout-3000-tile-grout\/"]}]},{"@type":"ImageObject","inLanguage":"pl-PL","@id":"https:\/\/moespot.pl\/product\/tilemaster-grout-3000-tile-grout\/#primaryimage","url":"https:\/\/moespot.pl\/wp-content\/uploads\/2024\/05\/tilemaster-grout-3000-1.jpg","contentUrl":"https:\/\/moespot.pl\/wp-content\/uploads\/2024\/05\/tilemaster-grout-3000-1.jpg","width":1000,"height":1000},{"@type":"BreadcrumbList","@id":"https:\/\/moespot.pl\/product\/tilemaster-grout-3000-tile-grout\/#breadcrumb","itemListElement":[{"@type":"ListItem","position":1,"name":"Home","item":"https:\/\/moespot.pl\/"},{"@type":"ListItem","position":2,"name":"Shop","item":"https:\/\/moespot.pl\/shop\/"},{"@type":"ListItem","position":3,"name":"Tilemaster Grout 3000 Tile Grout"}]},{"@type":"WebSite","@id":"https:\/\/moespot.pl\/#website","url":"https:\/\/moespot.pl\/","name":"Moespot-Handlowy: Tile Adhesives for All Your Needs","description":"","potentialAction":[{"@type":"SearchAction","target":{"@type":"EntryPoint","urlTemplate":"https:\/\/moespot.pl\/?s={search_term_string}"},"query-input":"required name=search_term_string"}],"inLanguage":"pl-PL"}]}},"_links":{"self":[{"href":"https:\/\/moespot.pl\/pl\/wp-json\/wp\/v2\/product\/1713","targetHints":{"allow":["GET"]}}],"collection":[{"href":"https:\/\/moespot.pl\/pl\/wp-json\/wp\/v2\/product"}],"about":[{"href":"https:\/\/moespot.pl\/pl\/wp-json\/wp\/v2\/types\/product"}],"replies":[{"embeddable":true,"href":"https:\/\/moespot.pl\/pl\/wp-json\/wp\/v2\/comments?post=1713"}],"wp:featuredmedia":[{"embeddable":true,"href":"https:\/\/moespot.pl\/pl\/wp-json\/wp\/v2\/media\/1714"}],"wp:attachment":[{"href":"https:\/\/moespot.pl\/pl\/wp-json\/wp\/v2\/media?parent=1713"}],"wp:term":[{"taxonomy":"product_cat","embeddable":true,"href":"https:\/\/moespot.pl\/pl\/wp-json\/wp\/v2\/product_cat?post=1713"},{"taxonomy":"product_tag","embeddable":true,"href":"https:\/\/moespot.pl\/pl\/wp-json\/wp\/v2\/product_tag?post=1713"}],"curies":[{"name":"wp","href":"https:\/\/api.w.org\/{rel}","templated":true}]}}