{"id":1587,"date":"2024-05-23T12:33:34","date_gmt":"2024-05-23T12:33:34","guid":{"rendered":"https:\/\/moespot.pl\/?post_type=product&#038;p=1587"},"modified":"2024-05-24T11:55:35","modified_gmt":"2024-05-24T11:55:35","slug":"kerakoll-keraplast-eco-p6-latex-mortar-additive","status":"publish","type":"product","link":"https:\/\/moespot.pl\/pl\/product\/kerakoll-keraplast-eco-p6-latex-mortar-additive\/","title":{"rendered":"Kerakoll Keraplast Eco P6 Latex Mortar Additive"},"content":{"rendered":"<p>Kerakoll Keraplast Eco P6 Latex Mortar Additive to ekologiczny lateks na bazie wody przeznaczony do zapraw mineralnych i zaczyn\u00f3w. Zwi\u0119ksza przyczepno\u015b\u0107 zaczyn\u00f3w i dodatkowych warstw wylewek, zapewniaj\u0105c monolityczn\u0105 ci\u0105g\u0142o\u015b\u0107 zapraw i wylewek mineralnych takich jak Kerakoll Keracem Eco. Dostarczany jest w beczkach 5kg.<\/p>\n<p>Kerakoll Keraplast Eco P6 przeznaczony jest do stosowania jako dodatek do zapraw i beton\u00f3w drobnoziarnistych oraz do przygotowania zapraw zaczynowych:<\/p>\n<ul>\n<li>Jastrychy mineralne<\/li>\n<li>Renowacja lub rekonstrukcja betonu na belkach, filarach, balkonach i gzymsach<\/li>\n<li>Zalewanie warstw betonem<\/li>\n<li>Tynki o wysokiej przyczepno\u015bci i du\u017cej odporno\u015bci chemicznej i mechanicznej<\/li>\n<li>Elastyczne wyko\u0144czenie cementowe<\/li>\n<li>Renowacja i \u0142atanie na bazie cementu<\/li>\n<\/ul>\n<p>Produkt przeznaczony do stosowania wewn\u0119trznego i zewn\u0119trznego jako dodatek do tradycyjnych zapraw cementowych, beton\u00f3w drobnoziarnistych, beton\u00f3w standardowych oraz zaczyn\u00f3w klejowych. Nie stosowa\u0107 jako podk\u0142adu w dodatkowych warstwach wylewnych na pod\u0142o\u017cach cementowych w stanie nierozcie\u0144czonym lub po rozcie\u0144czeniu wod\u0105.<\/p>\n<p><strong>Aplikacja:<\/strong><\/p>\n<p>Przygotowanie pod\u0142o\u017ca: Zaczyny zawieraj\u0105ce Kerakoll Keraplast Eco P6 nale\u017cy nak\u0142ada\u0107 na utwardzone powierzchnie, kt\u00f3re s\u0105 czyste, mocne i wolne od olej\u00f3w, t\u0142uszcz\u00f3w i wykwit\u00f3w. Nale\u017cy usun\u0105\u0107 pozosta\u0142o\u015bci zwi\u0105zk\u00f3w rozdzielaj\u0105cych. Zawsze zaleca si\u0119 zwil\u017cenie pod\u0142o\u017ca przed aplikacj\u0105.<\/p>\n<p>Przygotowanie i mieszanie: Wymiesza\u0107 wcze\u015bniej Kerakoll Keraplast Eco P6 z wod\u0105 w \u017c\u0105danych proporcjach, a nast\u0119pnie doda\u0107 cement i piasek. Dok\u0142adnie wymieszaj, aby zapobiec tworzeniu si\u0119 grudek. Zalecane proporcje mieszania s\u0105 nast\u0119puj\u0105ce: \u2013 zaczyny klej\u0105ce: 1 cz\u0119\u015b\u0107 Keraplast Eco P6, 1 cz\u0119\u015b\u0107 wody, 2,5 cz\u0119\u015bci cementu. \u2013 zaprawy cementowe z dodatkami: 1 cz\u0119\u015b\u0107 Keraplast Eco P6, 2,5 cz\u0119\u015bci wody, 5 cz\u0119\u015bci cementu, 10 cz\u0119\u015bci piasku. Dawki kompozycji zaprawy mog\u0105 si\u0119 r\u00f3\u017cni\u0107 w zale\u017cno\u015bci od zastosowania. Dozowanie Kerakoll Keraplast Eco P6 musi wynosi\u0107 od minimum 10% do maksymalnie 30% masy cementu.<\/p>\n<p>Aplikacja:<br \/>\n\u2013 Zaprawy cementowe z dodatkami do rekonstrukcji betonu na s\u0142upach, belkach, balkonach i gzymsach: zwil\u017cy\u0107 pod\u0142o\u017ce i na\u0142o\u017cy\u0107 szorstk\u0105 warstw\u0119 zaczynu klej\u0105cego twardym p\u0119dzlem. Gdy jest jeszcze \u015bwie\u017cy, odbudow\u0119 przeprowadzi\u0107 zapraw\u0105 cementow\u0105 z dodatkami.<br \/>\n\u2013 Tynki antyodspojeniowe i wysokowytrzyma\u0142e: zwil\u017cy\u0107 pod\u0142o\u017ce i r\u0119cznie na\u0142o\u017cy\u0107 pierwsz\u0105 warstw\u0119 kleju, pozostawiaj\u0105c powierzchni\u0119 mo\u017cliwie najbardziej chropowat\u0105. Po stwardnieniu pierwszej warstwy nak\u0142adamy warstw\u0119 tynku za pomoc\u0105 zaprawy cementowej z dodatkami.<br \/>\n\u2013 Zaprawa szpachlowa do z\u0142\u0105czy konstrukcji betonowych: zwil\u017cy\u0107 pod\u0142o\u017ce i na\u0142o\u017cy\u0107 warstw\u0119 zaczynu klej\u0105cego, po czym natychmiast przyst\u0105pi\u0107 do wylewania betonu, gdy poprzednia warstwa jest jeszcze \u015bwie\u017ca.<\/p>\n<p><strong>Dane techniczne:<\/strong><br \/>\nWygl\u0105d: bia\u0142a ciecz<br \/>\nCi\u0119\u017car w\u0142a\u015bciwy: \u2248 1,01 kg\/dm3<br \/>\nOkres przydatno\u015bci do spo\u017cycia: \u2248 12 miesi\u0119cy od produkcji w oryginalnie zamkni\u0119tym opakowaniu<br \/>\nUwaga: chroni\u0107 przed mrozem, unika\u0107 bezpo\u015bredniego nas\u0142onecznienia i \u017ar\u00f3de\u0142 ciep\u0142a<br \/>\nOpakowanie: puszki 25 \/ 5 \/ 1 kg<br \/>\nLepko\u015b\u0107: \u2248 1800 mPa \u00b7 s, rotor 2 RPM 20 Metoda Brookfielda<br \/>\npH: \u2248 9<br \/>\nZalecane proporcje dla:<br \/>\n\u2013 beton \u2248 10 \u2013 30% masy cementu<br \/>\n\u2013 zaprawa \u2248 10 \u2013 30% masy cementu<br \/>\n\u2013 klucz do zaczynu \u2248 1 Kerakoll Keraplast Eco P6 : 1 woda : 2,5 cement<br \/>\nZakres temperatur stosowania: od +5\u00b0C do +35\u00b0C<\/p>\n<p><code><a href=\"https:\/\/moespot.pl\/wp-content\/uploads\/2024\/05\/Kerakoll-Keraplast-Eco-P6-Datasheet.pdf\" target=\"_blank\" rel=\"noopener noreferrer\">Kart\u0119 produktu<\/a><\/code><\/p>","protected":false},"excerpt":{"rendered":"<p>Kerakoll Keraplast Eco P6 Latex Mortar Additive is eco-friendly, water-based latex for mineral mortars and slurry keys. It increases the adhesion of slurry keys and additional casting layers, ensuring the monolithic continuity of mineral mortars and screeds, such as\u00a0Kerakoll Keracem Eco. It is supplied in 5kg drums. Kerakoll Keraplast Eco P6 is designed to be [&hellip;]<\/p>","protected":false},"featured_media":1588,"comment_status":"open","ping_status":"closed","template":"","meta":[],"product_cat":[52,39],"product_tag":[],"class_list":{"0":"post-1587","1":"product","2":"type-product","3":"status-publish","4":"has-post-thumbnail","6":"product_cat-kerakoll-primers-additives","7":"product_cat-primers-additives","9":"first","10":"instock","11":"shipping-taxable","12":"purchasable","13":"product-type-simple"},"yoast_head":"<!-- This site is optimized with the Yoast SEO plugin v23.3 - https:\/\/yoast.com\/wordpress\/plugins\/seo\/ -->\n<title>Kerakoll Keraplast Eco P6 Latex Mortar Additive - Moespot-Handlowy: Tile Adhesives for All Your Needs<\/title>\n<meta name=\"robots\" content=\"index, follow, max-snippet:-1, max-image-preview:large, max-video-preview:-1\" \/>\n<link rel=\"canonical\" href=\"https:\/\/moespot.pl\/pl\/produkt\/kerakoll-keraplast-eco-p6-latex-mortar-additive\/\" \/>\n<meta property=\"og:locale\" content=\"pl_PL\" \/>\n<meta property=\"og:type\" content=\"article\" \/>\n<meta property=\"og:title\" content=\"Kerakoll Keraplast Eco P6 Latex Mortar Additive - Moespot-Handlowy: Tile Adhesives for All Your Needs\" \/>\n<meta property=\"og:description\" content=\"Kerakoll Keraplast Eco P6 Latex Mortar Additive is eco-friendly, water-based latex for mineral mortars and slurry keys. It increases the adhesion of slurry keys and additional casting layers, ensuring the monolithic continuity of mineral mortars and screeds, such as\u00a0Kerakoll Keracem Eco. It is supplied in 5kg drums. Kerakoll Keraplast Eco P6 is designed to be [&hellip;]\" \/>\n<meta property=\"og:url\" content=\"https:\/\/moespot.pl\/pl\/produkt\/kerakoll-keraplast-eco-p6-latex-mortar-additive\/\" \/>\n<meta property=\"og:site_name\" content=\"Moespot-Handlowy: Tile Adhesives for All Your Needs\" \/>\n<meta property=\"article:modified_time\" content=\"2024-05-24T11:55:35+00:00\" \/>\n<meta property=\"og:image\" content=\"https:\/\/moespot.pl\/wp-content\/uploads\/2024\/05\/kerakoll-keraplast-eco-p6-latex-mortar-additive.jpg\" \/>\n\t<meta property=\"og:image:width\" content=\"1000\" \/>\n\t<meta property=\"og:image:height\" content=\"1000\" \/>\n\t<meta property=\"og:image:type\" content=\"image\/jpeg\" \/>\n<meta name=\"twitter:card\" content=\"summary_large_image\" \/>\n<meta name=\"twitter:label1\" content=\"Szacowany czas czytania\" \/>\n\t<meta name=\"twitter:data1\" content=\"3 minuty\" \/>\n<script type=\"application\/ld+json\" class=\"yoast-schema-graph\">{\"@context\":\"https:\/\/schema.org\",\"@graph\":[{\"@type\":\"WebPage\",\"@id\":\"https:\/\/moespot.pl\/product\/kerakoll-keraplast-eco-p6-latex-mortar-additive\/\",\"url\":\"https:\/\/moespot.pl\/product\/kerakoll-keraplast-eco-p6-latex-mortar-additive\/\",\"name\":\"Kerakoll Keraplast Eco P6 Latex Mortar Additive - Moespot-Handlowy: Tile Adhesives for All Your Needs\",\"isPartOf\":{\"@id\":\"https:\/\/moespot.pl\/#website\"},\"primaryImageOfPage\":{\"@id\":\"https:\/\/moespot.pl\/product\/kerakoll-keraplast-eco-p6-latex-mortar-additive\/#primaryimage\"},\"image\":{\"@id\":\"https:\/\/moespot.pl\/product\/kerakoll-keraplast-eco-p6-latex-mortar-additive\/#primaryimage\"},\"thumbnailUrl\":\"https:\/\/moespot.pl\/wp-content\/uploads\/2024\/05\/kerakoll-keraplast-eco-p6-latex-mortar-additive.jpg\",\"datePublished\":\"2024-05-23T12:33:34+00:00\",\"dateModified\":\"2024-05-24T11:55:35+00:00\",\"breadcrumb\":{\"@id\":\"https:\/\/moespot.pl\/product\/kerakoll-keraplast-eco-p6-latex-mortar-additive\/#breadcrumb\"},\"inLanguage\":\"pl-PL\",\"potentialAction\":[{\"@type\":\"ReadAction\",\"target\":[\"https:\/\/moespot.pl\/product\/kerakoll-keraplast-eco-p6-latex-mortar-additive\/\"]}]},{\"@type\":\"ImageObject\",\"inLanguage\":\"pl-PL\",\"@id\":\"https:\/\/moespot.pl\/product\/kerakoll-keraplast-eco-p6-latex-mortar-additive\/#primaryimage\",\"url\":\"https:\/\/moespot.pl\/wp-content\/uploads\/2024\/05\/kerakoll-keraplast-eco-p6-latex-mortar-additive.jpg\",\"contentUrl\":\"https:\/\/moespot.pl\/wp-content\/uploads\/2024\/05\/kerakoll-keraplast-eco-p6-latex-mortar-additive.jpg\",\"width\":1000,\"height\":1000},{\"@type\":\"BreadcrumbList\",\"@id\":\"https:\/\/moespot.pl\/product\/kerakoll-keraplast-eco-p6-latex-mortar-additive\/#breadcrumb\",\"itemListElement\":[{\"@type\":\"ListItem\",\"position\":1,\"name\":\"Home\",\"item\":\"https:\/\/moespot.pl\/\"},{\"@type\":\"ListItem\",\"position\":2,\"name\":\"Shop\",\"item\":\"https:\/\/moespot.pl\/shop\/\"},{\"@type\":\"ListItem\",\"position\":3,\"name\":\"Kerakoll Keraplast Eco P6 Latex Mortar Additive\"}]},{\"@type\":\"WebSite\",\"@id\":\"https:\/\/moespot.pl\/#website\",\"url\":\"https:\/\/moespot.pl\/\",\"name\":\"Moespot-Handlowy: Tile Adhesives for All Your Needs\",\"description\":\"\",\"potentialAction\":[{\"@type\":\"SearchAction\",\"target\":{\"@type\":\"EntryPoint\",\"urlTemplate\":\"https:\/\/moespot.pl\/?s={search_term_string}\"},\"query-input\":\"required name=search_term_string\"}],\"inLanguage\":\"pl-PL\"}]}<\/script>\n<!-- \/ Yoast SEO plugin. -->","yoast_head_json":{"title":"Kerakoll Keraplast Eco P6 Latex Mortar Additive - Moespot-Handlowy: Tile Adhesives for All Your Needs","robots":{"index":"index","follow":"follow","max-snippet":"max-snippet:-1","max-image-preview":"max-image-preview:large","max-video-preview":"max-video-preview:-1"},"canonical":"https:\/\/moespot.pl\/pl\/produkt\/kerakoll-keraplast-eco-p6-latex-mortar-additive\/","og_locale":"pl_PL","og_type":"article","og_title":"Kerakoll Keraplast Eco P6 Latex Mortar Additive - Moespot-Handlowy: Tile Adhesives for All Your Needs","og_description":"Kerakoll Keraplast Eco P6 Latex Mortar Additive is eco-friendly, water-based latex for mineral mortars and slurry keys. It increases the adhesion of slurry keys and additional casting layers, ensuring the monolithic continuity of mineral mortars and screeds, such as\u00a0Kerakoll Keracem Eco. It is supplied in 5kg drums. Kerakoll Keraplast Eco P6 is designed to be [&hellip;]","og_url":"https:\/\/moespot.pl\/pl\/produkt\/kerakoll-keraplast-eco-p6-latex-mortar-additive\/","og_site_name":"Moespot-Handlowy: Tile Adhesives for All Your Needs","article_modified_time":"2024-05-24T11:55:35+00:00","og_image":[{"width":1000,"height":1000,"url":"https:\/\/moespot.pl\/wp-content\/uploads\/2024\/05\/kerakoll-keraplast-eco-p6-latex-mortar-additive.jpg","type":"image\/jpeg"}],"twitter_card":"summary_large_image","twitter_misc":{"Szacowany czas czytania":"3 minuty"},"schema":{"@context":"https:\/\/schema.org","@graph":[{"@type":"WebPage","@id":"https:\/\/moespot.pl\/product\/kerakoll-keraplast-eco-p6-latex-mortar-additive\/","url":"https:\/\/moespot.pl\/product\/kerakoll-keraplast-eco-p6-latex-mortar-additive\/","name":"Kerakoll Keraplast Eco P6 Latex Mortar Additive - Moespot-Handlowy: Tile Adhesives for All Your Needs","isPartOf":{"@id":"https:\/\/moespot.pl\/#website"},"primaryImageOfPage":{"@id":"https:\/\/moespot.pl\/product\/kerakoll-keraplast-eco-p6-latex-mortar-additive\/#primaryimage"},"image":{"@id":"https:\/\/moespot.pl\/product\/kerakoll-keraplast-eco-p6-latex-mortar-additive\/#primaryimage"},"thumbnailUrl":"https:\/\/moespot.pl\/wp-content\/uploads\/2024\/05\/kerakoll-keraplast-eco-p6-latex-mortar-additive.jpg","datePublished":"2024-05-23T12:33:34+00:00","dateModified":"2024-05-24T11:55:35+00:00","breadcrumb":{"@id":"https:\/\/moespot.pl\/product\/kerakoll-keraplast-eco-p6-latex-mortar-additive\/#breadcrumb"},"inLanguage":"pl-PL","potentialAction":[{"@type":"ReadAction","target":["https:\/\/moespot.pl\/product\/kerakoll-keraplast-eco-p6-latex-mortar-additive\/"]}]},{"@type":"ImageObject","inLanguage":"pl-PL","@id":"https:\/\/moespot.pl\/product\/kerakoll-keraplast-eco-p6-latex-mortar-additive\/#primaryimage","url":"https:\/\/moespot.pl\/wp-content\/uploads\/2024\/05\/kerakoll-keraplast-eco-p6-latex-mortar-additive.jpg","contentUrl":"https:\/\/moespot.pl\/wp-content\/uploads\/2024\/05\/kerakoll-keraplast-eco-p6-latex-mortar-additive.jpg","width":1000,"height":1000},{"@type":"BreadcrumbList","@id":"https:\/\/moespot.pl\/product\/kerakoll-keraplast-eco-p6-latex-mortar-additive\/#breadcrumb","itemListElement":[{"@type":"ListItem","position":1,"name":"Home","item":"https:\/\/moespot.pl\/"},{"@type":"ListItem","position":2,"name":"Shop","item":"https:\/\/moespot.pl\/shop\/"},{"@type":"ListItem","position":3,"name":"Kerakoll Keraplast Eco P6 Latex Mortar Additive"}]},{"@type":"WebSite","@id":"https:\/\/moespot.pl\/#website","url":"https:\/\/moespot.pl\/","name":"Moespot-Handlowy: Tile Adhesives for All Your Needs","description":"","potentialAction":[{"@type":"SearchAction","target":{"@type":"EntryPoint","urlTemplate":"https:\/\/moespot.pl\/?s={search_term_string}"},"query-input":"required name=search_term_string"}],"inLanguage":"pl-PL"}]}},"_links":{"self":[{"href":"https:\/\/moespot.pl\/pl\/wp-json\/wp\/v2\/product\/1587","targetHints":{"allow":["GET"]}}],"collection":[{"href":"https:\/\/moespot.pl\/pl\/wp-json\/wp\/v2\/product"}],"about":[{"href":"https:\/\/moespot.pl\/pl\/wp-json\/wp\/v2\/types\/product"}],"replies":[{"embeddable":true,"href":"https:\/\/moespot.pl\/pl\/wp-json\/wp\/v2\/comments?post=1587"}],"wp:featuredmedia":[{"embeddable":true,"href":"https:\/\/moespot.pl\/pl\/wp-json\/wp\/v2\/media\/1588"}],"wp:attachment":[{"href":"https:\/\/moespot.pl\/pl\/wp-json\/wp\/v2\/media?parent=1587"}],"wp:term":[{"taxonomy":"product_cat","embeddable":true,"href":"https:\/\/moespot.pl\/pl\/wp-json\/wp\/v2\/product_cat?post=1587"},{"taxonomy":"product_tag","embeddable":true,"href":"https:\/\/moespot.pl\/pl\/wp-json\/wp\/v2\/product_tag?post=1587"}],"curies":[{"name":"wp","href":"https:\/\/api.w.org\/{rel}","templated":true}]}}