{"id":1481,"date":"2024-05-23T08:52:45","date_gmt":"2024-05-23T08:52:45","guid":{"rendered":"https:\/\/moespot.pl\/?post_type=product&#038;p=1481"},"modified":"2024-05-24T12:00:51","modified_gmt":"2024-05-24T12:00:51","slug":"weberset-spf-tile-adhesive-20kg","status":"publish","type":"product","link":"https:\/\/moespot.pl\/pl\/product\/weberset-spf-tile-adhesive-20kg\/","title":{"rendered":"weberset SPF Tile Adhesive 20kg"},"content":{"rendered":"<p>weberset SPF Klej do p\u0142ytek to elastyczny klej do p\u0142ytek na bazie cementu, modyfikowany polimerami, do u\u017cytku wewn\u0119trznego i zewn\u0119trznego, odpowiedni do stosowania z ogrzewaniem pod\u0142ogowym. Nadaje si\u0119 do stosowania na pod\u0142o\u017cach nara\u017conych na ruch lub rozszerzanie i jest bardzo przyczepny \u2014 antypo\u015blizgowy na \u015bcianach i pod\u0142ogach.<\/p>\n<p>Klej do p\u0142ytek weberset SPF jest dost\u0119pny w kolorze szarym lub bia\u0142ym, dostarczany w workach 20 kg.<\/p>\n<p>Klej do p\u0142ytek weberset SPF ma wyd\u0142u\u017cony czas otwarty do u\u017cytku wewn\u0119trznego i zewn\u0119trznego i nadaje si\u0119 do mocowania wszystkich rodzaj\u00f3w ceramicznych p\u0142ytek \u015bciennych i pod\u0142ogowych, mozaik, marmuru, lastryko, kamienia naturalnego, p\u0142ytek ceglanych i pustak\u00f3w szklanych w obszarach, kt\u00f3re b\u0119d\u0105 suche lub mokre. Jest szczeg\u00f3lnie odpowiedni w sytuacjach, w kt\u00f3rych prawdopodobne jest pewne przesuni\u0119cie, ugi\u0119cie lub ograniczony skurcz.<\/p>\n<p>Klej do p\u0142ytek weberset SPF najlepiej nadaje si\u0119 do mocowania p\u0142ytek ceramicznych lub porcelanowych na wi\u0119kszo\u015bci typowych pod\u0142o\u017cy:<\/p>\n<p>\u2022 \u015aciany i pod\u0142ogi<br \/>\n\u2022 Sytuacje wewn\u0119trzne i zewn\u0119trzne<br \/>\n\u2022 Ogrzewanie pod\u0142ogowe<br \/>\n\u2022 Ocieplenie pod dach\u00f3wk\u0105<br \/>\n\u2022 Zadeskowane drewniane pod\u0142ogi<br \/>\n\u2022 P\u0142ytki lub pod\u0142o\u017ca o niskiej porowato\u015bci<br \/>\n\u2022 Listwy zacierane mechanicznie<br \/>\n\u2022 Uk\u0142adanie p\u0142ytek na istniej\u0105cych p\u0142ytkach<\/p>\n<p>Ograniczenia: Klej do p\u0142ytek weberset SPF nie jest zalecany do uk\u0142adania p\u0142ytek na jednowarstwowych pod\u0142ogach drewnianych, np. na pod\u0142ogach drewnianych. p\u0142yty wi\u00f3rowe, drewno z pi\u00f3rem i wpustem. Nie zaleca si\u0119 stosowania do p\u0142ytek z spodem \u017cywicznym. Aby uzyska\u0107 porad\u0119 dotycz\u0105c\u0105 zastosowania, nale\u017cy skontaktowa\u0107 si\u0119 z dzia\u0142em technicznym.<\/p>\n<p><strong>Przygotowanie:<\/strong><br \/>\nPrzed u\u017cyciem kleju do p\u0142ytek weberset SPF nale\u017cy upewni\u0107 si\u0119, \u017ce wszystkie powierzchnie s\u0105 czyste, suche, no\u015bne i wolne od kurzu, t\u0142uszczu lub jakichkolwiek barier zanieczyszczaj\u0105cych. Przed u\u0142o\u017ceniem p\u0142ytek napraw wszelkie niezdrowe obszary i usu\u0144 \u0142uszcz\u0105ce si\u0119 lub \u0142uszcz\u0105ce si\u0119 warstwy.<\/p>\n<p>Zagruntowa\u0107 porowate lub zakurzone powierzchnie.\u00a0weber PR360\u00a0jest zwykle zalecany do wi\u0119kszo\u015bci \u015bcian w suchych obszarach.\u00a0weber AD250\u00a0jest zalecany do drewna, mokrych obszar\u00f3w i pod\u0142\u00f3g. Pozostawi\u0107 podk\u0142ad do wyschni\u0119cia. Przed u\u017cyciem nale\u017cy sprawdzi\u0107, czy kolor kleju nie powoduje plam lub odbarwie\u0144 jasnych lub p\u00f3\u0142przezroczystych p\u0142ytek.<\/p>\n<p><strong>Dane techniczne:<\/strong><br \/>\nGrubo\u015b\u0107 z\u0142o\u017ca: 3 \u2013 6 mm (mo\u017ce by\u0107 przekroczona tylko na ma\u0142ych obszarach)<br \/>\nWydajno\u015b\u0107 (w przybli\u017ceniu): 9 kg\/m2 (pe\u0142ne pod\u0142o\u017ce o grubo\u015bci 6 mm), 4,5 kg\/m2 (pe\u0142ne pod\u0142o\u017ce o grubo\u015bci 3 mm), 3,0 kg\/m2 (przy u\u017cyciu pacy z\u0119batej z naci\u0119ciami 6 x 6 mm w odst\u0119pach 12 mm )<br \/>\nCzas otwarcia: 30 minut<br \/>\nCzas pracy (\u017cywotno\u015b\u0107): 1 godzina po wymieszaniu<br \/>\nUstalony czas: 24 godziny \u2013 ma\u0142y ruch pieszy, pe\u0142ne obci\u0105\u017cenie po 48 godzinach<br \/>\nOdporno\u015b\u0107 na temperatur\u0119: \u201310\u00b0C do 100\u00b0C i mrozoodporno\u015b\u0107 po stwardnieniu<br \/>\nDodatek wody: 5 litr\u00f3w na 20kg<br \/>\nWielko\u015b\u0107 cz\u0105stek: do ok. 0,5 mm<\/p>\n<p><code><a href=\"https:\/\/moespot.pl\/wp-content\/uploads\/2024\/05\/weberset-SPF-Tile-Adhesive-Datasheet.pdf\" target=\"_blank\" rel=\"noopener noreferrer\">Kart\u0119 produktu<\/a><\/code><\/p>","protected":false},"excerpt":{"rendered":"<p>weberset SPF Tile Adhesive is a flexible, cement-based polymer modified tile adhesive for internal &amp; external use, suitable for use with underfloor heating. It is suitable for use with substrates subject to movement or expansion and is high-grab \u2014 non-slip for walls and floors. weberset SPF Tile Adhesive is available in grey or white, supplied [&hellip;]<\/p>","protected":false},"featured_media":1484,"comment_status":"open","ping_status":"closed","template":"","meta":[],"product_cat":[59,46],"product_tag":[],"class_list":{"0":"post-1481","1":"product","2":"type-product","3":"status-publish","4":"has-post-thumbnail","6":"product_cat-tile-adhesive","7":"product_cat-weber-tile-adhesive","9":"first","10":"instock","11":"shipping-taxable","12":"purchasable","13":"product-type-variable"},"yoast_head":"<!-- This site is optimized with the Yoast SEO plugin v23.3 - https:\/\/yoast.com\/wordpress\/plugins\/seo\/ -->\n<title>weberset SPF Tile Adhesive 20kg - Moespot-Handlowy: Tile Adhesives for All Your Needs<\/title>\n<meta name=\"robots\" content=\"index, follow, max-snippet:-1, max-image-preview:large, max-video-preview:-1\" \/>\n<link rel=\"canonical\" href=\"https:\/\/moespot.pl\/pl\/produkt\/weberset-spf-tile-adhesive-20kg\/\" \/>\n<meta property=\"og:locale\" content=\"pl_PL\" \/>\n<meta property=\"og:type\" content=\"article\" \/>\n<meta property=\"og:title\" content=\"weberset SPF Tile Adhesive 20kg - Moespot-Handlowy: Tile Adhesives for All Your Needs\" \/>\n<meta property=\"og:description\" content=\"weberset SPF Tile Adhesive is a flexible, cement-based polymer modified tile adhesive for internal &amp; external use, suitable for use with underfloor heating. It is suitable for use with substrates subject to movement or expansion and is high-grab \u2014 non-slip for walls and floors. weberset SPF Tile Adhesive is available in grey or white, supplied [&hellip;]\" \/>\n<meta property=\"og:url\" content=\"https:\/\/moespot.pl\/pl\/produkt\/weberset-spf-tile-adhesive-20kg\/\" \/>\n<meta property=\"og:site_name\" content=\"Moespot-Handlowy: Tile Adhesives for All Your Needs\" \/>\n<meta property=\"article:modified_time\" content=\"2024-05-24T12:00:51+00:00\" \/>\n<meta property=\"og:image\" content=\"https:\/\/moespot.pl\/wp-content\/uploads\/2024\/05\/weberset-spf-tile-adhesive-20kg.jpg\" \/>\n\t<meta property=\"og:image:width\" content=\"1000\" \/>\n\t<meta property=\"og:image:height\" content=\"1000\" \/>\n\t<meta property=\"og:image:type\" content=\"image\/jpeg\" \/>\n<meta name=\"twitter:card\" content=\"summary_large_image\" \/>\n<meta name=\"twitter:label1\" content=\"Szacowany czas czytania\" \/>\n\t<meta name=\"twitter:data1\" content=\"2 minuty\" \/>\n<script type=\"application\/ld+json\" class=\"yoast-schema-graph\">{\"@context\":\"https:\/\/schema.org\",\"@graph\":[{\"@type\":\"WebPage\",\"@id\":\"https:\/\/moespot.pl\/product\/weberset-spf-tile-adhesive-20kg\/\",\"url\":\"https:\/\/moespot.pl\/product\/weberset-spf-tile-adhesive-20kg\/\",\"name\":\"weberset SPF Tile Adhesive 20kg - Moespot-Handlowy: Tile Adhesives for All Your Needs\",\"isPartOf\":{\"@id\":\"https:\/\/moespot.pl\/#website\"},\"primaryImageOfPage\":{\"@id\":\"https:\/\/moespot.pl\/product\/weberset-spf-tile-adhesive-20kg\/#primaryimage\"},\"image\":{\"@id\":\"https:\/\/moespot.pl\/product\/weberset-spf-tile-adhesive-20kg\/#primaryimage\"},\"thumbnailUrl\":\"https:\/\/moespot.pl\/wp-content\/uploads\/2024\/05\/weberset-spf-tile-adhesive-20kg.jpg\",\"datePublished\":\"2024-05-23T08:52:45+00:00\",\"dateModified\":\"2024-05-24T12:00:51+00:00\",\"breadcrumb\":{\"@id\":\"https:\/\/moespot.pl\/product\/weberset-spf-tile-adhesive-20kg\/#breadcrumb\"},\"inLanguage\":\"pl-PL\",\"potentialAction\":[{\"@type\":\"ReadAction\",\"target\":[\"https:\/\/moespot.pl\/product\/weberset-spf-tile-adhesive-20kg\/\"]}]},{\"@type\":\"ImageObject\",\"inLanguage\":\"pl-PL\",\"@id\":\"https:\/\/moespot.pl\/product\/weberset-spf-tile-adhesive-20kg\/#primaryimage\",\"url\":\"https:\/\/moespot.pl\/wp-content\/uploads\/2024\/05\/weberset-spf-tile-adhesive-20kg.jpg\",\"contentUrl\":\"https:\/\/moespot.pl\/wp-content\/uploads\/2024\/05\/weberset-spf-tile-adhesive-20kg.jpg\",\"width\":1000,\"height\":1000},{\"@type\":\"BreadcrumbList\",\"@id\":\"https:\/\/moespot.pl\/product\/weberset-spf-tile-adhesive-20kg\/#breadcrumb\",\"itemListElement\":[{\"@type\":\"ListItem\",\"position\":1,\"name\":\"Home\",\"item\":\"https:\/\/moespot.pl\/\"},{\"@type\":\"ListItem\",\"position\":2,\"name\":\"Shop\",\"item\":\"https:\/\/moespot.pl\/shop\/\"},{\"@type\":\"ListItem\",\"position\":3,\"name\":\"weberset SPF Tile Adhesive 20kg\"}]},{\"@type\":\"WebSite\",\"@id\":\"https:\/\/moespot.pl\/#website\",\"url\":\"https:\/\/moespot.pl\/\",\"name\":\"Moespot-Handlowy: Tile Adhesives for All Your Needs\",\"description\":\"\",\"potentialAction\":[{\"@type\":\"SearchAction\",\"target\":{\"@type\":\"EntryPoint\",\"urlTemplate\":\"https:\/\/moespot.pl\/?s={search_term_string}\"},\"query-input\":\"required name=search_term_string\"}],\"inLanguage\":\"pl-PL\"}]}<\/script>\n<!-- \/ Yoast SEO plugin. -->","yoast_head_json":{"title":"weberset SPF Tile Adhesive 20kg - Moespot-Handlowy: Tile Adhesives for All Your Needs","robots":{"index":"index","follow":"follow","max-snippet":"max-snippet:-1","max-image-preview":"max-image-preview:large","max-video-preview":"max-video-preview:-1"},"canonical":"https:\/\/moespot.pl\/pl\/produkt\/weberset-spf-tile-adhesive-20kg\/","og_locale":"pl_PL","og_type":"article","og_title":"weberset SPF Tile Adhesive 20kg - Moespot-Handlowy: Tile Adhesives for All Your Needs","og_description":"weberset SPF Tile Adhesive is a flexible, cement-based polymer modified tile adhesive for internal &amp; external use, suitable for use with underfloor heating. It is suitable for use with substrates subject to movement or expansion and is high-grab \u2014 non-slip for walls and floors. weberset SPF Tile Adhesive is available in grey or white, supplied [&hellip;]","og_url":"https:\/\/moespot.pl\/pl\/produkt\/weberset-spf-tile-adhesive-20kg\/","og_site_name":"Moespot-Handlowy: Tile Adhesives for All Your Needs","article_modified_time":"2024-05-24T12:00:51+00:00","og_image":[{"width":1000,"height":1000,"url":"https:\/\/moespot.pl\/wp-content\/uploads\/2024\/05\/weberset-spf-tile-adhesive-20kg.jpg","type":"image\/jpeg"}],"twitter_card":"summary_large_image","twitter_misc":{"Szacowany czas czytania":"2 minuty"},"schema":{"@context":"https:\/\/schema.org","@graph":[{"@type":"WebPage","@id":"https:\/\/moespot.pl\/product\/weberset-spf-tile-adhesive-20kg\/","url":"https:\/\/moespot.pl\/product\/weberset-spf-tile-adhesive-20kg\/","name":"weberset SPF Tile Adhesive 20kg - Moespot-Handlowy: Tile Adhesives for All Your Needs","isPartOf":{"@id":"https:\/\/moespot.pl\/#website"},"primaryImageOfPage":{"@id":"https:\/\/moespot.pl\/product\/weberset-spf-tile-adhesive-20kg\/#primaryimage"},"image":{"@id":"https:\/\/moespot.pl\/product\/weberset-spf-tile-adhesive-20kg\/#primaryimage"},"thumbnailUrl":"https:\/\/moespot.pl\/wp-content\/uploads\/2024\/05\/weberset-spf-tile-adhesive-20kg.jpg","datePublished":"2024-05-23T08:52:45+00:00","dateModified":"2024-05-24T12:00:51+00:00","breadcrumb":{"@id":"https:\/\/moespot.pl\/product\/weberset-spf-tile-adhesive-20kg\/#breadcrumb"},"inLanguage":"pl-PL","potentialAction":[{"@type":"ReadAction","target":["https:\/\/moespot.pl\/product\/weberset-spf-tile-adhesive-20kg\/"]}]},{"@type":"ImageObject","inLanguage":"pl-PL","@id":"https:\/\/moespot.pl\/product\/weberset-spf-tile-adhesive-20kg\/#primaryimage","url":"https:\/\/moespot.pl\/wp-content\/uploads\/2024\/05\/weberset-spf-tile-adhesive-20kg.jpg","contentUrl":"https:\/\/moespot.pl\/wp-content\/uploads\/2024\/05\/weberset-spf-tile-adhesive-20kg.jpg","width":1000,"height":1000},{"@type":"BreadcrumbList","@id":"https:\/\/moespot.pl\/product\/weberset-spf-tile-adhesive-20kg\/#breadcrumb","itemListElement":[{"@type":"ListItem","position":1,"name":"Home","item":"https:\/\/moespot.pl\/"},{"@type":"ListItem","position":2,"name":"Shop","item":"https:\/\/moespot.pl\/shop\/"},{"@type":"ListItem","position":3,"name":"weberset SPF Tile Adhesive 20kg"}]},{"@type":"WebSite","@id":"https:\/\/moespot.pl\/#website","url":"https:\/\/moespot.pl\/","name":"Moespot-Handlowy: Tile Adhesives for All Your Needs","description":"","potentialAction":[{"@type":"SearchAction","target":{"@type":"EntryPoint","urlTemplate":"https:\/\/moespot.pl\/?s={search_term_string}"},"query-input":"required name=search_term_string"}],"inLanguage":"pl-PL"}]}},"_links":{"self":[{"href":"https:\/\/moespot.pl\/pl\/wp-json\/wp\/v2\/product\/1481","targetHints":{"allow":["GET"]}}],"collection":[{"href":"https:\/\/moespot.pl\/pl\/wp-json\/wp\/v2\/product"}],"about":[{"href":"https:\/\/moespot.pl\/pl\/wp-json\/wp\/v2\/types\/product"}],"replies":[{"embeddable":true,"href":"https:\/\/moespot.pl\/pl\/wp-json\/wp\/v2\/comments?post=1481"}],"wp:featuredmedia":[{"embeddable":true,"href":"https:\/\/moespot.pl\/pl\/wp-json\/wp\/v2\/media\/1484"}],"wp:attachment":[{"href":"https:\/\/moespot.pl\/pl\/wp-json\/wp\/v2\/media?parent=1481"}],"wp:term":[{"taxonomy":"product_cat","embeddable":true,"href":"https:\/\/moespot.pl\/pl\/wp-json\/wp\/v2\/product_cat?post=1481"},{"taxonomy":"product_tag","embeddable":true,"href":"https:\/\/moespot.pl\/pl\/wp-json\/wp\/v2\/product_tag?post=1481"}],"curies":[{"name":"wp","href":"https:\/\/api.w.org\/{rel}","templated":true}]}}