{"id":1462,"date":"2024-05-23T07:23:05","date_gmt":"2024-05-23T07:23:05","guid":{"rendered":"https:\/\/moespot.pl\/?post_type=product&#038;p=1462"},"modified":"2024-05-24T12:08:10","modified_gmt":"2024-05-24T12:08:10","slug":"mapei-keralastic-polyurethane-tile-adhesive","status":"publish","type":"product","link":"https:\/\/moespot.pl\/pl\/product\/mapei-keralastic-polyurethane-tile-adhesive\/","title":{"rendered":"Mapei Keralastic Polyurethane Tile Adhesive"},"content":{"rendered":"<p>Mapei Keralastic Poliuretanowy klej do p\u0142ytek to dwusk\u0142adnikowy, wysokowydajny klej poliuretanowy do mocowania p\u0142ytek ceramicznych i materia\u0142\u00f3w kamiennych. Mo\u017cna go stosowa\u0107 wewn\u0105trz i na zewn\u0105trz, do klejenia p\u0142ytek ceramicznych \u015bciennych i pod\u0142ogowych, mozaik z materia\u0142\u00f3w kamiennych itp. na jastrychach, tynkach, betonie, asfalcie, drewnie, metalu, PCV, wzmocnionym poliestrze, w\u0142\u00f3kno-cemencie, gipsie, p\u0142ycie gipsowej, p\u0142yty gipsowe itp.<\/p>\n<p>Mapei Keralastic jest koloru szarego i jest dostarczany w opakowaniach 5 kg lub 10 kg.<\/p>\n<p>Mapei Keralastic Poliuretanowy klej do p\u0142ytek to dwusk\u0142adnikowy, niezawieraj\u0105cy rozpuszczalnik\u00f3w i wody klej, kt\u00f3ry jest elastyczny i wodoodporny. Sk\u0142ada si\u0119 z bazy poliuretanowej (sk\u0142adnik A) i specjalnego utwardzacza (sk\u0142adnik B). Po zmieszaniu obu sk\u0142adnik\u00f3w otrzymuje si\u0119 past\u0119 o nast\u0119puj\u0105cych w\u0142a\u015bciwo\u015bciach: dobra urabialno\u015b\u0107, doskona\u0142a trwa\u0142o\u015b\u0107 i odporno\u015b\u0107 na starzenie, doskona\u0142a przyczepno\u015b\u0107 do wszystkich powierzchni stosowanych w budownictwie, utwardza \u200b\u200bsi\u0119 w wyniku reakcji chemicznej bez skurczu (a\u017c do uzyskania du\u017cej wytrzyma\u0142o\u015bci), wysoka odkszta\u0142calno\u015b\u0107.<\/p>\n<p>Mapei Keralastic jest r\u00f3wnie\u017c dost\u0119pny w wersji wysoce tiksotropowej, bez po\u015blizgu w pionie, do mocowania ci\u0119\u017ckich lub du\u017cych p\u0142ytek \u015bciennych \u2013\u00a0Mapei Keralastic T Poliuretanowy klej do p\u0142ytek.<\/p>\n<p><strong>Zalecenia:<\/strong><br \/>\nNie stosowa\u0107 na bardzo wilgotnych powierzchniach lub tam, gdzie istnieje ryzyko podci\u0105gania wilgoci. Mapei Keralastic to dwusk\u0142adnikowy, wysokowydajny klej poliuretanowy do p\u0142ytek ceramicznych i materia\u0142\u00f3w kamiennych. Opakowania s\u0105 wst\u0119pnie odmierzone, dlatego b\u0142\u0119dy w mieszaniu s\u0105 niemo\u017cliwe. Nie stosowa\u0107 ilo\u015bci cz\u0119\u015bciowych, niew\u0142a\u015bciwe proporcje mieszania mog\u0105 spowodowa\u0107 uszkodzenia w procesie utwardzania. Produkt stosowa\u0107 w temperaturach od +10\u00b0C do +30\u00b0C. W przypadku stosowania na powierzchniach nara\u017conych na ci\u0105g\u0142e zanurzenie w wodzie nale\u017cy wcze\u015bniej skonsultowa\u0107 si\u0119 z Dzia\u0142em Obs\u0142ugi Technicznej MAPEI. Nie stosowa\u0107 Mapei Keralastic do klejenia przezroczystych materia\u0142\u00f3w szklanych. Odradzamy stosowanie tego produktu na szczeg\u00f3lnie porowatych lub jasnych kamieniach naturalnych \u2013 do \u0142\u0105czenia takich materia\u0142\u00f3w nale\u017cy stosowa\u0107 Ultrabond Eco PU 2K.<\/p>\n<p><strong>Przyk\u0142ady aplikacji:\u00a0<\/strong>Poliuretanowy klej do p\u0142ytek Mapei Keralastic mo\u017ce by\u0107 stosowany do:<\/p>\n<ul>\n<li>Klejenie p\u0142ytek ceramicznych, materia\u0142\u00f3w kamiennych oraz wszelkiego rodzaju mozaik w kabinach prysznicowych i na blachach stosowanych do prefabrykowanych \u0142azienek.<\/li>\n<li>Klejenie p\u0142ytek ceramicznych i mozaik na drewnianych powierzchniach roboczych lub w kuchniach w celu uzyskania wodoodpornego pod\u0142o\u017ca.<\/li>\n<li>Klejenie p\u0142ytek ceramicznych, materia\u0142\u00f3w kamiennych i mozaik na balkonach, tarasach zewn\u0119trznych, kopu\u0142ach lub dachach obci\u0105\u017conych ruchem pieszym.<\/li>\n<li>Klejenie kamieni naturalnych i kamieni rekonstruowanych (marmur ka\u017cdego rodzaju, \u0142upek itp.) podlega r\u00f3wnie\u017c ruchom i zmianom wielko\u015bci w wyniku absorpcji wody (klasa stabilno\u015bci wymiar\u00f3w C zgodnie ze standardami MAPEI).<\/li>\n<li>Klejenie p\u0142ytek ceramicznych i materia\u0142\u00f3w kamiennych na powierzchniach nara\u017conych na wibracje i odkszta\u0142cenia.<\/li>\n<\/ul>\n<p><strong>Ustaw na ma\u0142y ruch pieszy:<\/strong>\u00a0Po 12 godzinach pod\u0142ogi s\u0105 przystosowane do lekkiego ruchu pieszego. Powierzchnie s\u0105 gotowe do u\u017cycia po 7 dniach.<\/p>\n<p><strong>Konsumpcja:<\/strong>\u00a0Stosowanie Mapei Keralastic do klejenia ceramiki i kamienia:<\/p>\n<ul>\n<li>Mozaiki i p\u0142ytki ma\u0142oformatowe (paca nr 4): 2,5 kg\/m\u00b2<\/li>\n<li>P\u0142ytki o normalnym rozmiarze (paca nr 5): 3,5 kg\/m\u00b2<\/li>\n<li>P\u0142ytki wielkoformatowe, marmur, kamie\u0144 (mas\u0142o z ty\u0142u): 5 kg\/m\u00b2<\/li>\n<\/ul>\n<p>&nbsp;<\/p>\n<p><code><a href=\"https:\/\/moespot.pl\/wp-content\/uploads\/2024\/05\/Mapei-Keralastic-Datasheet-1.pdf\" target=\"_blank\" rel=\"noopener noreferrer\">Kart\u0119 produktu<\/a><\/code><\/p>","protected":false},"excerpt":{"rendered":"<p>Mapei Keralastic Polyurethane Tile Adhesive is a two-part high-performance, polyurethane adhesive for fixing ceramic tiles and stone material. It can be used indoors and outdoors, for bonding of wall and floor ceramic tiles, stone material mosaics, etc. on screeds, renders, concrete, asphalt, wood, metal, PVC, reinforced polyester, fibre-cement, gypsum, gypsum board, gypsum panels, etc. Mapei [&hellip;]<\/p>","protected":false},"featured_media":1463,"comment_status":"open","ping_status":"closed","template":"","meta":[],"product_cat":[31,59],"product_tag":[],"class_list":{"0":"post-1462","1":"product","2":"type-product","3":"status-publish","4":"has-post-thumbnail","6":"product_cat-mapei-tile-adhesive","7":"product_cat-tile-adhesive","9":"first","10":"instock","11":"shipping-taxable","12":"purchasable","13":"product-type-variable"},"yoast_head":"<!-- This site is optimized with the Yoast SEO plugin v23.3 - https:\/\/yoast.com\/wordpress\/plugins\/seo\/ -->\n<title>Mapei Keralastic Polyurethane Tile Adhesive - Moespot-Handlowy: Tile Adhesives for All Your Needs<\/title>\n<meta name=\"robots\" content=\"index, follow, max-snippet:-1, max-image-preview:large, max-video-preview:-1\" \/>\n<link rel=\"canonical\" href=\"https:\/\/moespot.pl\/pl\/produkt\/mapei-keralastic-polyurethane-tile-adhesive\/\" \/>\n<meta property=\"og:locale\" content=\"pl_PL\" \/>\n<meta property=\"og:type\" content=\"article\" \/>\n<meta property=\"og:title\" content=\"Mapei Keralastic Polyurethane Tile Adhesive - Moespot-Handlowy: Tile Adhesives for All Your Needs\" \/>\n<meta property=\"og:description\" content=\"Mapei Keralastic Polyurethane Tile Adhesive is a two-part high-performance, polyurethane adhesive for fixing ceramic tiles and stone material. It can be used indoors and outdoors, for bonding of wall and floor ceramic tiles, stone material mosaics, etc. on screeds, renders, concrete, asphalt, wood, metal, PVC, reinforced polyester, fibre-cement, gypsum, gypsum board, gypsum panels, etc. Mapei [&hellip;]\" \/>\n<meta property=\"og:url\" content=\"https:\/\/moespot.pl\/pl\/produkt\/mapei-keralastic-polyurethane-tile-adhesive\/\" \/>\n<meta property=\"og:site_name\" content=\"Moespot-Handlowy: Tile Adhesives for All Your Needs\" \/>\n<meta property=\"article:modified_time\" content=\"2024-05-24T12:08:10+00:00\" \/>\n<meta property=\"og:image\" content=\"https:\/\/moespot.pl\/wp-content\/uploads\/2024\/05\/mapei-keralastic-polyurethane-tile-adhesive.jpg\" \/>\n\t<meta property=\"og:image:width\" content=\"1000\" \/>\n\t<meta property=\"og:image:height\" content=\"1000\" \/>\n\t<meta property=\"og:image:type\" content=\"image\/jpeg\" \/>\n<meta name=\"twitter:card\" content=\"summary_large_image\" \/>\n<meta name=\"twitter:label1\" content=\"Szacowany czas czytania\" \/>\n\t<meta name=\"twitter:data1\" content=\"3 minuty\" \/>\n<script type=\"application\/ld+json\" class=\"yoast-schema-graph\">{\"@context\":\"https:\/\/schema.org\",\"@graph\":[{\"@type\":\"WebPage\",\"@id\":\"https:\/\/moespot.pl\/product\/mapei-keralastic-polyurethane-tile-adhesive\/\",\"url\":\"https:\/\/moespot.pl\/product\/mapei-keralastic-polyurethane-tile-adhesive\/\",\"name\":\"Mapei Keralastic Polyurethane Tile Adhesive - Moespot-Handlowy: Tile Adhesives for All Your Needs\",\"isPartOf\":{\"@id\":\"https:\/\/moespot.pl\/#website\"},\"primaryImageOfPage\":{\"@id\":\"https:\/\/moespot.pl\/product\/mapei-keralastic-polyurethane-tile-adhesive\/#primaryimage\"},\"image\":{\"@id\":\"https:\/\/moespot.pl\/product\/mapei-keralastic-polyurethane-tile-adhesive\/#primaryimage\"},\"thumbnailUrl\":\"https:\/\/moespot.pl\/wp-content\/uploads\/2024\/05\/mapei-keralastic-polyurethane-tile-adhesive.jpg\",\"datePublished\":\"2024-05-23T07:23:05+00:00\",\"dateModified\":\"2024-05-24T12:08:10+00:00\",\"breadcrumb\":{\"@id\":\"https:\/\/moespot.pl\/product\/mapei-keralastic-polyurethane-tile-adhesive\/#breadcrumb\"},\"inLanguage\":\"pl-PL\",\"potentialAction\":[{\"@type\":\"ReadAction\",\"target\":[\"https:\/\/moespot.pl\/product\/mapei-keralastic-polyurethane-tile-adhesive\/\"]}]},{\"@type\":\"ImageObject\",\"inLanguage\":\"pl-PL\",\"@id\":\"https:\/\/moespot.pl\/product\/mapei-keralastic-polyurethane-tile-adhesive\/#primaryimage\",\"url\":\"https:\/\/moespot.pl\/wp-content\/uploads\/2024\/05\/mapei-keralastic-polyurethane-tile-adhesive.jpg\",\"contentUrl\":\"https:\/\/moespot.pl\/wp-content\/uploads\/2024\/05\/mapei-keralastic-polyurethane-tile-adhesive.jpg\",\"width\":1000,\"height\":1000},{\"@type\":\"BreadcrumbList\",\"@id\":\"https:\/\/moespot.pl\/product\/mapei-keralastic-polyurethane-tile-adhesive\/#breadcrumb\",\"itemListElement\":[{\"@type\":\"ListItem\",\"position\":1,\"name\":\"Home\",\"item\":\"https:\/\/moespot.pl\/\"},{\"@type\":\"ListItem\",\"position\":2,\"name\":\"Shop\",\"item\":\"https:\/\/moespot.pl\/shop\/\"},{\"@type\":\"ListItem\",\"position\":3,\"name\":\"Mapei Keralastic Polyurethane Tile Adhesive\"}]},{\"@type\":\"WebSite\",\"@id\":\"https:\/\/moespot.pl\/#website\",\"url\":\"https:\/\/moespot.pl\/\",\"name\":\"Moespot-Handlowy: Tile Adhesives for All Your Needs\",\"description\":\"\",\"potentialAction\":[{\"@type\":\"SearchAction\",\"target\":{\"@type\":\"EntryPoint\",\"urlTemplate\":\"https:\/\/moespot.pl\/?s={search_term_string}\"},\"query-input\":\"required name=search_term_string\"}],\"inLanguage\":\"pl-PL\"}]}<\/script>\n<!-- \/ Yoast SEO plugin. -->","yoast_head_json":{"title":"Mapei Keralastic Polyurethane Tile Adhesive - Moespot-Handlowy: Tile Adhesives for All Your Needs","robots":{"index":"index","follow":"follow","max-snippet":"max-snippet:-1","max-image-preview":"max-image-preview:large","max-video-preview":"max-video-preview:-1"},"canonical":"https:\/\/moespot.pl\/pl\/produkt\/mapei-keralastic-polyurethane-tile-adhesive\/","og_locale":"pl_PL","og_type":"article","og_title":"Mapei Keralastic Polyurethane Tile Adhesive - Moespot-Handlowy: Tile Adhesives for All Your Needs","og_description":"Mapei Keralastic Polyurethane Tile Adhesive is a two-part high-performance, polyurethane adhesive for fixing ceramic tiles and stone material. It can be used indoors and outdoors, for bonding of wall and floor ceramic tiles, stone material mosaics, etc. on screeds, renders, concrete, asphalt, wood, metal, PVC, reinforced polyester, fibre-cement, gypsum, gypsum board, gypsum panels, etc. Mapei [&hellip;]","og_url":"https:\/\/moespot.pl\/pl\/produkt\/mapei-keralastic-polyurethane-tile-adhesive\/","og_site_name":"Moespot-Handlowy: Tile Adhesives for All Your Needs","article_modified_time":"2024-05-24T12:08:10+00:00","og_image":[{"width":1000,"height":1000,"url":"https:\/\/moespot.pl\/wp-content\/uploads\/2024\/05\/mapei-keralastic-polyurethane-tile-adhesive.jpg","type":"image\/jpeg"}],"twitter_card":"summary_large_image","twitter_misc":{"Szacowany czas czytania":"3 minuty"},"schema":{"@context":"https:\/\/schema.org","@graph":[{"@type":"WebPage","@id":"https:\/\/moespot.pl\/product\/mapei-keralastic-polyurethane-tile-adhesive\/","url":"https:\/\/moespot.pl\/product\/mapei-keralastic-polyurethane-tile-adhesive\/","name":"Mapei Keralastic Polyurethane Tile Adhesive - Moespot-Handlowy: Tile Adhesives for All Your Needs","isPartOf":{"@id":"https:\/\/moespot.pl\/#website"},"primaryImageOfPage":{"@id":"https:\/\/moespot.pl\/product\/mapei-keralastic-polyurethane-tile-adhesive\/#primaryimage"},"image":{"@id":"https:\/\/moespot.pl\/product\/mapei-keralastic-polyurethane-tile-adhesive\/#primaryimage"},"thumbnailUrl":"https:\/\/moespot.pl\/wp-content\/uploads\/2024\/05\/mapei-keralastic-polyurethane-tile-adhesive.jpg","datePublished":"2024-05-23T07:23:05+00:00","dateModified":"2024-05-24T12:08:10+00:00","breadcrumb":{"@id":"https:\/\/moespot.pl\/product\/mapei-keralastic-polyurethane-tile-adhesive\/#breadcrumb"},"inLanguage":"pl-PL","potentialAction":[{"@type":"ReadAction","target":["https:\/\/moespot.pl\/product\/mapei-keralastic-polyurethane-tile-adhesive\/"]}]},{"@type":"ImageObject","inLanguage":"pl-PL","@id":"https:\/\/moespot.pl\/product\/mapei-keralastic-polyurethane-tile-adhesive\/#primaryimage","url":"https:\/\/moespot.pl\/wp-content\/uploads\/2024\/05\/mapei-keralastic-polyurethane-tile-adhesive.jpg","contentUrl":"https:\/\/moespot.pl\/wp-content\/uploads\/2024\/05\/mapei-keralastic-polyurethane-tile-adhesive.jpg","width":1000,"height":1000},{"@type":"BreadcrumbList","@id":"https:\/\/moespot.pl\/product\/mapei-keralastic-polyurethane-tile-adhesive\/#breadcrumb","itemListElement":[{"@type":"ListItem","position":1,"name":"Home","item":"https:\/\/moespot.pl\/"},{"@type":"ListItem","position":2,"name":"Shop","item":"https:\/\/moespot.pl\/shop\/"},{"@type":"ListItem","position":3,"name":"Mapei Keralastic Polyurethane Tile Adhesive"}]},{"@type":"WebSite","@id":"https:\/\/moespot.pl\/#website","url":"https:\/\/moespot.pl\/","name":"Moespot-Handlowy: Tile Adhesives for All Your Needs","description":"","potentialAction":[{"@type":"SearchAction","target":{"@type":"EntryPoint","urlTemplate":"https:\/\/moespot.pl\/?s={search_term_string}"},"query-input":"required name=search_term_string"}],"inLanguage":"pl-PL"}]}},"_links":{"self":[{"href":"https:\/\/moespot.pl\/pl\/wp-json\/wp\/v2\/product\/1462","targetHints":{"allow":["GET"]}}],"collection":[{"href":"https:\/\/moespot.pl\/pl\/wp-json\/wp\/v2\/product"}],"about":[{"href":"https:\/\/moespot.pl\/pl\/wp-json\/wp\/v2\/types\/product"}],"replies":[{"embeddable":true,"href":"https:\/\/moespot.pl\/pl\/wp-json\/wp\/v2\/comments?post=1462"}],"wp:featuredmedia":[{"embeddable":true,"href":"https:\/\/moespot.pl\/pl\/wp-json\/wp\/v2\/media\/1463"}],"wp:attachment":[{"href":"https:\/\/moespot.pl\/pl\/wp-json\/wp\/v2\/media?parent=1462"}],"wp:term":[{"taxonomy":"product_cat","embeddable":true,"href":"https:\/\/moespot.pl\/pl\/wp-json\/wp\/v2\/product_cat?post=1462"},{"taxonomy":"product_tag","embeddable":true,"href":"https:\/\/moespot.pl\/pl\/wp-json\/wp\/v2\/product_tag?post=1462"}],"curies":[{"name":"wp","href":"https:\/\/api.w.org\/{rel}","templated":true}]}}