{"id":1294,"date":"2024-05-22T12:11:18","date_gmt":"2024-05-22T12:11:18","guid":{"rendered":"https:\/\/moespot.pl\/?post_type=product&#038;p=1294"},"modified":"2024-05-24T12:11:14","modified_gmt":"2024-05-24T12:11:14","slug":"mapei-adesilex-p9-tile-adhesive-20kg","status":"publish","type":"product","link":"https:\/\/moespot.pl\/pl\/product\/mapei-adesilex-p9-tile-adhesive-20kg\/","title":{"rendered":"Mapei Adesilex P9 Tile Adhesive 20kg"},"content":{"rendered":"<p>Klej do p\u0142ytek Mapei Adesilex P9 to modyfikowany polimerami, ulepszony cementowy klej do p\u0142ytek, kt\u00f3ry nie \u015blizga si\u0119 w pionie i ma wyd\u0142u\u017cony czas otwarcia do p\u0142ytek ceramicznych. Dost\u0119pny w kolorze szarym lub bia\u0142ym, w workach 20kg.<\/p>\n<p>Mapei Adesilex P9 nadaje si\u0119 do wewn\u0119trznego i zewn\u0119trznego klejenia p\u0142ytek ceramicznych, porcelanowych i mozaik na pod\u0142ogach, \u015bcianach i sufitach. Nadaje si\u0119 r\u00f3wnie\u017c do punktowego klejenia materia\u0142\u00f3w izolacyjnych, takich jak styropian, we\u0142na skalna i szklana, Eraclit\u00ae (p\u0142yty drewniano-cementowe), p\u0142yty d\u017awi\u0119koch\u0142onne itp.<\/p>\n<p>Kilka przyk\u0142ad\u00f3w zastosowa\u0144 kleju do p\u0142ytek Mapei Adesilex P9:<br \/>\n\u2022 Klejenie p\u0142ytek ceramicznych i mozaiki na pod\u0142o\u017cach:<br \/>\n\u2013 tynki konwencjonalne lub \u015bciany z zaprawy cementowej;<br \/>\n\u2013 \u015bciany wewn\u0119trzne z bloczk\u00f3w gazobetonowych;<br \/>\n\u2013 gips lub anhydryt po uprzednim na\u0142o\u017ceniu Primer G lub Eco Prim T;<br \/>\n- p\u0142yty gipsowe;<br \/>\n\u2013 instalacje ogrzewania pod\u0142ogowego;<br \/>\n\u2013 jastrychy cementowe, o ile s\u0105 dostatecznie utwardzone i suche.<br \/>\n\u2022 Uk\u0142adanie p\u0142ytek na istniej\u0105cej pod\u0142odze p\u0142ytkami o powierzchni do 900 cm\u00b2.<br \/>\n\u2022 Klejenie ma\u0142ych p\u0142ytek ceramicznych w basenach i nieckach.<\/p>\n<p>Mapei Adesilex P9 to szary lub bia\u0142y proszek sk\u0142adaj\u0105cy si\u0119 z cementu, drobnego kruszywa, \u017cywic syntetycznych i specjalnych dodatk\u00f3w, opracowany w laboratoriach badawczo-rozwojowych MAPEI.<\/p>\n<p>Po zmieszaniu z wod\u0105 Mapei Adesilex P9 otrzymuje si\u0119 zapraw\u0119 o nast\u0119puj\u0105cych w\u0142a\u015bciwo\u015bciach:<br \/>\n\u2022 \u0142atwe w obr\u00f3bce.<br \/>\n\u2022 silnie tiksotropowy; Mo\u017cna go nak\u0142ada\u0107 na powierzchni\u0119 pionow\u0105 bez osypywania si\u0119 i \u015blizgania, nawet przy zastosowaniu ci\u0119\u017ckich p\u0142ytek;<br \/>\n\u2022 doskona\u0142a przyczepno\u015b\u0107 do wszystkich materia\u0142\u00f3w powszechnie stosowanych w budownictwie;<br \/>\n\u2022 twardnieje bez zauwa\u017calnego skurczu;<br \/>\n\u2022 wyd\u0142u\u017cony czas otwarty.<\/p>\n<p>Mapei Adesilex P9 wytrzymuje lekki ruch pieszy po oko\u0142o 24 godzinach. Powierzchnie s\u0105 gotowe do u\u017cycia po oko\u0142o 14 dniach. Nape\u0142nienie basen\u00f3w i basen\u00f3w mo\u017cliwe jest po 21 dniach.<\/p>\n<p>Zalecenia:<br \/>\nNie stosowa\u0107 Mapei Adesilex P9:<br \/>\n\u2022 na \u015bcianach lub pod\u0142ogach nara\u017conych na du\u017ce zginanie lub wibracje (drewno, w\u0142\u00f3kno-cement itp.);<br \/>\n\u2022 na powierzchniach metalowych;<br \/>\n\u2022 do instalacji wymagaj\u0105cych nominalnej grubo\u015bci kleju wi\u0119kszej ni\u017c 5 mm.<\/p>\n<p>Konsumpcja:<br \/>\nKlejenie p\u0142ytek ceramicznych:<br \/>\n\u2013 Mozaiki i og\u00f3lnie drobne formaty (kielnia nr 4): 2 kg\/m\u00b2<br \/>\n\u2013 Normalne rozmiary (kielnia nr 5): 2,5-3 kg\/m\u00b2.<br \/>\n\u2013 Du\u017ce formaty, pod\u0142ogi zewn\u0119trzne (kielnia nr 6): 4 kg\/m\u00b2.<\/p>\n<p>Materia\u0142 izolacyjny do klejenia punktowego:<br \/>\n\u2013 Piana itp. ok. 0,5-0,8 kg\/m\u00b2.<br \/>\n\u2013 P\u0142yty gipsowo-kartonowe, pianka betonowa: ok. 1,5 kg\/m\u00b2.<\/p>\n<p><strong>Dane techniczne:<\/strong><br \/>\nRodzaj: proszek<br \/>\nKolor: bia\u0142y lub szary<br \/>\nG\u0119sto\u015b\u0107 nasypowa (kg\/m3): 1300<br \/>\nZawarto\u015b\u0107 suchej substancji sta\u0142ej (%): 100<br \/>\nPrzechowywanie: 12 miesi\u0119cy w ch\u0142odnym i suchym miejscu w oryginalnym opakowaniu<br \/>\nKlasyfikacja zagro\u017ce\u0144 zgodnie z EC 99\/45: dra\u017cni\u0105cy. Przed u\u017cyciem zapozna\u0107 si\u0119 z paragrafem \u201eInstrukcje bezpiecze\u0144stwa dotycz\u0105ce przygotowania i stosowania\u201d oraz informacjami na opakowaniu i w Karcie Charakterystyki.<br \/>\nKlasa celna: 3824 50 90<br \/>\nProporcje mieszania: 100 cz\u0119\u015bci Adesilex P9 White z 28-30 cz\u0119\u015bciami wagowymi wody. 100 cz\u0119\u015bci Adesilex P9 Grey z 26-28 cz\u0119\u015bciami wagowymi wody.<br \/>\nKonsystencja mieszanki: kremowa pasta<br \/>\nG\u0119sto\u015b\u0107 mieszanki (kg\/m3): 1500<br \/>\npH mieszanki: 13<br \/>\n\u017bywotno\u015b\u0107: ponad 8 godzin<br \/>\nTemperatura stosowania: od +5\u00b0C do +40\u00b0C<br \/>\nCzas otwarty (wg EN1346): 30 minut<br \/>\nCzas regulacji: ok. 60 minut<br \/>\nGotowy do spoinowania na \u015bcianach: po 4-8 godzinach w zale\u017cno\u015bci od ch\u0142onno\u015bci<br \/>\nGotowy do spoinowania na pod\u0142ogach: po 24 godzinach<br \/>\nUstawienie na ma\u0142y ruch pieszy: 24 godziny<br \/>\nGotowo\u015b\u0107 do u\u017cycia: 14 dni<\/p>\n<p>&nbsp;<\/p>\n<p><code><a href=\"https:\/\/moespot.pl\/wp-content\/uploads\/2024\/05\/Mapei-Adesilex-P9-Datasheet.pdf\" target=\"_blank\" rel=\"noopener noreferrer\">Kart\u0119 produktu<\/a><\/code><\/p>","protected":false},"excerpt":{"rendered":"<p>Mapei Adesilex P9 Tile Adhesive is a polymer modified enhanced cementitious tile adhesive with no vertical slip and extended open time for ceramic tiles. Available in Grey or White, in 20kg bags. Mapei Adesilex P9 is suitable for interior and exterior bonding of ceramic, porcelain tiles and mosaics on floors, walls and ceilings. Also suitable [&hellip;]<\/p>","protected":false},"featured_media":1295,"comment_status":"open","ping_status":"closed","template":"","meta":[],"product_cat":[31,59],"product_tag":[],"class_list":{"0":"post-1294","1":"product","2":"type-product","3":"status-publish","4":"has-post-thumbnail","6":"product_cat-mapei-tile-adhesive","7":"product_cat-tile-adhesive","9":"first","10":"instock","11":"shipping-taxable","12":"purchasable","13":"product-type-variable"},"yoast_head":"<!-- This site is optimized with the Yoast SEO plugin v23.3 - https:\/\/yoast.com\/wordpress\/plugins\/seo\/ -->\n<title>Mapei Adesilex P9 Tile Adhesive 20kg - Moespot-Handlowy: Tile Adhesives for All Your Needs<\/title>\n<meta name=\"robots\" content=\"index, follow, max-snippet:-1, max-image-preview:large, max-video-preview:-1\" \/>\n<link rel=\"canonical\" href=\"https:\/\/moespot.pl\/pl\/produkt\/mapei-adesilex-p9-tile-adhesive-20kg\/\" \/>\n<meta property=\"og:locale\" content=\"pl_PL\" \/>\n<meta property=\"og:type\" content=\"article\" \/>\n<meta property=\"og:title\" content=\"Mapei Adesilex P9 Tile Adhesive 20kg - Moespot-Handlowy: Tile Adhesives for All Your Needs\" \/>\n<meta property=\"og:description\" content=\"Mapei Adesilex P9 Tile Adhesive is a polymer modified enhanced cementitious tile adhesive with no vertical slip and extended open time for ceramic tiles. Available in Grey or White, in 20kg bags. Mapei Adesilex P9 is suitable for interior and exterior bonding of ceramic, porcelain tiles and mosaics on floors, walls and ceilings. Also suitable [&hellip;]\" \/>\n<meta property=\"og:url\" content=\"https:\/\/moespot.pl\/pl\/produkt\/mapei-adesilex-p9-tile-adhesive-20kg\/\" \/>\n<meta property=\"og:site_name\" content=\"Moespot-Handlowy: Tile Adhesives for All Your Needs\" \/>\n<meta property=\"article:modified_time\" content=\"2024-05-24T12:11:14+00:00\" \/>\n<meta property=\"og:image\" content=\"https:\/\/moespot.pl\/wp-content\/uploads\/2024\/05\/mapei-adesilex-p9-tile-adhesive.jpg\" \/>\n\t<meta property=\"og:image:width\" content=\"1000\" \/>\n\t<meta property=\"og:image:height\" content=\"1000\" \/>\n\t<meta property=\"og:image:type\" content=\"image\/jpeg\" \/>\n<meta name=\"twitter:card\" content=\"summary_large_image\" \/>\n<meta name=\"twitter:label1\" content=\"Szacowany czas czytania\" \/>\n\t<meta name=\"twitter:data1\" content=\"3 minuty\" \/>\n<script type=\"application\/ld+json\" class=\"yoast-schema-graph\">{\"@context\":\"https:\/\/schema.org\",\"@graph\":[{\"@type\":\"WebPage\",\"@id\":\"https:\/\/moespot.pl\/product\/mapei-adesilex-p9-tile-adhesive-20kg\/\",\"url\":\"https:\/\/moespot.pl\/product\/mapei-adesilex-p9-tile-adhesive-20kg\/\",\"name\":\"Mapei Adesilex P9 Tile Adhesive 20kg - Moespot-Handlowy: Tile Adhesives for All Your Needs\",\"isPartOf\":{\"@id\":\"https:\/\/moespot.pl\/#website\"},\"primaryImageOfPage\":{\"@id\":\"https:\/\/moespot.pl\/product\/mapei-adesilex-p9-tile-adhesive-20kg\/#primaryimage\"},\"image\":{\"@id\":\"https:\/\/moespot.pl\/product\/mapei-adesilex-p9-tile-adhesive-20kg\/#primaryimage\"},\"thumbnailUrl\":\"https:\/\/moespot.pl\/wp-content\/uploads\/2024\/05\/mapei-adesilex-p9-tile-adhesive.jpg\",\"datePublished\":\"2024-05-22T12:11:18+00:00\",\"dateModified\":\"2024-05-24T12:11:14+00:00\",\"breadcrumb\":{\"@id\":\"https:\/\/moespot.pl\/product\/mapei-adesilex-p9-tile-adhesive-20kg\/#breadcrumb\"},\"inLanguage\":\"pl-PL\",\"potentialAction\":[{\"@type\":\"ReadAction\",\"target\":[\"https:\/\/moespot.pl\/product\/mapei-adesilex-p9-tile-adhesive-20kg\/\"]}]},{\"@type\":\"ImageObject\",\"inLanguage\":\"pl-PL\",\"@id\":\"https:\/\/moespot.pl\/product\/mapei-adesilex-p9-tile-adhesive-20kg\/#primaryimage\",\"url\":\"https:\/\/moespot.pl\/wp-content\/uploads\/2024\/05\/mapei-adesilex-p9-tile-adhesive.jpg\",\"contentUrl\":\"https:\/\/moespot.pl\/wp-content\/uploads\/2024\/05\/mapei-adesilex-p9-tile-adhesive.jpg\",\"width\":1000,\"height\":1000},{\"@type\":\"BreadcrumbList\",\"@id\":\"https:\/\/moespot.pl\/product\/mapei-adesilex-p9-tile-adhesive-20kg\/#breadcrumb\",\"itemListElement\":[{\"@type\":\"ListItem\",\"position\":1,\"name\":\"Home\",\"item\":\"https:\/\/moespot.pl\/\"},{\"@type\":\"ListItem\",\"position\":2,\"name\":\"Shop\",\"item\":\"https:\/\/moespot.pl\/shop\/\"},{\"@type\":\"ListItem\",\"position\":3,\"name\":\"Mapei Adesilex P9 Tile Adhesive 20kg\"}]},{\"@type\":\"WebSite\",\"@id\":\"https:\/\/moespot.pl\/#website\",\"url\":\"https:\/\/moespot.pl\/\",\"name\":\"Moespot-Handlowy: Tile Adhesives for All Your Needs\",\"description\":\"\",\"potentialAction\":[{\"@type\":\"SearchAction\",\"target\":{\"@type\":\"EntryPoint\",\"urlTemplate\":\"https:\/\/moespot.pl\/?s={search_term_string}\"},\"query-input\":\"required name=search_term_string\"}],\"inLanguage\":\"pl-PL\"}]}<\/script>\n<!-- \/ Yoast SEO plugin. -->","yoast_head_json":{"title":"Mapei Adesilex P9 Tile Adhesive 20kg - Moespot-Handlowy: Tile Adhesives for All Your Needs","robots":{"index":"index","follow":"follow","max-snippet":"max-snippet:-1","max-image-preview":"max-image-preview:large","max-video-preview":"max-video-preview:-1"},"canonical":"https:\/\/moespot.pl\/pl\/produkt\/mapei-adesilex-p9-tile-adhesive-20kg\/","og_locale":"pl_PL","og_type":"article","og_title":"Mapei Adesilex P9 Tile Adhesive 20kg - Moespot-Handlowy: Tile Adhesives for All Your Needs","og_description":"Mapei Adesilex P9 Tile Adhesive is a polymer modified enhanced cementitious tile adhesive with no vertical slip and extended open time for ceramic tiles. Available in Grey or White, in 20kg bags. Mapei Adesilex P9 is suitable for interior and exterior bonding of ceramic, porcelain tiles and mosaics on floors, walls and ceilings. Also suitable [&hellip;]","og_url":"https:\/\/moespot.pl\/pl\/produkt\/mapei-adesilex-p9-tile-adhesive-20kg\/","og_site_name":"Moespot-Handlowy: Tile Adhesives for All Your Needs","article_modified_time":"2024-05-24T12:11:14+00:00","og_image":[{"width":1000,"height":1000,"url":"https:\/\/moespot.pl\/wp-content\/uploads\/2024\/05\/mapei-adesilex-p9-tile-adhesive.jpg","type":"image\/jpeg"}],"twitter_card":"summary_large_image","twitter_misc":{"Szacowany czas czytania":"3 minuty"},"schema":{"@context":"https:\/\/schema.org","@graph":[{"@type":"WebPage","@id":"https:\/\/moespot.pl\/product\/mapei-adesilex-p9-tile-adhesive-20kg\/","url":"https:\/\/moespot.pl\/product\/mapei-adesilex-p9-tile-adhesive-20kg\/","name":"Mapei Adesilex P9 Tile Adhesive 20kg - Moespot-Handlowy: Tile Adhesives for All Your Needs","isPartOf":{"@id":"https:\/\/moespot.pl\/#website"},"primaryImageOfPage":{"@id":"https:\/\/moespot.pl\/product\/mapei-adesilex-p9-tile-adhesive-20kg\/#primaryimage"},"image":{"@id":"https:\/\/moespot.pl\/product\/mapei-adesilex-p9-tile-adhesive-20kg\/#primaryimage"},"thumbnailUrl":"https:\/\/moespot.pl\/wp-content\/uploads\/2024\/05\/mapei-adesilex-p9-tile-adhesive.jpg","datePublished":"2024-05-22T12:11:18+00:00","dateModified":"2024-05-24T12:11:14+00:00","breadcrumb":{"@id":"https:\/\/moespot.pl\/product\/mapei-adesilex-p9-tile-adhesive-20kg\/#breadcrumb"},"inLanguage":"pl-PL","potentialAction":[{"@type":"ReadAction","target":["https:\/\/moespot.pl\/product\/mapei-adesilex-p9-tile-adhesive-20kg\/"]}]},{"@type":"ImageObject","inLanguage":"pl-PL","@id":"https:\/\/moespot.pl\/product\/mapei-adesilex-p9-tile-adhesive-20kg\/#primaryimage","url":"https:\/\/moespot.pl\/wp-content\/uploads\/2024\/05\/mapei-adesilex-p9-tile-adhesive.jpg","contentUrl":"https:\/\/moespot.pl\/wp-content\/uploads\/2024\/05\/mapei-adesilex-p9-tile-adhesive.jpg","width":1000,"height":1000},{"@type":"BreadcrumbList","@id":"https:\/\/moespot.pl\/product\/mapei-adesilex-p9-tile-adhesive-20kg\/#breadcrumb","itemListElement":[{"@type":"ListItem","position":1,"name":"Home","item":"https:\/\/moespot.pl\/"},{"@type":"ListItem","position":2,"name":"Shop","item":"https:\/\/moespot.pl\/shop\/"},{"@type":"ListItem","position":3,"name":"Mapei Adesilex P9 Tile Adhesive 20kg"}]},{"@type":"WebSite","@id":"https:\/\/moespot.pl\/#website","url":"https:\/\/moespot.pl\/","name":"Moespot-Handlowy: Tile Adhesives for All Your Needs","description":"","potentialAction":[{"@type":"SearchAction","target":{"@type":"EntryPoint","urlTemplate":"https:\/\/moespot.pl\/?s={search_term_string}"},"query-input":"required name=search_term_string"}],"inLanguage":"pl-PL"}]}},"_links":{"self":[{"href":"https:\/\/moespot.pl\/pl\/wp-json\/wp\/v2\/product\/1294","targetHints":{"allow":["GET"]}}],"collection":[{"href":"https:\/\/moespot.pl\/pl\/wp-json\/wp\/v2\/product"}],"about":[{"href":"https:\/\/moespot.pl\/pl\/wp-json\/wp\/v2\/types\/product"}],"replies":[{"embeddable":true,"href":"https:\/\/moespot.pl\/pl\/wp-json\/wp\/v2\/comments?post=1294"}],"wp:featuredmedia":[{"embeddable":true,"href":"https:\/\/moespot.pl\/pl\/wp-json\/wp\/v2\/media\/1295"}],"wp:attachment":[{"href":"https:\/\/moespot.pl\/pl\/wp-json\/wp\/v2\/media?parent=1294"}],"wp:term":[{"taxonomy":"product_cat","embeddable":true,"href":"https:\/\/moespot.pl\/pl\/wp-json\/wp\/v2\/product_cat?post=1294"},{"taxonomy":"product_tag","embeddable":true,"href":"https:\/\/moespot.pl\/pl\/wp-json\/wp\/v2\/product_tag?post=1294"}],"curies":[{"name":"wp","href":"https:\/\/api.w.org\/{rel}","templated":true}]}}