{"id":1288,"date":"2024-05-22T12:05:00","date_gmt":"2024-05-22T12:05:00","guid":{"rendered":"https:\/\/moespot.pl\/?post_type=product&#038;p=1288"},"modified":"2024-05-24T12:10:29","modified_gmt":"2024-05-24T12:10:29","slug":"bal-flex-one-tile-adhesive-20kg","status":"publish","type":"product","link":"https:\/\/moespot.pl\/pl\/product\/bal-flex-one-tile-adhesive-20kg\/","title":{"rendered":"BAL Flex One Tile Adhesive 20kg"},"content":{"rendered":"<p>Klej do p\u0142ytek BAL Flex One to wyznaczaj\u0105cy standardy, wysoce modyfikowany polimerami, tiksotropowy, w pe\u0142ni zwil\u017calny, p\u0142ynny, z pami\u0119ci\u0105 kszta\u0142tu, wodoodporny\/mrozoodporny cementowy klej do p\u0142ytek \u015bciennych i pod\u0142ogowych. Dost\u0119pny wy\u0142\u0105cznie w kolorze bia\u0142ym, w workach 20kg.<\/p>\n<p>Klej do p\u0142ytek BAL Flex One ma \u017cywotno\u015b\u0107 2,5 godziny i wi\u0105\u017ce po 6-8 godzinach. (w temperaturze 20\u00b0C).<\/p>\n<p>Klej do p\u0142ytek BAL Flex One mo\u017ce by\u0107 stosowany do mocowania p\u0142ytek ceramicznych, porcelanowych i kamionkowych, mozaik, wi\u0119kszo\u015bci kamieni naturalnych, lastryko, materia\u0142\u00f3w izolacyjnych ze sztywnej pianki i p\u0142ytek ceglanych w suchych lub wilgotnych \u015brodowiskach wewn\u0119trznych i zewn\u0119trznych.<\/p>\n<p>Klej do p\u0142ytek BAL Flex One zalecany jest do p\u0142ytek \u015bciennych wielkoformatowych, w miejscach ca\u0142kowitego zanurzenia w wodzie, np. na \u015bcianach. baseny i prysznice. Mo\u017cna go r\u00f3wnie\u017c stosowa\u0107 w instalacjach nara\u017conych na ograniczony ruch i wibracje oraz na podgrzewanych jastrychach, je\u015bli jest stosowany w po\u0142\u0105czeniu z BAL\u00a0Rapid Mat.<\/p>\n<p>NIE NADAJE SI\u0118 DO: Metalu, malowanych, p\u0142ytek szklanych\/metalowych z pow\u0142ok\u0105 wodoodporn\u0105 z ty\u0142u, \u015bcian ze sklejki i p\u0142ytek do istniej\u0105cych p\u0142ytek szkliwionych.<\/p>\n<p>Klej do p\u0142ytek BAL Flex One mo\u017cna stosowa\u0107 na nast\u0119puj\u0105cych pod\u0142o\u017cach:<\/p>\n<ul>\n<li>Ceg\u0142a\/beton (upewnij si\u0119, \u017ce powierzchnia jest p\u0142aska)<\/li>\n<li>Wykonanie<\/li>\n<li>Lekki bloczek (przed po\u0142o\u017ceniem p\u0142ytek na\u0142\u00f3\u017c cement: tynk piaskowy, np. BAL Quickset Render lub odpowiedni\u0105 p\u0142yt\u0119 podk\u0142adow\u0105 do p\u0142ytek)<\/li>\n<li>Cement: Wylewka piaskowa (mo\u017ce by\u0107 stosowana w po\u0142\u0105czeniu z mat\u0105 BAL\u00a0Rapid Mat)<\/li>\n<li>Tynk (najpierw zagruntuj nierozcie\u0144czonym BAL\u00a0Prime APD, w wilgotnych warunkach najpierw uzupe\u0142nij zbiornik za pomoc\u0105 BAL Tank It lub zestawu hydroizolacyjnego BAL do prysznic\u00f3w.)<\/li>\n<li>P\u0142yta gipsowo-kartonowa (w wilgotnych warunkach najpierw nale\u017cy uzupe\u0142ni\u0107 zbiornik za pomoc\u0105 systemu hydroizolacyjnego BAL Tank It lub zestawu hydroizolacyjnego BAL do prysznic\u00f3w.)<\/li>\n<li>P\u0142yta podk\u0142adowa do p\u0142ytek BAL \/ podk\u0142adka do p\u0142ytek \/ p\u0142yty z cementu w\u0142\u00f3knistego (w wilgotnych warunkach najpierw nale\u017cy uzupe\u0142ni\u0107 zbiornik za pomoc\u0105 systemu hydroizolacyjnego BAL Tank It lub zestawu hydroizolacyjnego BAL do prysznic\u00f3w).<\/li>\n<li>Glazurowane p\u0142ytki ceramiczne \/ twardy kamie\u0144 naturalny (w przypadku modyfikacji za pomoc\u0105 BAL Admix AD1, wst\u0119pnie rozcie\u0144czonego wod\u0105 w stosunku 1:3, mo\u017cna stosowa\u0107 w po\u0142\u0105czeniu z BAL Rapid Mat)<\/li>\n<li>Pod\u0142ogi drewniane (w przypadku stosowania z mat\u0105 BAL\u00a0Rapid Mat)<\/li>\n<li>Pokryte pod\u0142ogi drewniane, minimum 15 mm (uszczelnij tyln\u0105 powierzchni\u0119 i kraw\u0119dzie nierozcie\u0144czonym BAL\u00a0Bond SBR, mo\u017cna stosowa\u0107 w po\u0142\u0105czeniu z BAL Rapid Mat)<\/li>\n<li>P\u0142ytki\/arkusze winylowe<\/li>\n<li>Asfalt lany<\/li>\n<li>Wylewki anhydrytowe\/siarczanowo-wapniowe (zagruntowa\u0107 za pomoc\u0105 BAL\u00a0Prime APD, pierwsza warstwa 1:1 z wod\u0105, druga warstwa nierozcie\u0144czona w temperaturze 90\u00b0C do pierwszej, mo\u017ce by\u0107 stosowana w po\u0142\u0105czeniu z BAL Rapid Mat)<\/li>\n<\/ul>\n<p>&nbsp;<\/p>\n<p><code><a href=\"https:\/\/moespot.pl\/wp-content\/uploads\/2024\/05\/BAL-Flex-One-Tile-Adhesive-Datasheet.pdf\" target=\"_blank\" rel=\"noopener noreferrer\">Kart\u0119 produktu<\/a><\/code><\/p>","protected":false},"excerpt":{"rendered":"<p>BAL Flex One Tile Adhesive is a standard-setting, highly polymer-modified, thixotropic, fully wettability, fluid with shape memory, water\/frost-resistant cementitious tile adhesive for walls and floors. Available only in white, in 20kg bags. BAL Flex One Tile Adhesive features a pot life of 2.5 hours and sets in 6-8 hours. (at 20\u00b0c). BAL Flex One Tile [&hellip;]<\/p>","protected":false},"featured_media":1291,"comment_status":"open","ping_status":"closed","template":"","meta":[],"product_cat":[35,59],"product_tag":[],"class_list":{"0":"post-1288","1":"product","2":"type-product","3":"status-publish","4":"has-post-thumbnail","6":"product_cat-bal-tile-adhesive","7":"product_cat-tile-adhesive","9":"first","10":"instock","11":"shipping-taxable","12":"purchasable","13":"product-type-simple"},"yoast_head":"<!-- This site is optimized with the Yoast SEO plugin v23.3 - https:\/\/yoast.com\/wordpress\/plugins\/seo\/ -->\n<title>BAL Flex One Tile Adhesive 20kg - Moespot-Handlowy: Tile Adhesives for All Your Needs<\/title>\n<meta name=\"robots\" content=\"index, follow, max-snippet:-1, max-image-preview:large, max-video-preview:-1\" \/>\n<link rel=\"canonical\" href=\"https:\/\/moespot.pl\/pl\/produkt\/bal-flex-one-tile-adhesive-20kg\/\" \/>\n<meta property=\"og:locale\" content=\"pl_PL\" \/>\n<meta property=\"og:type\" content=\"article\" \/>\n<meta property=\"og:title\" content=\"BAL Flex One Tile Adhesive 20kg - Moespot-Handlowy: Tile Adhesives for All Your Needs\" \/>\n<meta property=\"og:description\" content=\"BAL Flex One Tile Adhesive is a standard-setting, highly polymer-modified, thixotropic, fully wettability, fluid with shape memory, water\/frost-resistant cementitious tile adhesive for walls and floors. Available only in white, in 20kg bags. BAL Flex One Tile Adhesive features a pot life of 2.5 hours and sets in 6-8 hours. (at 20\u00b0c). BAL Flex One Tile [&hellip;]\" \/>\n<meta property=\"og:url\" content=\"https:\/\/moespot.pl\/pl\/produkt\/bal-flex-one-tile-adhesive-20kg\/\" \/>\n<meta property=\"og:site_name\" content=\"Moespot-Handlowy: Tile Adhesives for All Your Needs\" \/>\n<meta property=\"article:modified_time\" content=\"2024-05-24T12:10:29+00:00\" \/>\n<meta property=\"og:image\" content=\"https:\/\/moespot.pl\/wp-content\/uploads\/2024\/05\/bal-flex-one-tile-adhesive.jpg\" \/>\n\t<meta property=\"og:image:width\" content=\"1000\" \/>\n\t<meta property=\"og:image:height\" content=\"1000\" \/>\n\t<meta property=\"og:image:type\" content=\"image\/jpeg\" \/>\n<meta name=\"twitter:card\" content=\"summary_large_image\" \/>\n<meta name=\"twitter:label1\" content=\"Szacowany czas czytania\" \/>\n\t<meta name=\"twitter:data1\" content=\"2 minuty\" \/>\n<script type=\"application\/ld+json\" class=\"yoast-schema-graph\">{\"@context\":\"https:\/\/schema.org\",\"@graph\":[{\"@type\":\"WebPage\",\"@id\":\"https:\/\/moespot.pl\/product\/bal-flex-one-tile-adhesive-20kg\/\",\"url\":\"https:\/\/moespot.pl\/product\/bal-flex-one-tile-adhesive-20kg\/\",\"name\":\"BAL Flex One Tile Adhesive 20kg - Moespot-Handlowy: Tile Adhesives for All Your Needs\",\"isPartOf\":{\"@id\":\"https:\/\/moespot.pl\/#website\"},\"primaryImageOfPage\":{\"@id\":\"https:\/\/moespot.pl\/product\/bal-flex-one-tile-adhesive-20kg\/#primaryimage\"},\"image\":{\"@id\":\"https:\/\/moespot.pl\/product\/bal-flex-one-tile-adhesive-20kg\/#primaryimage\"},\"thumbnailUrl\":\"https:\/\/moespot.pl\/wp-content\/uploads\/2024\/05\/bal-flex-one-tile-adhesive.jpg\",\"datePublished\":\"2024-05-22T12:05:00+00:00\",\"dateModified\":\"2024-05-24T12:10:29+00:00\",\"breadcrumb\":{\"@id\":\"https:\/\/moespot.pl\/product\/bal-flex-one-tile-adhesive-20kg\/#breadcrumb\"},\"inLanguage\":\"pl-PL\",\"potentialAction\":[{\"@type\":\"ReadAction\",\"target\":[\"https:\/\/moespot.pl\/product\/bal-flex-one-tile-adhesive-20kg\/\"]}]},{\"@type\":\"ImageObject\",\"inLanguage\":\"pl-PL\",\"@id\":\"https:\/\/moespot.pl\/product\/bal-flex-one-tile-adhesive-20kg\/#primaryimage\",\"url\":\"https:\/\/moespot.pl\/wp-content\/uploads\/2024\/05\/bal-flex-one-tile-adhesive.jpg\",\"contentUrl\":\"https:\/\/moespot.pl\/wp-content\/uploads\/2024\/05\/bal-flex-one-tile-adhesive.jpg\",\"width\":1000,\"height\":1000},{\"@type\":\"BreadcrumbList\",\"@id\":\"https:\/\/moespot.pl\/product\/bal-flex-one-tile-adhesive-20kg\/#breadcrumb\",\"itemListElement\":[{\"@type\":\"ListItem\",\"position\":1,\"name\":\"Home\",\"item\":\"https:\/\/moespot.pl\/\"},{\"@type\":\"ListItem\",\"position\":2,\"name\":\"Shop\",\"item\":\"https:\/\/moespot.pl\/shop\/\"},{\"@type\":\"ListItem\",\"position\":3,\"name\":\"BAL Flex One Tile Adhesive 20kg\"}]},{\"@type\":\"WebSite\",\"@id\":\"https:\/\/moespot.pl\/#website\",\"url\":\"https:\/\/moespot.pl\/\",\"name\":\"Moespot-Handlowy: Tile Adhesives for All Your Needs\",\"description\":\"\",\"potentialAction\":[{\"@type\":\"SearchAction\",\"target\":{\"@type\":\"EntryPoint\",\"urlTemplate\":\"https:\/\/moespot.pl\/?s={search_term_string}\"},\"query-input\":\"required name=search_term_string\"}],\"inLanguage\":\"pl-PL\"}]}<\/script>\n<!-- \/ Yoast SEO plugin. -->","yoast_head_json":{"title":"BAL Flex One Tile Adhesive 20kg - Moespot-Handlowy: Tile Adhesives for All Your Needs","robots":{"index":"index","follow":"follow","max-snippet":"max-snippet:-1","max-image-preview":"max-image-preview:large","max-video-preview":"max-video-preview:-1"},"canonical":"https:\/\/moespot.pl\/pl\/produkt\/bal-flex-one-tile-adhesive-20kg\/","og_locale":"pl_PL","og_type":"article","og_title":"BAL Flex One Tile Adhesive 20kg - Moespot-Handlowy: Tile Adhesives for All Your Needs","og_description":"BAL Flex One Tile Adhesive is a standard-setting, highly polymer-modified, thixotropic, fully wettability, fluid with shape memory, water\/frost-resistant cementitious tile adhesive for walls and floors. Available only in white, in 20kg bags. BAL Flex One Tile Adhesive features a pot life of 2.5 hours and sets in 6-8 hours. (at 20\u00b0c). BAL Flex One Tile [&hellip;]","og_url":"https:\/\/moespot.pl\/pl\/produkt\/bal-flex-one-tile-adhesive-20kg\/","og_site_name":"Moespot-Handlowy: Tile Adhesives for All Your Needs","article_modified_time":"2024-05-24T12:10:29+00:00","og_image":[{"width":1000,"height":1000,"url":"https:\/\/moespot.pl\/wp-content\/uploads\/2024\/05\/bal-flex-one-tile-adhesive.jpg","type":"image\/jpeg"}],"twitter_card":"summary_large_image","twitter_misc":{"Szacowany czas czytania":"2 minuty"},"schema":{"@context":"https:\/\/schema.org","@graph":[{"@type":"WebPage","@id":"https:\/\/moespot.pl\/product\/bal-flex-one-tile-adhesive-20kg\/","url":"https:\/\/moespot.pl\/product\/bal-flex-one-tile-adhesive-20kg\/","name":"BAL Flex One Tile Adhesive 20kg - Moespot-Handlowy: Tile Adhesives for All Your Needs","isPartOf":{"@id":"https:\/\/moespot.pl\/#website"},"primaryImageOfPage":{"@id":"https:\/\/moespot.pl\/product\/bal-flex-one-tile-adhesive-20kg\/#primaryimage"},"image":{"@id":"https:\/\/moespot.pl\/product\/bal-flex-one-tile-adhesive-20kg\/#primaryimage"},"thumbnailUrl":"https:\/\/moespot.pl\/wp-content\/uploads\/2024\/05\/bal-flex-one-tile-adhesive.jpg","datePublished":"2024-05-22T12:05:00+00:00","dateModified":"2024-05-24T12:10:29+00:00","breadcrumb":{"@id":"https:\/\/moespot.pl\/product\/bal-flex-one-tile-adhesive-20kg\/#breadcrumb"},"inLanguage":"pl-PL","potentialAction":[{"@type":"ReadAction","target":["https:\/\/moespot.pl\/product\/bal-flex-one-tile-adhesive-20kg\/"]}]},{"@type":"ImageObject","inLanguage":"pl-PL","@id":"https:\/\/moespot.pl\/product\/bal-flex-one-tile-adhesive-20kg\/#primaryimage","url":"https:\/\/moespot.pl\/wp-content\/uploads\/2024\/05\/bal-flex-one-tile-adhesive.jpg","contentUrl":"https:\/\/moespot.pl\/wp-content\/uploads\/2024\/05\/bal-flex-one-tile-adhesive.jpg","width":1000,"height":1000},{"@type":"BreadcrumbList","@id":"https:\/\/moespot.pl\/product\/bal-flex-one-tile-adhesive-20kg\/#breadcrumb","itemListElement":[{"@type":"ListItem","position":1,"name":"Home","item":"https:\/\/moespot.pl\/"},{"@type":"ListItem","position":2,"name":"Shop","item":"https:\/\/moespot.pl\/shop\/"},{"@type":"ListItem","position":3,"name":"BAL Flex One Tile Adhesive 20kg"}]},{"@type":"WebSite","@id":"https:\/\/moespot.pl\/#website","url":"https:\/\/moespot.pl\/","name":"Moespot-Handlowy: Tile Adhesives for All Your Needs","description":"","potentialAction":[{"@type":"SearchAction","target":{"@type":"EntryPoint","urlTemplate":"https:\/\/moespot.pl\/?s={search_term_string}"},"query-input":"required name=search_term_string"}],"inLanguage":"pl-PL"}]}},"_links":{"self":[{"href":"https:\/\/moespot.pl\/pl\/wp-json\/wp\/v2\/product\/1288","targetHints":{"allow":["GET"]}}],"collection":[{"href":"https:\/\/moespot.pl\/pl\/wp-json\/wp\/v2\/product"}],"about":[{"href":"https:\/\/moespot.pl\/pl\/wp-json\/wp\/v2\/types\/product"}],"replies":[{"embeddable":true,"href":"https:\/\/moespot.pl\/pl\/wp-json\/wp\/v2\/comments?post=1288"}],"wp:featuredmedia":[{"embeddable":true,"href":"https:\/\/moespot.pl\/pl\/wp-json\/wp\/v2\/media\/1291"}],"wp:attachment":[{"href":"https:\/\/moespot.pl\/pl\/wp-json\/wp\/v2\/media?parent=1288"}],"wp:term":[{"taxonomy":"product_cat","embeddable":true,"href":"https:\/\/moespot.pl\/pl\/wp-json\/wp\/v2\/product_cat?post=1288"},{"taxonomy":"product_tag","embeddable":true,"href":"https:\/\/moespot.pl\/pl\/wp-json\/wp\/v2\/product_tag?post=1288"}],"curies":[{"name":"wp","href":"https:\/\/api.w.org\/{rel}","templated":true}]}}