{"id":3960,"date":"2024-05-31T04:09:56","date_gmt":"2024-05-31T04:09:56","guid":{"rendered":"https:\/\/moespot.pl\/?page_id=3960"},"modified":"2024-06-03T07:20:06","modified_gmt":"2024-06-03T07:20:06","slug":"bus-paints","status":"publish","type":"page","link":"https:\/\/moespot.pl\/pl\/bus-paints\/","title":{"rendered":"Farby Do Autobus\u00f3w"},"content":{"rendered":"<div data-elementor-type=\"wp-page\" data-elementor-id=\"3960\" class=\"elementor elementor-3960\">\n\t\t\t\t<div class=\"elementor-element elementor-element-7672c53 e-flex e-con-boxed e-con e-parent\" data-id=\"7672c53\" data-element_type=\"container\">\n\t\t\t\t\t<div class=\"e-con-inner\">\n\t\t<div class=\"elementor-element elementor-element-00634a0 e-con-full hero e-flex e-con e-child\" data-id=\"00634a0\" data-element_type=\"container\">\n\t\t\t\t<div class=\"elementor-element elementor-element-49dd407 elementor-widget__width-inherit banner-video d-none elementor-widget elementor-widget-video\" data-id=\"49dd407\" data-element_type=\"widget\" data-settings=\"{&quot;video_type&quot;:&quot;hosted&quot;,&quot;autoplay&quot;:&quot;yes&quot;,&quot;play_on_mobile&quot;:&quot;yes&quot;,&quot;mute&quot;:&quot;yes&quot;,&quot;loop&quot;:&quot;yes&quot;}\" data-widget_type=\"video.default\">\n\t\t\t\t<div class=\"elementor-widget-container\">\n\t\t\t<style>\/*! elementor - v3.23.0 - 05-08-2024 *\/\n.elementor-widget-video .elementor-widget-container{overflow:hidden;transform:translateZ(0)}.elementor-widget-video .elementor-wrapper{aspect-ratio:var(--video-aspect-ratio)}.elementor-widget-video .elementor-wrapper iframe,.elementor-widget-video .elementor-wrapper video{height:100%;width:100%;display:flex;border:none;background-color:#000}@supports not (aspect-ratio:1\/1){.elementor-widget-video .elementor-wrapper{position:relative;overflow:hidden;height:0;padding-bottom:calc(100% \/ var(--video-aspect-ratio))}.elementor-widget-video .elementor-wrapper iframe,.elementor-widget-video .elementor-wrapper video{position:absolute;top:0;right:0;bottom:0;left:0}}.elementor-widget-video .elementor-open-inline .elementor-custom-embed-image-overlay{position:absolute;top:0;right:0;bottom:0;left:0;background-size:cover;background-position:50%}.elementor-widget-video .elementor-custom-embed-image-overlay{cursor:pointer;text-align:center}.elementor-widget-video .elementor-custom-embed-image-overlay:hover .elementor-custom-embed-play i{opacity:1}.elementor-widget-video .elementor-custom-embed-image-overlay img{display:block;width:100%;aspect-ratio:var(--video-aspect-ratio);-o-object-fit:cover;object-fit:cover;-o-object-position:center center;object-position:center center}@supports not (aspect-ratio:1\/1){.elementor-widget-video .elementor-custom-embed-image-overlay{position:relative;overflow:hidden;height:0;padding-bottom:calc(100% \/ var(--video-aspect-ratio))}.elementor-widget-video .elementor-custom-embed-image-overlay img{position:absolute;top:0;right:0;bottom:0;left:0}}.elementor-widget-video .e-hosted-video .elementor-video{-o-object-fit:cover;object-fit:cover}.e-con-inner>.elementor-widget-video,.e-con>.elementor-widget-video{width:var(--container-widget-width);--flex-grow:var(--container-widget-flex-grow)}<\/style>\t\t<div class=\"e-hosted-video elementor-wrapper elementor-open-inline\">\n\t\t\t\t\t<video class=\"elementor-video\" src=\"https:\/\/moespot.pl\/wp-content\/uploads\/2024\/05\/faq-galtech.mp4\" autoplay=\"\" loop=\"\" muted=\"muted\" playsinline=\"\" controlslist=\"nodownload\"><\/video>\n\t\t\t\t<\/div>\n\t\t\t\t<\/div>\n\t\t\t\t<\/div>\n\t\t\t\t<div class=\"elementor-element elementor-element-d064be0 banner-video elementor-widget elementor-widget-image\" data-id=\"d064be0\" data-element_type=\"widget\" data-widget_type=\"image.default\">\n\t\t\t\t<div class=\"elementor-widget-container\">\n\t\t\t<style>\/*! elementor - v3.23.0 - 05-08-2024 *\/\n.elementor-widget-image{text-align:center}.elementor-widget-image a{display:inline-block}.elementor-widget-image a img[src$=\".svg\"]{width:48px}.elementor-widget-image img{vertical-align:middle;display:inline-block}<\/style>\t\t\t\t\t\t\t\t\t\t<img fetchpriority=\"high\" decoding=\"async\" width=\"1600\" height=\"900\" src=\"https:\/\/moespot.pl\/wp-content\/uploads\/2024\/05\/1.png\" class=\"attachment-full size-full wp-image-859\" alt=\"\" srcset=\"https:\/\/moespot.pl\/wp-content\/uploads\/2024\/05\/1.png 1600w, https:\/\/moespot.pl\/wp-content\/uploads\/2024\/05\/1-300x169.png 300w, https:\/\/moespot.pl\/wp-content\/uploads\/2024\/05\/1-1024x576.png 1024w, https:\/\/moespot.pl\/wp-content\/uploads\/2024\/05\/1-768x432.png 768w, https:\/\/moespot.pl\/wp-content\/uploads\/2024\/05\/1-1536x864.png 1536w, https:\/\/moespot.pl\/wp-content\/uploads\/2024\/05\/1-18x10.png 18w, https:\/\/moespot.pl\/wp-content\/uploads\/2024\/05\/1-600x338.png 600w\" sizes=\"(max-width: 1600px) 100vw, 1600px\" \/>\t\t\t\t\t\t\t\t\t\t\t\t\t<\/div>\n\t\t\t\t<\/div>\n\t\t<div class=\"elementor-element elementor-element-2634234 hero-content e-flex e-con-boxed e-con e-child\" data-id=\"2634234\" data-element_type=\"container\" data-settings=\"{&quot;position&quot;:&quot;absolute&quot;,&quot;background_background&quot;:&quot;classic&quot;}\">\n\t\t\t\t\t<div class=\"e-con-inner\">\n\t\t\t\t<div class=\"elementor-element elementor-element-8708ace elementor-widget elementor-widget-heading\" data-id=\"8708ace\" data-element_type=\"widget\" data-widget_type=\"heading.default\">\n\t\t\t\t<div class=\"elementor-widget-container\">\n\t\t\t<style>\/*! elementor - v3.23.0 - 05-08-2024 *\/\n.elementor-heading-title{padding:0;margin:0;line-height:1}.elementor-widget-heading .elementor-heading-title[class*=elementor-size-]>a{color:inherit;font-size:inherit;line-height:inherit}.elementor-widget-heading .elementor-heading-title.elementor-size-small{font-size:15px}.elementor-widget-heading .elementor-heading-title.elementor-size-medium{font-size:19px}.elementor-widget-heading .elementor-heading-title.elementor-size-large{font-size:29px}.elementor-widget-heading .elementor-heading-title.elementor-size-xl{font-size:39px}.elementor-widget-heading .elementor-heading-title.elementor-size-xxl{font-size:59px}<\/style><h1 class=\"elementor-heading-title elementor-size-default\">MOESPOT HANDLOWY\nSP.Z.O.O<\/h1>\t\t<\/div>\n\t\t\t\t<\/div>\n\t\t\t\t<div class=\"elementor-element elementor-element-29b0c31 max-800 elementor-widget elementor-widget-heading\" data-id=\"29b0c31\" data-element_type=\"widget\" data-widget_type=\"heading.default\">\n\t\t\t\t<div class=\"elementor-widget-container\">\n\t\t\t<h6 class=\"elementor-heading-title elementor-size-default\">Producujemy farby handlowe wysokiej jako\u015bci dostosowane do Twoich indywidualnych potrzeb. Mo\u017cemy dostarcza\u0107 zam\u00f3wienia hurtowe i mamy mo\u017cliwo\u015b\u0107 dystrybucji na terenie ca\u0142ej Europy.\n<\/h6>\t\t<\/div>\n\t\t\t\t<\/div>\n\t\t\t\t\t<\/div>\n\t\t\t\t<\/div>\n\t\t\t\t<\/div>\n\t\t\t\t\t<\/div>\n\t\t\t\t<\/div>\n\t\t<div class=\"elementor-element elementor-element-e1aede7 e-con-full e-flex e-con e-parent\" data-id=\"e1aede7\" data-element_type=\"container\">\n\t\t<div class=\"elementor-element elementor-element-8b4db59 e-con-full e-flex e-con e-child\" data-id=\"8b4db59\" data-element_type=\"container\">\n\t\t\t\t<div class=\"elementor-element elementor-element-5af1fc4 elementor-widget__width-inherit w-100 elementor-widget elementor-widget-image\" data-id=\"5af1fc4\" data-element_type=\"widget\" data-widget_type=\"image.default\">\n\t\t\t\t<div class=\"elementor-widget-container\">\n\t\t\t\t\t\t\t\t\t\t\t\t\t<img decoding=\"async\" width=\"800\" height=\"601\" src=\"https:\/\/moespot.pl\/wp-content\/uploads\/2024\/05\/Bus-Hero-1024x769.jpg\" class=\"attachment-large size-large wp-image-3968\" alt=\"\" srcset=\"https:\/\/moespot.pl\/wp-content\/uploads\/2024\/05\/Bus-Hero-1024x769.jpg 1024w, https:\/\/moespot.pl\/wp-content\/uploads\/2024\/05\/Bus-Hero-300x225.jpg 300w, https:\/\/moespot.pl\/wp-content\/uploads\/2024\/05\/Bus-Hero-768x577.jpg 768w, https:\/\/moespot.pl\/wp-content\/uploads\/2024\/05\/Bus-Hero-16x12.jpg 16w, https:\/\/moespot.pl\/wp-content\/uploads\/2024\/05\/Bus-Hero-600x451.jpg 600w, https:\/\/moespot.pl\/wp-content\/uploads\/2024\/05\/Bus-Hero.jpg 1200w\" sizes=\"(max-width: 800px) 100vw, 800px\" \/>\t\t\t\t\t\t\t\t\t\t\t\t\t<\/div>\n\t\t\t\t<\/div>\n\t\t\t\t<\/div>\n\t\t<div class=\"elementor-element elementor-element-c922b9c e-con-full e-flex e-con e-child\" data-id=\"c922b9c\" data-element_type=\"container\">\n\t\t<div class=\"elementor-element elementor-element-0f88e76 color-text-container e-flex e-con-boxed e-con e-child\" data-id=\"0f88e76\" data-element_type=\"container\">\n\t\t\t\t\t<div class=\"e-con-inner\">\n\t\t\t\t<div class=\"elementor-element elementor-element-bd794cf elementor-widget elementor-widget-heading\" data-id=\"bd794cf\" data-element_type=\"widget\" data-widget_type=\"heading.default\">\n\t\t\t\t<div class=\"elementor-widget-container\">\n\t\t\t<h2 class=\"elementor-heading-title elementor-size-default\">FARBY DO AUTOBUS\u00d3W<\/h2>\t\t<\/div>\n\t\t\t\t<\/div>\n\t\t\t\t<div class=\"elementor-element elementor-element-f1fd8db elementor-widget__width-initial my_id_blockquote elementor-widget elementor-widget-heading\" data-id=\"f1fd8db\" data-element_type=\"widget\" data-widget_type=\"heading.default\">\n\t\t\t\t<div class=\"elementor-widget-container\">\n\t\t\t<span class=\"elementor-heading-title elementor-size-default\">Zawsze mieli\u015bmy doskona\u0142\u0105 obs\u0142ug\u0119 ze strony Moespot Handlowy. Dostarczaj\u0105, jak obiecuj\u0105, i zawsze staraj\u0105 si\u0119 dostosowa\u0107 do naszych r\u00f3\u017cnorodnych wymaga\u0144. Zamawiamy du\u017ce ilo\u015bci regularnie i nigdy nie mieli\u015bmy problemu z jednolito\u015bci\u0105 materia\u0142\u00f3w i dopasowaniem kolor\u00f3w.<\/span>\t\t<\/div>\n\t\t\t\t<\/div>\n\t\t\t\t<div class=\"elementor-element elementor-element-f0eb3dc elementor-button-success elementor-tablet-align-center elementor-widget elementor-widget-button\" data-id=\"f0eb3dc\" data-element_type=\"widget\" data-widget_type=\"button.default\">\n\t\t\t\t<div class=\"elementor-widget-container\">\n\t\t\t\t\t<div class=\"elementor-button-wrapper\">\n\t\t\t<a class=\"elementor-button elementor-button-link elementor-size-sm\" href=\"https:\/\/moespot.pl\/index.php\/contacts\/\">\n\t\t\t\t\t\t<span class=\"elementor-button-content-wrapper\">\n\t\t\t\t\t\t\t\t\t<span class=\"elementor-button-text\">Z\u0141\u00d3\u017b ZAM\u00d3WIENIE<\/span>\n\t\t\t\t\t<\/span>\n\t\t\t\t\t<\/a>\n\t\t<\/div>\n\t\t\t\t<\/div>\n\t\t\t\t<\/div>\n\t\t\t\t\t<\/div>\n\t\t\t\t<\/div>\n\t\t\t\t<\/div>\n\t\t\t\t<\/div>\n\t\t<div class=\"elementor-element elementor-element-2ef6a13 e-flex e-con-boxed e-con e-parent\" data-id=\"2ef6a13\" data-element_type=\"container\" data-settings=\"{&quot;background_background&quot;:&quot;classic&quot;}\">\n\t\t\t\t\t<div class=\"e-con-inner\">\n\t\t<div class=\"elementor-element elementor-element-d7efe54 e-flex e-con-boxed e-con e-child\" data-id=\"d7efe54\" data-element_type=\"container\">\n\t\t\t\t\t<div class=\"e-con-inner\">\n\t\t\t\t<div class=\"elementor-element elementor-element-9a6be90 sub-text-underline elementor-widget elementor-widget-heading\" data-id=\"9a6be90\" data-element_type=\"widget\" data-widget_type=\"heading.default\">\n\t\t\t\t<div class=\"elementor-widget-container\">\n\t\t\t<h2 class=\"elementor-heading-title elementor-size-default\">FARBY DO AUTOBUS\u00d3W<\/h2>\t\t<\/div>\n\t\t\t\t<\/div>\n\t\t\t\t<div class=\"elementor-element elementor-element-09dd199 elementor-widget__width-initial elementor-widget elementor-widget-heading\" data-id=\"09dd199\" data-element_type=\"widget\" data-widget_type=\"heading.default\">\n\t\t\t\t<div class=\"elementor-widget-container\">\n\t\t\t<h6 class=\"elementor-heading-title elementor-size-default\">Farby do pojazd\u00f3w komercyjnych i autobus\u00f3w oferowane tutaj w Moespot Handlowy s\u0105 zaprojektowane wy\u0142\u0105cznie z my\u015bl\u0105 o interesach klient\u00f3w. Oferujemy szerok\u0105 gam\u0119 opcji farb do autobus\u00f3w, poczynaj\u0105c od farb do karoserii i metalowych ram, aby zwi\u0119kszy\u0107 trwa\u0142o\u015b\u0107 twoich pojazd\u00f3w komercyjnych i ochroni\u0107 je przed surowymi warunkami atmosferycznymi na zewn\u0105trz. Dla ci\u0119\u017ckich pojazd\u00f3w komercyjnych, takich jak autobusy, rozumiemy, \u017ce wyb\u00f3r farby mo\u017ce wp\u0142yn\u0105\u0107 zar\u00f3wno na wygl\u0105d, jak i wydajno\u015b\u0107 pojazdu. Dlatego, aby pom\u00f3c autobusom unikn\u0105\u0107 problem\u00f3w takich jak p\u0119kni\u0119cia, odpryski czy korozja, dlaczego nie rozwa\u017cy\u0107 zakupu naszej doskona\u0142ej gamy farb do autobus\u00f3w ju\u017c dzi\u015b? Kupuj online ju\u017c dzi\u015b.<\/h6>\t\t<\/div>\n\t\t\t\t<\/div>\n\t\t\t\t<div class=\"elementor-element elementor-element-0519549 elementor-align-center elementor-widget elementor-widget-button\" data-id=\"0519549\" data-element_type=\"widget\" data-widget_type=\"button.default\">\n\t\t\t\t<div class=\"elementor-widget-container\">\n\t\t\t\t\t<div class=\"elementor-button-wrapper\">\n\t\t\t<a class=\"elementor-button elementor-button-link elementor-size-sm\" href=\"https:\/\/moespot.pl\/index.php\/contacts\/\">\n\t\t\t\t\t\t<span class=\"elementor-button-content-wrapper\">\n\t\t\t\t\t\t\t\t\t<span class=\"elementor-button-text\">Z\u0141\u00d3\u017b ZAM\u00d3WIENIE<\/span>\n\t\t\t\t\t<\/span>\n\t\t\t\t\t<\/a>\n\t\t<\/div>\n\t\t\t\t<\/div>\n\t\t\t\t<\/div>\n\t\t\t\t\t<\/div>\n\t\t\t\t<\/div>\n\t\t\t\t\t<\/div>\n\t\t\t\t<\/div>\n\t\t<div class=\"elementor-element elementor-element-dc8dfff e-con-full e-flex e-con e-parent\" data-id=\"dc8dfff\" data-element_type=\"container\">\n\t\t<div class=\"elementor-element elementor-element-fff78df e-con-full e-flex e-con e-child\" data-id=\"fff78df\" data-element_type=\"container\">\n\t\t<div class=\"elementor-element elementor-element-f5715a3 color-text-container2 e-flex e-con-boxed e-con e-child\" data-id=\"f5715a3\" data-element_type=\"container\">\n\t\t\t\t\t<div class=\"e-con-inner\">\n\t\t\t\t<div class=\"elementor-element elementor-element-528598b elementor-widget elementor-widget-heading\" data-id=\"528598b\" data-element_type=\"widget\" data-widget_type=\"heading.default\">\n\t\t\t\t<div class=\"elementor-widget-container\">\n\t\t\t<h2 class=\"elementor-heading-title elementor-size-default\">Z\u0141\u00d3\u017b ZAM\u00d3WIENIE<\/h2>\t\t<\/div>\n\t\t\t\t<\/div>\n\t\t\t\t<div class=\"elementor-element elementor-element-392d8b3 elementor-widget__width-initial elementor-widget elementor-widget-heading\" data-id=\"392d8b3\" data-element_type=\"widget\" data-widget_type=\"heading.default\">\n\t\t\t\t<div class=\"elementor-widget-container\">\n\t\t\t<h6 class=\"elementor-heading-title elementor-size-default\">Aby uzyska\u0107 wi\u0119cej informacji na temat naszych us\u0142ug lub produkt\u00f3w, prosimy wype\u0142ni\u0107 poni\u017cszy formularz, a cz\u0142onek naszego zespo\u0142u skontaktuje si\u0119 z Tob\u0105.<\/h6>\t\t<\/div>\n\t\t\t\t<\/div>\n\t\t\t\t<div class=\"elementor-element elementor-element-68a674e elementor-button-success elementor-tablet-align-center elementor-widget elementor-widget-button\" data-id=\"68a674e\" data-element_type=\"widget\" data-widget_type=\"button.default\">\n\t\t\t\t<div class=\"elementor-widget-container\">\n\t\t\t\t\t<div class=\"elementor-button-wrapper\">\n\t\t\t<a class=\"elementor-button elementor-button-link elementor-size-sm\" href=\"https:\/\/moespot.pl\/index.php\/contacts\/\">\n\t\t\t\t\t\t<span class=\"elementor-button-content-wrapper\">\n\t\t\t\t\t\t\t\t\t<span class=\"elementor-button-text\">Z\u0141\u00d3\u017b ZAM\u00d3WIENIE<\/span>\n\t\t\t\t\t<\/span>\n\t\t\t\t\t<\/a>\n\t\t<\/div>\n\t\t\t\t<\/div>\n\t\t\t\t<\/div>\n\t\t\t\t\t<\/div>\n\t\t\t\t<\/div>\n\t\t\t\t<\/div>\n\t\t<div class=\"elementor-element elementor-element-15fc218 e-con-full e-flex e-con e-child\" data-id=\"15fc218\" data-element_type=\"container\">\n\t\t\t\t<div class=\"elementor-element elementor-element-15e7d9b elementor-widget__width-inherit w-100 elementor-widget elementor-widget-image\" data-id=\"15e7d9b\" data-element_type=\"widget\" data-widget_type=\"image.default\">\n\t\t\t\t<div class=\"elementor-widget-container\">\n\t\t\t\t\t\t\t\t\t\t\t\t\t<img decoding=\"async\" width=\"800\" height=\"600\" src=\"https:\/\/moespot.pl\/wp-content\/uploads\/2024\/05\/Contact-Banner-Image-Compressed.jpg\" class=\"attachment-large size-large wp-image-3390\" alt=\"\" srcset=\"https:\/\/moespot.pl\/wp-content\/uploads\/2024\/05\/Contact-Banner-Image-Compressed.jpg 1000w, https:\/\/moespot.pl\/wp-content\/uploads\/2024\/05\/Contact-Banner-Image-Compressed-300x225.jpg 300w, https:\/\/moespot.pl\/wp-content\/uploads\/2024\/05\/Contact-Banner-Image-Compressed-768x576.jpg 768w, https:\/\/moespot.pl\/wp-content\/uploads\/2024\/05\/Contact-Banner-Image-Compressed-16x12.jpg 16w, https:\/\/moespot.pl\/wp-content\/uploads\/2024\/05\/Contact-Banner-Image-Compressed-600x450.jpg 600w\" sizes=\"(max-width: 800px) 100vw, 800px\" \/>\t\t\t\t\t\t\t\t\t\t\t\t\t<\/div>\n\t\t\t\t<\/div>\n\t\t\t\t<\/div>\n\t\t\t\t<\/div>\n\t\t<div class=\"elementor-element elementor-element-0138ee0 e-flex e-con-boxed e-con e-parent\" data-id=\"0138ee0\" data-element_type=\"container\" data-settings=\"{&quot;background_background&quot;:&quot;classic&quot;}\">\n\t\t\t\t\t<div class=\"e-con-inner\">\n\t\t<div class=\"elementor-element elementor-element-5f9eda1 e-flex e-con-boxed e-con e-child\" data-id=\"5f9eda1\" data-element_type=\"container\">\n\t\t\t\t\t<div class=\"e-con-inner\">\n\t\t\t\t<div class=\"elementor-element elementor-element-039606b sub-text-underline elementor-widget elementor-widget-heading\" data-id=\"039606b\" data-element_type=\"widget\" data-widget_type=\"heading.default\">\n\t\t\t\t<div class=\"elementor-widget-container\">\n\t\t\t<h2 class=\"elementor-heading-title elementor-size-default\">PODSTAWKI DO AUTOBUS\u00d3W<\/h2>\t\t<\/div>\n\t\t\t\t<\/div>\n\t\t\t\t<div class=\"elementor-element elementor-element-c1e77b3 elementor-widget__width-initial elementor-widget elementor-widget-heading\" data-id=\"c1e77b3\" data-element_type=\"widget\" data-widget_type=\"heading.default\">\n\t\t\t\t<div class=\"elementor-widget-container\">\n\t\t\t<h6 class=\"elementor-heading-title elementor-size-default\">Je\u015bli szukasz najwy\u017cszej jako\u015bci farby do autobus\u00f3w, to Moespot Handlowy jest w\u0142a\u015bciwym miejscem. Jako kluczowi dostawcy i producenci farb w Polsce, zdajemy sobie spraw\u0119, jak bardzo poszukiwana jest farba do autobus\u00f3w do u\u017cytku komercyjnego. Dlatego oferujemy szerok\u0105 gam\u0119 najwy\u017cszej jako\u015bci opcji oraz specjalistyczne farby do autobus\u00f3w. Nasza oferta farb do autobus\u00f3w pozwala znale\u017a\u0107 odpowiedni produkt bez wysi\u0142ku, a tak\u017ce zapewnia wiele po\u017c\u0105danych cech, takich jak trwa\u0142o\u015b\u0107 i imponuj\u0105ca d\u0142ugowieczno\u015b\u0107. W Moespot Handlowy zawsze zapewniamy najlepsze mo\u017cliwe ceny i wyj\u0105tkow\u0105 obs\u0142ug\u0119 klienta. Zapoznaj si\u0119 z naszymi produktami ju\u017c dzi\u015b i kup idealn\u0105 farb\u0119 do swojego autobusu.<\/h6>\t\t<\/div>\n\t\t\t\t<\/div>\n\t\t\t\t\t<\/div>\n\t\t\t\t<\/div>\n\t\t\t\t\t<\/div>\n\t\t\t\t<\/div>\n\t\t\t\t<\/div>","protected":false},"excerpt":{"rendered":"<p>https:\/\/moespot.pl\/wp-content\/uploads\/2024\/05\/faq-galtech.mp4 MOESPOT HANDLOWY SP.Z.O.O We manufacture high-quality trade paint tailored to your specific requirements. We can supply bulk orders and have the capability to distribute throughout Europe. BUS PAINTS We have always had a great service from Moespot Handlowy. They deliver as promised and will always try to accommodate our various requirements. We order large [&hellip;]<\/p>","protected":false},"author":1,"featured_media":0,"parent":0,"menu_order":0,"comment_status":"closed","ping_status":"closed","template":"","meta":{"footnotes":""},"class_list":["post-3960","page","type-page","status-publish","hentry"],"yoast_head":"<!-- This site is optimized with the Yoast SEO plugin v23.3 - https:\/\/yoast.com\/wordpress\/plugins\/seo\/ -->\n<title>Bus Paints - Moespot-Handlowy: Tile Adhesives for All Your Needs<\/title>\n<meta name=\"robots\" content=\"index, follow, max-snippet:-1, max-image-preview:large, max-video-preview:-1\" \/>\n<link rel=\"canonical\" href=\"https:\/\/moespot.pl\/pl\/bus-paints\/\" \/>\n<meta property=\"og:locale\" content=\"pl_PL\" \/>\n<meta property=\"og:type\" content=\"article\" \/>\n<meta property=\"og:title\" content=\"Bus Paints - Moespot-Handlowy: Tile Adhesives for All Your Needs\" \/>\n<meta property=\"og:description\" content=\"https:\/\/moespot.pl\/wp-content\/uploads\/2024\/05\/faq-galtech.mp4 MOESPOT HANDLOWY SP.Z.O.O We manufacture high-quality trade paint tailored to your specific requirements. We can supply bulk orders and have the capability to distribute throughout Europe. BUS PAINTS We have always had a great service from Moespot Handlowy. They deliver as promised and will always try to accommodate our various requirements. We order large [&hellip;]\" \/>\n<meta property=\"og:url\" content=\"https:\/\/moespot.pl\/pl\/bus-paints\/\" \/>\n<meta property=\"og:site_name\" content=\"Moespot-Handlowy: Tile Adhesives for All Your Needs\" \/>\n<meta property=\"article:modified_time\" content=\"2024-06-03T07:20:06+00:00\" \/>\n<meta property=\"og:image\" content=\"https:\/\/moespot.pl\/wp-content\/uploads\/2024\/05\/1.png\" \/>\n<meta name=\"twitter:card\" content=\"summary_large_image\" \/>\n<meta name=\"twitter:label1\" content=\"Szacowany czas czytania\" \/>\n\t<meta name=\"twitter:data1\" content=\"3 minuty\" \/>\n<script type=\"application\/ld+json\" class=\"yoast-schema-graph\">{\"@context\":\"https:\/\/schema.org\",\"@graph\":[{\"@type\":\"WebPage\",\"@id\":\"https:\/\/moespot.pl\/bus-paints\/\",\"url\":\"https:\/\/moespot.pl\/bus-paints\/\",\"name\":\"Bus Paints - Moespot-Handlowy: Tile Adhesives for All Your Needs\",\"isPartOf\":{\"@id\":\"https:\/\/moespot.pl\/#website\"},\"primaryImageOfPage\":{\"@id\":\"https:\/\/moespot.pl\/bus-paints\/#primaryimage\"},\"image\":{\"@id\":\"https:\/\/moespot.pl\/bus-paints\/#primaryimage\"},\"thumbnailUrl\":\"https:\/\/moespot.pl\/wp-content\/uploads\/2024\/05\/1.png\",\"datePublished\":\"2024-05-31T04:09:56+00:00\",\"dateModified\":\"2024-06-03T07:20:06+00:00\",\"breadcrumb\":{\"@id\":\"https:\/\/moespot.pl\/bus-paints\/#breadcrumb\"},\"inLanguage\":\"pl-PL\",\"potentialAction\":[{\"@type\":\"ReadAction\",\"target\":[\"https:\/\/moespot.pl\/bus-paints\/\"]}]},{\"@type\":\"ImageObject\",\"inLanguage\":\"pl-PL\",\"@id\":\"https:\/\/moespot.pl\/bus-paints\/#primaryimage\",\"url\":\"https:\/\/moespot.pl\/wp-content\/uploads\/2024\/05\/1.png\",\"contentUrl\":\"https:\/\/moespot.pl\/wp-content\/uploads\/2024\/05\/1.png\"},{\"@type\":\"BreadcrumbList\",\"@id\":\"https:\/\/moespot.pl\/bus-paints\/#breadcrumb\",\"itemListElement\":[{\"@type\":\"ListItem\",\"position\":1,\"name\":\"Home\",\"item\":\"https:\/\/moespot.pl\/\"},{\"@type\":\"ListItem\",\"position\":2,\"name\":\"Bus Paints\"}]},{\"@type\":\"WebSite\",\"@id\":\"https:\/\/moespot.pl\/#website\",\"url\":\"https:\/\/moespot.pl\/\",\"name\":\"Moespot-Handlowy: Tile Adhesives for All Your Needs\",\"description\":\"\",\"potentialAction\":[{\"@type\":\"SearchAction\",\"target\":{\"@type\":\"EntryPoint\",\"urlTemplate\":\"https:\/\/moespot.pl\/?s={search_term_string}\"},\"query-input\":\"required name=search_term_string\"}],\"inLanguage\":\"pl-PL\"}]}<\/script>\n<!-- \/ Yoast SEO plugin. -->","yoast_head_json":{"title":"Bus Paints - Moespot-Handlowy: Tile Adhesives for All Your Needs","robots":{"index":"index","follow":"follow","max-snippet":"max-snippet:-1","max-image-preview":"max-image-preview:large","max-video-preview":"max-video-preview:-1"},"canonical":"https:\/\/moespot.pl\/pl\/bus-paints\/","og_locale":"pl_PL","og_type":"article","og_title":"Bus Paints - Moespot-Handlowy: Tile Adhesives for All Your Needs","og_description":"https:\/\/moespot.pl\/wp-content\/uploads\/2024\/05\/faq-galtech.mp4 MOESPOT HANDLOWY SP.Z.O.O We manufacture high-quality trade paint tailored to your specific requirements. We can supply bulk orders and have the capability to distribute throughout Europe. BUS PAINTS We have always had a great service from Moespot Handlowy. They deliver as promised and will always try to accommodate our various requirements. We order large [&hellip;]","og_url":"https:\/\/moespot.pl\/pl\/bus-paints\/","og_site_name":"Moespot-Handlowy: Tile Adhesives for All Your Needs","article_modified_time":"2024-06-03T07:20:06+00:00","og_image":[{"url":"https:\/\/moespot.pl\/wp-content\/uploads\/2024\/05\/1.png"}],"twitter_card":"summary_large_image","twitter_misc":{"Szacowany czas czytania":"3 minuty"},"schema":{"@context":"https:\/\/schema.org","@graph":[{"@type":"WebPage","@id":"https:\/\/moespot.pl\/bus-paints\/","url":"https:\/\/moespot.pl\/bus-paints\/","name":"Bus Paints - Moespot-Handlowy: Tile Adhesives for All Your Needs","isPartOf":{"@id":"https:\/\/moespot.pl\/#website"},"primaryImageOfPage":{"@id":"https:\/\/moespot.pl\/bus-paints\/#primaryimage"},"image":{"@id":"https:\/\/moespot.pl\/bus-paints\/#primaryimage"},"thumbnailUrl":"https:\/\/moespot.pl\/wp-content\/uploads\/2024\/05\/1.png","datePublished":"2024-05-31T04:09:56+00:00","dateModified":"2024-06-03T07:20:06+00:00","breadcrumb":{"@id":"https:\/\/moespot.pl\/bus-paints\/#breadcrumb"},"inLanguage":"pl-PL","potentialAction":[{"@type":"ReadAction","target":["https:\/\/moespot.pl\/bus-paints\/"]}]},{"@type":"ImageObject","inLanguage":"pl-PL","@id":"https:\/\/moespot.pl\/bus-paints\/#primaryimage","url":"https:\/\/moespot.pl\/wp-content\/uploads\/2024\/05\/1.png","contentUrl":"https:\/\/moespot.pl\/wp-content\/uploads\/2024\/05\/1.png"},{"@type":"BreadcrumbList","@id":"https:\/\/moespot.pl\/bus-paints\/#breadcrumb","itemListElement":[{"@type":"ListItem","position":1,"name":"Home","item":"https:\/\/moespot.pl\/"},{"@type":"ListItem","position":2,"name":"Bus Paints"}]},{"@type":"WebSite","@id":"https:\/\/moespot.pl\/#website","url":"https:\/\/moespot.pl\/","name":"Moespot-Handlowy: Tile Adhesives for All Your Needs","description":"","potentialAction":[{"@type":"SearchAction","target":{"@type":"EntryPoint","urlTemplate":"https:\/\/moespot.pl\/?s={search_term_string}"},"query-input":"required name=search_term_string"}],"inLanguage":"pl-PL"}]}},"_links":{"self":[{"href":"https:\/\/moespot.pl\/pl\/wp-json\/wp\/v2\/pages\/3960","targetHints":{"allow":["GET"]}}],"collection":[{"href":"https:\/\/moespot.pl\/pl\/wp-json\/wp\/v2\/pages"}],"about":[{"href":"https:\/\/moespot.pl\/pl\/wp-json\/wp\/v2\/types\/page"}],"author":[{"embeddable":true,"href":"https:\/\/moespot.pl\/pl\/wp-json\/wp\/v2\/users\/1"}],"replies":[{"embeddable":true,"href":"https:\/\/moespot.pl\/pl\/wp-json\/wp\/v2\/comments?post=3960"}],"version-history":[{"count":25,"href":"https:\/\/moespot.pl\/pl\/wp-json\/wp\/v2\/pages\/3960\/revisions"}],"predecessor-version":[{"id":4814,"href":"https:\/\/moespot.pl\/pl\/wp-json\/wp\/v2\/pages\/3960\/revisions\/4814"}],"wp:attachment":[{"href":"https:\/\/moespot.pl\/pl\/wp-json\/wp\/v2\/media?parent=3960"}],"curies":[{"name":"wp","href":"https:\/\/api.w.org\/{rel}","templated":true}]}}