{"id":3460,"date":"2024-05-30T06:52:06","date_gmt":"2024-05-30T06:52:06","guid":{"rendered":"https:\/\/moespot.pl\/?page_id=3460"},"modified":"2024-06-03T03:44:12","modified_gmt":"2024-06-03T03:44:12","slug":"2k-acrylic-lacquer","status":"publish","type":"page","link":"https:\/\/moespot.pl\/pl\/2k-acrylic-lacquer\/","title":{"rendered":"LAKIER AKRYLOWY 2K"},"content":{"rendered":"<div data-elementor-type=\"wp-page\" data-elementor-id=\"3460\" class=\"elementor elementor-3460\">\n\t\t\t\t<div class=\"elementor-element elementor-element-7672c53 e-flex e-con-boxed e-con e-parent\" data-id=\"7672c53\" data-element_type=\"container\">\n\t\t\t\t\t<div class=\"e-con-inner\">\n\t\t<div class=\"elementor-element elementor-element-00634a0 e-con-full hero e-flex e-con e-child\" data-id=\"00634a0\" data-element_type=\"container\">\n\t\t\t\t<div class=\"elementor-element elementor-element-49dd407 elementor-widget__width-inherit banner-video d-none elementor-widget elementor-widget-video\" data-id=\"49dd407\" data-element_type=\"widget\" data-settings=\"{&quot;video_type&quot;:&quot;hosted&quot;,&quot;autoplay&quot;:&quot;yes&quot;,&quot;play_on_mobile&quot;:&quot;yes&quot;,&quot;mute&quot;:&quot;yes&quot;,&quot;loop&quot;:&quot;yes&quot;}\" data-widget_type=\"video.default\">\n\t\t\t\t<div class=\"elementor-widget-container\">\n\t\t\t<style>\/*! elementor - v3.23.0 - 05-08-2024 *\/\n.elementor-widget-video .elementor-widget-container{overflow:hidden;transform:translateZ(0)}.elementor-widget-video .elementor-wrapper{aspect-ratio:var(--video-aspect-ratio)}.elementor-widget-video .elementor-wrapper iframe,.elementor-widget-video .elementor-wrapper video{height:100%;width:100%;display:flex;border:none;background-color:#000}@supports not (aspect-ratio:1\/1){.elementor-widget-video .elementor-wrapper{position:relative;overflow:hidden;height:0;padding-bottom:calc(100% \/ var(--video-aspect-ratio))}.elementor-widget-video .elementor-wrapper iframe,.elementor-widget-video .elementor-wrapper video{position:absolute;top:0;right:0;bottom:0;left:0}}.elementor-widget-video .elementor-open-inline .elementor-custom-embed-image-overlay{position:absolute;top:0;right:0;bottom:0;left:0;background-size:cover;background-position:50%}.elementor-widget-video .elementor-custom-embed-image-overlay{cursor:pointer;text-align:center}.elementor-widget-video .elementor-custom-embed-image-overlay:hover .elementor-custom-embed-play i{opacity:1}.elementor-widget-video .elementor-custom-embed-image-overlay img{display:block;width:100%;aspect-ratio:var(--video-aspect-ratio);-o-object-fit:cover;object-fit:cover;-o-object-position:center center;object-position:center center}@supports not (aspect-ratio:1\/1){.elementor-widget-video .elementor-custom-embed-image-overlay{position:relative;overflow:hidden;height:0;padding-bottom:calc(100% \/ var(--video-aspect-ratio))}.elementor-widget-video .elementor-custom-embed-image-overlay img{position:absolute;top:0;right:0;bottom:0;left:0}}.elementor-widget-video .e-hosted-video .elementor-video{-o-object-fit:cover;object-fit:cover}.e-con-inner>.elementor-widget-video,.e-con>.elementor-widget-video{width:var(--container-widget-width);--flex-grow:var(--container-widget-flex-grow)}<\/style>\t\t<div class=\"e-hosted-video elementor-wrapper elementor-open-inline\">\n\t\t\t\t\t<video class=\"elementor-video\" src=\"https:\/\/moespot.pl\/wp-content\/uploads\/2024\/05\/faq-galtech.mp4\" autoplay=\"\" loop=\"\" muted=\"muted\" playsinline=\"\" controlslist=\"nodownload\"><\/video>\n\t\t\t\t<\/div>\n\t\t\t\t<\/div>\n\t\t\t\t<\/div>\n\t\t\t\t<div class=\"elementor-element elementor-element-d064be0 banner-video elementor-widget elementor-widget-image\" data-id=\"d064be0\" data-element_type=\"widget\" data-widget_type=\"image.default\">\n\t\t\t\t<div class=\"elementor-widget-container\">\n\t\t\t<style>\/*! elementor - v3.23.0 - 05-08-2024 *\/\n.elementor-widget-image{text-align:center}.elementor-widget-image a{display:inline-block}.elementor-widget-image a img[src$=\".svg\"]{width:48px}.elementor-widget-image img{vertical-align:middle;display:inline-block}<\/style>\t\t\t\t\t\t\t\t\t\t<img fetchpriority=\"high\" decoding=\"async\" width=\"1600\" height=\"900\" src=\"https:\/\/moespot.pl\/wp-content\/uploads\/2024\/05\/1.png\" class=\"attachment-full size-full wp-image-859\" alt=\"\" srcset=\"https:\/\/moespot.pl\/wp-content\/uploads\/2024\/05\/1.png 1600w, https:\/\/moespot.pl\/wp-content\/uploads\/2024\/05\/1-300x169.png 300w, https:\/\/moespot.pl\/wp-content\/uploads\/2024\/05\/1-1024x576.png 1024w, https:\/\/moespot.pl\/wp-content\/uploads\/2024\/05\/1-768x432.png 768w, https:\/\/moespot.pl\/wp-content\/uploads\/2024\/05\/1-1536x864.png 1536w, https:\/\/moespot.pl\/wp-content\/uploads\/2024\/05\/1-18x10.png 18w, https:\/\/moespot.pl\/wp-content\/uploads\/2024\/05\/1-600x338.png 600w\" sizes=\"(max-width: 1600px) 100vw, 1600px\" \/>\t\t\t\t\t\t\t\t\t\t\t\t\t<\/div>\n\t\t\t\t<\/div>\n\t\t<div class=\"elementor-element elementor-element-2634234 hero-content e-flex e-con-boxed e-con e-child\" data-id=\"2634234\" data-element_type=\"container\" data-settings=\"{&quot;position&quot;:&quot;absolute&quot;,&quot;background_background&quot;:&quot;classic&quot;}\">\n\t\t\t\t\t<div class=\"e-con-inner\">\n\t\t\t\t<div class=\"elementor-element elementor-element-8708ace elementor-widget elementor-widget-heading\" data-id=\"8708ace\" data-element_type=\"widget\" data-widget_type=\"heading.default\">\n\t\t\t\t<div class=\"elementor-widget-container\">\n\t\t\t<style>\/*! elementor - v3.23.0 - 05-08-2024 *\/\n.elementor-heading-title{padding:0;margin:0;line-height:1}.elementor-widget-heading .elementor-heading-title[class*=elementor-size-]>a{color:inherit;font-size:inherit;line-height:inherit}.elementor-widget-heading .elementor-heading-title.elementor-size-small{font-size:15px}.elementor-widget-heading .elementor-heading-title.elementor-size-medium{font-size:19px}.elementor-widget-heading .elementor-heading-title.elementor-size-large{font-size:29px}.elementor-widget-heading .elementor-heading-title.elementor-size-xl{font-size:39px}.elementor-widget-heading .elementor-heading-title.elementor-size-xxl{font-size:59px}<\/style><h1 class=\"elementor-heading-title elementor-size-default\">MOESPOT HANDLOWY\nSP.Z.O.O<\/h1>\t\t<\/div>\n\t\t\t\t<\/div>\n\t\t\t\t<div class=\"elementor-element elementor-element-29b0c31 max-800 elementor-widget elementor-widget-heading\" data-id=\"29b0c31\" data-element_type=\"widget\" data-widget_type=\"heading.default\">\n\t\t\t\t<div class=\"elementor-widget-container\">\n\t\t\t<h6 class=\"elementor-heading-title elementor-size-default\">Producujemy farby handlowe wysokiej jako\u015bci dostosowane do Twoich indywidualnych potrzeb. Mo\u017cemy dostarcza\u0107 zam\u00f3wienia hurtowe i mamy mo\u017cliwo\u015b\u0107 dystrybucji na terenie ca\u0142ej Europy.\n<\/h6>\t\t<\/div>\n\t\t\t\t<\/div>\n\t\t\t\t\t<\/div>\n\t\t\t\t<\/div>\n\t\t\t\t<\/div>\n\t\t\t\t\t<\/div>\n\t\t\t\t<\/div>\n\t\t<div class=\"elementor-element elementor-element-e1aede7 e-con-full e-flex e-con e-parent\" data-id=\"e1aede7\" data-element_type=\"container\">\n\t\t<div class=\"elementor-element elementor-element-8b4db59 e-con-full e-flex e-con e-child\" data-id=\"8b4db59\" data-element_type=\"container\">\n\t\t\t\t<div class=\"elementor-element elementor-element-5af1fc4 elementor-widget__width-inherit w-100 elementor-widget elementor-widget-image\" data-id=\"5af1fc4\" data-element_type=\"widget\" data-widget_type=\"image.default\">\n\t\t\t\t<div class=\"elementor-widget-container\">\n\t\t\t\t\t\t\t\t\t\t\t\t\t<img decoding=\"async\" width=\"800\" height=\"601\" src=\"https:\/\/moespot.pl\/wp-content\/uploads\/2024\/05\/primer-hero-2-1024x769.jpg\" class=\"attachment-large size-large wp-image-3453\" alt=\"\" srcset=\"https:\/\/moespot.pl\/wp-content\/uploads\/2024\/05\/primer-hero-2-1024x769.jpg 1024w, https:\/\/moespot.pl\/wp-content\/uploads\/2024\/05\/primer-hero-2-300x225.jpg 300w, https:\/\/moespot.pl\/wp-content\/uploads\/2024\/05\/primer-hero-2-768x577.jpg 768w, https:\/\/moespot.pl\/wp-content\/uploads\/2024\/05\/primer-hero-2-16x12.jpg 16w, https:\/\/moespot.pl\/wp-content\/uploads\/2024\/05\/primer-hero-2-600x451.jpg 600w, https:\/\/moespot.pl\/wp-content\/uploads\/2024\/05\/primer-hero-2.jpg 1200w\" sizes=\"(max-width: 800px) 100vw, 800px\" \/>\t\t\t\t\t\t\t\t\t\t\t\t\t<\/div>\n\t\t\t\t<\/div>\n\t\t\t\t<\/div>\n\t\t<div class=\"elementor-element elementor-element-c922b9c e-con-full e-flex e-con e-child\" data-id=\"c922b9c\" data-element_type=\"container\">\n\t\t<div class=\"elementor-element elementor-element-0f88e76 color-text-container e-flex e-con-boxed e-con e-child\" data-id=\"0f88e76\" data-element_type=\"container\">\n\t\t\t\t\t<div class=\"e-con-inner\">\n\t\t\t\t<div class=\"elementor-element elementor-element-bd794cf elementor-widget elementor-widget-heading\" data-id=\"bd794cf\" data-element_type=\"widget\" data-widget_type=\"heading.default\">\n\t\t\t\t<div class=\"elementor-widget-container\">\n\t\t\t<h2 class=\"elementor-heading-title elementor-size-default\">LAKIER AKRYLOWY 2K<\/h2>\t\t<\/div>\n\t\t\t\t<\/div>\n\t\t\t\t<div class=\"elementor-element elementor-element-f1fd8db elementor-widget__width-initial my_id_blockquote elementor-widget elementor-widget-heading\" data-id=\"f1fd8db\" data-element_type=\"widget\" data-widget_type=\"heading.default\">\n\t\t\t\t<div class=\"elementor-widget-container\">\n\t\t\t<span class=\"elementor-heading-title elementor-size-default\">Zawsze mieli\u015bmy doskona\u0142\u0105 obs\u0142ug\u0119 ze strony Moespot Handlowy. Dostarczaj\u0105, jak obiecuj\u0105, i zawsze staraj\u0105 si\u0119 dostosowa\u0107 do naszych r\u00f3\u017cnorodnych wymaga\u0144. Zamawiamy du\u017ce ilo\u015bci regularnie i nigdy nie mieli\u015bmy problemu z jednolito\u015bci\u0105 materia\u0142\u00f3w i dopasowaniem kolor\u00f3w.<\/span>\t\t<\/div>\n\t\t\t\t<\/div>\n\t\t\t\t<div class=\"elementor-element elementor-element-191ee6f elementor-button-success elementor-tablet-align-center elementor-widget elementor-widget-button\" data-id=\"191ee6f\" data-element_type=\"widget\" data-widget_type=\"button.default\">\n\t\t\t\t<div class=\"elementor-widget-container\">\n\t\t\t\t\t<div class=\"elementor-button-wrapper\">\n\t\t\t<a class=\"elementor-button elementor-button-link elementor-size-sm\" href=\"https:\/\/moespot.pl\/index.php\/contacts\/\">\n\t\t\t\t\t\t<span class=\"elementor-button-content-wrapper\">\n\t\t\t\t\t\t\t\t\t<span class=\"elementor-button-text\">Z\u0141\u00d3\u017b ZAM\u00d3WIENIE<\/span>\n\t\t\t\t\t<\/span>\n\t\t\t\t\t<\/a>\n\t\t<\/div>\n\t\t\t\t<\/div>\n\t\t\t\t<\/div>\n\t\t\t\t\t<\/div>\n\t\t\t\t<\/div>\n\t\t\t\t<\/div>\n\t\t\t\t<\/div>\n\t\t<div class=\"elementor-element elementor-element-2ef6a13 e-flex e-con-boxed e-con e-parent\" data-id=\"2ef6a13\" data-element_type=\"container\" data-settings=\"{&quot;background_background&quot;:&quot;classic&quot;}\">\n\t\t\t\t\t<div class=\"e-con-inner\">\n\t\t<div class=\"elementor-element elementor-element-d7efe54 e-flex e-con-boxed e-con e-child\" data-id=\"d7efe54\" data-element_type=\"container\">\n\t\t\t\t\t<div class=\"e-con-inner\">\n\t\t\t\t<div class=\"elementor-element elementor-element-fe44e41 elementor-widget__width-initial elementor-widget elementor-widget-heading\" data-id=\"fe44e41\" data-element_type=\"widget\" data-widget_type=\"heading.default\">\n\t\t\t\t<div class=\"elementor-widget-container\">\n\t\t\t<h6 class=\"elementor-heading-title elementor-size-default\">2K Akryl to wysokowydajne dwusk\u0142adnikowe pow\u0142oki zgodne, sk\u0142adaj\u0105ce si\u0119 z pigmentowanej bazy modyfikowanej akrylem w po\u0142\u0105czeniu z twardnikiem na bazie polimeru izocyjanianowego. Produkt zapewnia trwa\u0142\u0105 i odporn\u0105 na dzia\u0142anie chemikali\u00f3w oraz rozpuszczalnik\u00f3w pow\u0142ok\u0119 o lustrzanym po\u0142ysku, charakteryzuj\u0105c\u0105 si\u0119 bardzo szybkim schni\u0119ciem i szybkim utwardzaniem. Przeznaczony do pokrywania pojazd\u00f3w u\u017cytkowych, przyczep, podwozi i sprz\u0119tu rolniczego, w pe\u0142ni utwardzona pow\u0142oka...<\/h6>\t\t<\/div>\n\t\t\t\t<\/div>\n\t\t\t\t<div class=\"elementor-element elementor-element-9a6be90 sub-text-underline elementor-widget elementor-widget-heading\" data-id=\"9a6be90\" data-element_type=\"widget\" data-widget_type=\"heading.default\">\n\t\t\t\t<div class=\"elementor-widget-container\">\n\t\t\t<h2 class=\"elementor-heading-title elementor-size-default\">JAK U\u017bYWA\u0106 LAKIERU AKRYLOWEGO 2K<\/h2>\t\t<\/div>\n\t\t\t\t<\/div>\n\t\t\t\t<div class=\"elementor-element elementor-element-09dd199 elementor-widget__width-initial elementor-widget elementor-widget-heading\" data-id=\"09dd199\" data-element_type=\"widget\" data-widget_type=\"heading.default\">\n\t\t\t\t<div class=\"elementor-widget-container\">\n\t\t\t<h6 class=\"elementor-heading-title elementor-size-default\">Stosunek mieszania lakieru akrylowego 2K wynosi 4:1:1. Jest on suchy w dotyku po oko\u0142o 40 - 60 minutach, mo\u017cna go obs\u0142ugiwa\u0107 po czterech - sze\u015bciu godzinach, ca\u0142kowicie wysycha po 12 godzinach i jest ca\u0142kowicie utwardzony po siedmiu dniach.<br><br>\n\nPokrycie wynosi oko\u0142o 13 - 14 metr\u00f3w kwadratowych na litr, przy grubo\u015bci suchej warstwy 50 mikron\u00f3w, w zale\u017cno\u015bci od metody aplikacji i pod\u0142o\u017ca.<br><br>\n\nPami\u0119taj, \u017ce akrylowy lakier 2K po wymieszaniu zawiera izocyjanian, co oznacza, \u017ce \u200b\u200bnale\u017cy u\u017cywa\u0107 odpowiedniego sprz\u0119tu ochronnego do oddychania.<br><br>\n\nTo zapewni\u0107 ochron\u0119 os\u00f3b rozpylaj\u0105cych i innych pracownik\u00f3w w pobli\u017cu operacji malowania, prosz\u0119 zapozna\u0107 si\u0119 z Kart\u0105 Charakterystyki Produktu przed u\u017cyciem.<br><br>\n\nTo request a quote or for more information on 2K Acrylic, please don\u2019t hesitate to contact us on +48 660 042 948 or fill in our \u2018Contact Us\u2019 form.<\/h6>\t\t<\/div>\n\t\t\t\t<\/div>\n\t\t\t\t<div class=\"elementor-element elementor-element-0519549 elementor-align-center elementor-widget elementor-widget-button\" data-id=\"0519549\" data-element_type=\"widget\" data-widget_type=\"button.default\">\n\t\t\t\t<div class=\"elementor-widget-container\">\n\t\t\t\t\t<div class=\"elementor-button-wrapper\">\n\t\t\t<a class=\"elementor-button elementor-button-link elementor-size-sm\" href=\"https:\/\/moespot.pl\/index.php\/contacts\/\">\n\t\t\t\t\t\t<span class=\"elementor-button-content-wrapper\">\n\t\t\t\t\t\t\t\t\t<span class=\"elementor-button-text\">Z\u0141\u00d3\u017b ZAM\u00d3WIENIE<\/span>\n\t\t\t\t\t<\/span>\n\t\t\t\t\t<\/a>\n\t\t<\/div>\n\t\t\t\t<\/div>\n\t\t\t\t<\/div>\n\t\t\t\t\t<\/div>\n\t\t\t\t<\/div>\n\t\t\t\t\t<\/div>\n\t\t\t\t<\/div>\n\t\t<div class=\"elementor-element elementor-element-dc8dfff e-con-full e-flex e-con e-parent\" data-id=\"dc8dfff\" data-element_type=\"container\">\n\t\t<div class=\"elementor-element elementor-element-fff78df e-con-full e-flex e-con e-child\" data-id=\"fff78df\" data-element_type=\"container\">\n\t\t<div class=\"elementor-element elementor-element-f5715a3 color-text-container2 e-flex e-con-boxed e-con e-child\" data-id=\"f5715a3\" data-element_type=\"container\">\n\t\t\t\t\t<div class=\"e-con-inner\">\n\t\t\t\t<div class=\"elementor-element elementor-element-528598b elementor-widget elementor-widget-heading\" data-id=\"528598b\" data-element_type=\"widget\" data-widget_type=\"heading.default\">\n\t\t\t\t<div class=\"elementor-widget-container\">\n\t\t\t<h2 class=\"elementor-heading-title elementor-size-default\">Z\u0141\u00d3\u017b ZAM\u00d3WIENIE<\/h2>\t\t<\/div>\n\t\t\t\t<\/div>\n\t\t\t\t<div class=\"elementor-element elementor-element-392d8b3 elementor-widget__width-initial elementor-widget elementor-widget-heading\" data-id=\"392d8b3\" data-element_type=\"widget\" data-widget_type=\"heading.default\">\n\t\t\t\t<div class=\"elementor-widget-container\">\n\t\t\t<h6 class=\"elementor-heading-title elementor-size-default\">Aby uzyska\u0107 wi\u0119cej informacji na temat naszych us\u0142ug lub produkt\u00f3w, prosimy wype\u0142ni\u0107 poni\u017cszy formularz, a cz\u0142onek naszego zespo\u0142u skontaktuje si\u0119 z Tob\u0105.<\/h6>\t\t<\/div>\n\t\t\t\t<\/div>\n\t\t\t\t<div class=\"elementor-element elementor-element-68a674e elementor-button-success elementor-tablet-align-center elementor-widget elementor-widget-button\" data-id=\"68a674e\" data-element_type=\"widget\" data-widget_type=\"button.default\">\n\t\t\t\t<div class=\"elementor-widget-container\">\n\t\t\t\t\t<div class=\"elementor-button-wrapper\">\n\t\t\t<a class=\"elementor-button elementor-button-link elementor-size-sm\" href=\"https:\/\/moespot.pl\/index.php\/contacts\/\">\n\t\t\t\t\t\t<span class=\"elementor-button-content-wrapper\">\n\t\t\t\t\t\t\t\t\t<span class=\"elementor-button-text\">Z\u0141\u00d3\u017b ZAM\u00d3WIENIE<\/span>\n\t\t\t\t\t<\/span>\n\t\t\t\t\t<\/a>\n\t\t<\/div>\n\t\t\t\t<\/div>\n\t\t\t\t<\/div>\n\t\t\t\t\t<\/div>\n\t\t\t\t<\/div>\n\t\t\t\t<\/div>\n\t\t<div class=\"elementor-element elementor-element-15fc218 e-con-full e-flex e-con e-child\" data-id=\"15fc218\" data-element_type=\"container\">\n\t\t\t\t<div class=\"elementor-element elementor-element-15e7d9b elementor-widget__width-inherit w-100 elementor-widget elementor-widget-image\" data-id=\"15e7d9b\" data-element_type=\"widget\" data-widget_type=\"image.default\">\n\t\t\t\t<div class=\"elementor-widget-container\">\n\t\t\t\t\t\t\t\t\t\t\t\t\t<img decoding=\"async\" width=\"800\" height=\"600\" src=\"https:\/\/moespot.pl\/wp-content\/uploads\/2024\/05\/Contact-Banner-Image-Compressed.jpg\" class=\"attachment-large size-large wp-image-3390\" alt=\"\" srcset=\"https:\/\/moespot.pl\/wp-content\/uploads\/2024\/05\/Contact-Banner-Image-Compressed.jpg 1000w, https:\/\/moespot.pl\/wp-content\/uploads\/2024\/05\/Contact-Banner-Image-Compressed-300x225.jpg 300w, https:\/\/moespot.pl\/wp-content\/uploads\/2024\/05\/Contact-Banner-Image-Compressed-768x576.jpg 768w, https:\/\/moespot.pl\/wp-content\/uploads\/2024\/05\/Contact-Banner-Image-Compressed-16x12.jpg 16w, https:\/\/moespot.pl\/wp-content\/uploads\/2024\/05\/Contact-Banner-Image-Compressed-600x450.jpg 600w\" sizes=\"(max-width: 800px) 100vw, 800px\" \/>\t\t\t\t\t\t\t\t\t\t\t\t\t<\/div>\n\t\t\t\t<\/div>\n\t\t\t\t<\/div>\n\t\t\t\t<\/div>\n\t\t\t\t<\/div>","protected":false},"excerpt":{"rendered":"<p>https:\/\/moespot.pl\/wp-content\/uploads\/2024\/05\/faq-galtech.mp4 MOESPOT HANDLOWY SP.Z.O.O We manufacture high-quality trade paint tailored to your specific requirements. We can supply bulk orders and have the capability to distribute throughout Europe. 2K ACRYLIC LACQUER We have always had a great service from Moespot Handlowy. They deliver as promised and will always try to accommodate our various requirements. We order [&hellip;]<\/p>","protected":false},"author":1,"featured_media":0,"parent":0,"menu_order":0,"comment_status":"closed","ping_status":"closed","template":"","meta":{"footnotes":""},"class_list":["post-3460","page","type-page","status-publish","hentry"],"yoast_head":"<!-- This site is optimized with the Yoast SEO plugin v23.3 - https:\/\/yoast.com\/wordpress\/plugins\/seo\/ -->\n<title>2K ACRYLIC LACQUER - Moespot-Handlowy: Tile Adhesives for All Your Needs<\/title>\n<meta name=\"robots\" content=\"index, follow, max-snippet:-1, max-image-preview:large, max-video-preview:-1\" \/>\n<link rel=\"canonical\" href=\"https:\/\/moespot.pl\/pl\/2k-acrylic-lacquer\/\" \/>\n<meta property=\"og:locale\" content=\"pl_PL\" \/>\n<meta property=\"og:type\" content=\"article\" \/>\n<meta property=\"og:title\" content=\"2K ACRYLIC LACQUER - Moespot-Handlowy: Tile Adhesives for All Your Needs\" \/>\n<meta property=\"og:description\" content=\"https:\/\/moespot.pl\/wp-content\/uploads\/2024\/05\/faq-galtech.mp4 MOESPOT HANDLOWY SP.Z.O.O We manufacture high-quality trade paint tailored to your specific requirements. We can supply bulk orders and have the capability to distribute throughout Europe. 2K ACRYLIC LACQUER We have always had a great service from Moespot Handlowy. They deliver as promised and will always try to accommodate our various requirements. We order [&hellip;]\" \/>\n<meta property=\"og:url\" content=\"https:\/\/moespot.pl\/pl\/2k-acrylic-lacquer\/\" \/>\n<meta property=\"og:site_name\" content=\"Moespot-Handlowy: Tile Adhesives for All Your Needs\" \/>\n<meta property=\"article:modified_time\" content=\"2024-06-03T03:44:12+00:00\" \/>\n<meta property=\"og:image\" content=\"https:\/\/moespot.pl\/wp-content\/uploads\/2024\/05\/1.png\" \/>\n<meta name=\"twitter:card\" content=\"summary_large_image\" \/>\n<meta name=\"twitter:label1\" content=\"Szacowany czas czytania\" \/>\n\t<meta name=\"twitter:data1\" content=\"2 minuty\" \/>\n<script type=\"application\/ld+json\" class=\"yoast-schema-graph\">{\"@context\":\"https:\/\/schema.org\",\"@graph\":[{\"@type\":\"WebPage\",\"@id\":\"https:\/\/moespot.pl\/2k-acrylic-lacquer\/\",\"url\":\"https:\/\/moespot.pl\/2k-acrylic-lacquer\/\",\"name\":\"2K ACRYLIC LACQUER - Moespot-Handlowy: Tile Adhesives for All Your Needs\",\"isPartOf\":{\"@id\":\"https:\/\/moespot.pl\/#website\"},\"primaryImageOfPage\":{\"@id\":\"https:\/\/moespot.pl\/2k-acrylic-lacquer\/#primaryimage\"},\"image\":{\"@id\":\"https:\/\/moespot.pl\/2k-acrylic-lacquer\/#primaryimage\"},\"thumbnailUrl\":\"https:\/\/moespot.pl\/wp-content\/uploads\/2024\/05\/1.png\",\"datePublished\":\"2024-05-30T06:52:06+00:00\",\"dateModified\":\"2024-06-03T03:44:12+00:00\",\"breadcrumb\":{\"@id\":\"https:\/\/moespot.pl\/2k-acrylic-lacquer\/#breadcrumb\"},\"inLanguage\":\"pl-PL\",\"potentialAction\":[{\"@type\":\"ReadAction\",\"target\":[\"https:\/\/moespot.pl\/2k-acrylic-lacquer\/\"]}]},{\"@type\":\"ImageObject\",\"inLanguage\":\"pl-PL\",\"@id\":\"https:\/\/moespot.pl\/2k-acrylic-lacquer\/#primaryimage\",\"url\":\"https:\/\/moespot.pl\/wp-content\/uploads\/2024\/05\/1.png\",\"contentUrl\":\"https:\/\/moespot.pl\/wp-content\/uploads\/2024\/05\/1.png\"},{\"@type\":\"BreadcrumbList\",\"@id\":\"https:\/\/moespot.pl\/2k-acrylic-lacquer\/#breadcrumb\",\"itemListElement\":[{\"@type\":\"ListItem\",\"position\":1,\"name\":\"Home\",\"item\":\"https:\/\/moespot.pl\/\"},{\"@type\":\"ListItem\",\"position\":2,\"name\":\"2K ACRYLIC LACQUER\"}]},{\"@type\":\"WebSite\",\"@id\":\"https:\/\/moespot.pl\/#website\",\"url\":\"https:\/\/moespot.pl\/\",\"name\":\"Moespot-Handlowy: Tile Adhesives for All Your Needs\",\"description\":\"\",\"potentialAction\":[{\"@type\":\"SearchAction\",\"target\":{\"@type\":\"EntryPoint\",\"urlTemplate\":\"https:\/\/moespot.pl\/?s={search_term_string}\"},\"query-input\":\"required name=search_term_string\"}],\"inLanguage\":\"pl-PL\"}]}<\/script>\n<!-- \/ Yoast SEO plugin. -->","yoast_head_json":{"title":"2K ACRYLIC LACQUER - Moespot-Handlowy: Tile Adhesives for All Your Needs","robots":{"index":"index","follow":"follow","max-snippet":"max-snippet:-1","max-image-preview":"max-image-preview:large","max-video-preview":"max-video-preview:-1"},"canonical":"https:\/\/moespot.pl\/pl\/2k-acrylic-lacquer\/","og_locale":"pl_PL","og_type":"article","og_title":"2K ACRYLIC LACQUER - Moespot-Handlowy: Tile Adhesives for All Your Needs","og_description":"https:\/\/moespot.pl\/wp-content\/uploads\/2024\/05\/faq-galtech.mp4 MOESPOT HANDLOWY SP.Z.O.O We manufacture high-quality trade paint tailored to your specific requirements. We can supply bulk orders and have the capability to distribute throughout Europe. 2K ACRYLIC LACQUER We have always had a great service from Moespot Handlowy. They deliver as promised and will always try to accommodate our various requirements. We order [&hellip;]","og_url":"https:\/\/moespot.pl\/pl\/2k-acrylic-lacquer\/","og_site_name":"Moespot-Handlowy: Tile Adhesives for All Your Needs","article_modified_time":"2024-06-03T03:44:12+00:00","og_image":[{"url":"https:\/\/moespot.pl\/wp-content\/uploads\/2024\/05\/1.png"}],"twitter_card":"summary_large_image","twitter_misc":{"Szacowany czas czytania":"2 minuty"},"schema":{"@context":"https:\/\/schema.org","@graph":[{"@type":"WebPage","@id":"https:\/\/moespot.pl\/2k-acrylic-lacquer\/","url":"https:\/\/moespot.pl\/2k-acrylic-lacquer\/","name":"2K ACRYLIC LACQUER - Moespot-Handlowy: Tile Adhesives for All Your Needs","isPartOf":{"@id":"https:\/\/moespot.pl\/#website"},"primaryImageOfPage":{"@id":"https:\/\/moespot.pl\/2k-acrylic-lacquer\/#primaryimage"},"image":{"@id":"https:\/\/moespot.pl\/2k-acrylic-lacquer\/#primaryimage"},"thumbnailUrl":"https:\/\/moespot.pl\/wp-content\/uploads\/2024\/05\/1.png","datePublished":"2024-05-30T06:52:06+00:00","dateModified":"2024-06-03T03:44:12+00:00","breadcrumb":{"@id":"https:\/\/moespot.pl\/2k-acrylic-lacquer\/#breadcrumb"},"inLanguage":"pl-PL","potentialAction":[{"@type":"ReadAction","target":["https:\/\/moespot.pl\/2k-acrylic-lacquer\/"]}]},{"@type":"ImageObject","inLanguage":"pl-PL","@id":"https:\/\/moespot.pl\/2k-acrylic-lacquer\/#primaryimage","url":"https:\/\/moespot.pl\/wp-content\/uploads\/2024\/05\/1.png","contentUrl":"https:\/\/moespot.pl\/wp-content\/uploads\/2024\/05\/1.png"},{"@type":"BreadcrumbList","@id":"https:\/\/moespot.pl\/2k-acrylic-lacquer\/#breadcrumb","itemListElement":[{"@type":"ListItem","position":1,"name":"Home","item":"https:\/\/moespot.pl\/"},{"@type":"ListItem","position":2,"name":"2K ACRYLIC LACQUER"}]},{"@type":"WebSite","@id":"https:\/\/moespot.pl\/#website","url":"https:\/\/moespot.pl\/","name":"Moespot-Handlowy: Tile Adhesives for All Your Needs","description":"","potentialAction":[{"@type":"SearchAction","target":{"@type":"EntryPoint","urlTemplate":"https:\/\/moespot.pl\/?s={search_term_string}"},"query-input":"required name=search_term_string"}],"inLanguage":"pl-PL"}]}},"_links":{"self":[{"href":"https:\/\/moespot.pl\/pl\/wp-json\/wp\/v2\/pages\/3460","targetHints":{"allow":["GET"]}}],"collection":[{"href":"https:\/\/moespot.pl\/pl\/wp-json\/wp\/v2\/pages"}],"about":[{"href":"https:\/\/moespot.pl\/pl\/wp-json\/wp\/v2\/types\/page"}],"author":[{"embeddable":true,"href":"https:\/\/moespot.pl\/pl\/wp-json\/wp\/v2\/users\/1"}],"replies":[{"embeddable":true,"href":"https:\/\/moespot.pl\/pl\/wp-json\/wp\/v2\/comments?post=3460"}],"version-history":[{"count":28,"href":"https:\/\/moespot.pl\/pl\/wp-json\/wp\/v2\/pages\/3460\/revisions"}],"predecessor-version":[{"id":4753,"href":"https:\/\/moespot.pl\/pl\/wp-json\/wp\/v2\/pages\/3460\/revisions\/4753"}],"wp:attachment":[{"href":"https:\/\/moespot.pl\/pl\/wp-json\/wp\/v2\/media?parent=3460"}],"curies":[{"name":"wp","href":"https:\/\/api.w.org\/{rel}","templated":true}]}}